{"id":101,"date":"2018-03-02T21:16:47","date_gmt":"2018-03-02T21:16:47","guid":{"rendered":"http:\/\/www.solucionesinformaticasintegrales.com\/isisoluciones\/sexolicosanonimos\/horizontal\/?page_id=101"},"modified":"2023-04-08T07:31:05","modified_gmt":"2023-04-08T02:31:05","slug":"alguien-que-estuve-ahi","status":"publish","type":"page","link":"https:\/\/www.sacolombia.com\/portal\/alguien-que-estuve-ahi\/","title":{"rendered":"Dir\u00e1 alguien que estuve ah\u00ed"},"content":{"rendered":"\n<p class=\"has-medium-font-size\">Practicar el anonimato de esta manera nos beneficia individualmente y como grupo, ya que le permite a cada miembro compartir libremente qu\u00e9 est\u00e1 pasando en realidad y protege al grupo de chismes, camarillas, divisiones, adulaci\u00f3n y otros comportamientos negativos. Por este principio mantenemos el enfoque en nosotros mismos, hablando s\u00f3lo acerca de las ideas del Programa SA tal y como las aplicamos en nuestra vida. Nos enfocamos en el mensaje, no en el mensajero. Anteponemos \u201c<strong>los principios a las personalidades<\/strong>\u201d.<br>Tambi\u00e9n practicamos el anonimato en las reuniones cuando no mencionamos nuestras ocupaciones espec\u00edficas, inclinaciones religiosas, grupos sociales, sueldo, pertenencia a otros programas de Doce Pasos u otras afiliaciones externas. Del mismo modo, si vemos a alguien en las reuniones a quien conocemos en otro contexto, respetamos su anonimato no mencionando con ellos asuntos que no tienen que ver con el Programa. As\u00ed, podemos compartir lo que est\u00e1 en nuestro coraz\u00f3n sin impedimento a causa de las etiquetas, expectativas y roles que nos identifican en nuestras vidas \u201cafuera\u201d. En la reuni\u00f3n nos sentamos como iguales, teniendo un problema com\u00fan como sex\u00f3licos, y no como personas divididas por habilidades o rangos sociales.<br>Practicamos el anonimato fuera de las reuniones cuando vemos en un lugar p\u00fablico a un compa\u00f1ero de SA. Nos abstenemos de saludarlo si la situaci\u00f3n requiere tener que explicarle a una tercera persona como es que lo conocemos. Esto es lo que proteger el anonimato quiere decir. En una situaci\u00f3n en la no se mantiene el anonimato cuando se deber\u00eda mantener, decimos que \u201chemos roto el anonimato\u201d.<br>Intentamos tambi\u00e9n practicar el anonimato en conversaciones individuales con nuestro padrino u otros amigos de confianza en SA, si es que necesitamos discutir alg\u00fan asunto que involucra a una tercera persona. Al no decir de qui\u00e9n estamos hablando mantenemos el enfoque en nosotros mismos. Al fin y al cabo, somos nosotros los que tenemos la inquietud. Ofrecemos protecci\u00f3n espiritual a la persona con la que estamos molestos y evitamos chismes y cr\u00edtica.<\/p>\n","protected":false},"excerpt":{"rendered":"<p>Practicar el anonimato de esta manera nos beneficia individualmente y como grupo, ya que le permite a cada miembro compartir libremente qu\u00e9 est\u00e1 pasando en realidad y protege al grupo de chismes, camarillas, divisiones, adulaci\u00f3n y otros comportamientos negativos. Por este principio mantenemos el enfoque en nosotros mismos, hablando s\u00f3lo acerca de las ideas del [&hellip;]<\/p>\n","protected":false},"author":4,"featured_media":0,"parent":0,"menu_order":10500,"comment_status":"closed","ping_status":"closed","template":"","meta":{"footnotes":""},"class_list":["post-101","page","type-page","status-publish","hentry"],"_links":{"self":[{"href":"https:\/\/www.sacolombia.com\/portal\/wp-json\/wp\/v2\/pages\/101","targetHints":{"allow":["GET"]}}],"collection":[{"href":"https:\/\/www.sacolombia.com\/portal\/wp-json\/wp\/v2\/pages"}],"about":[{"href":"https:\/\/www.sacolombia.com\/portal\/wp-json\/wp\/v2\/types\/page"}],"author":[{"embeddable":true,"href":"https:\/\/www.sacolombia.com\/portal\/wp-json\/wp\/v2\/users\/4"}],"replies":[{"embeddable":true,"href":"https:\/\/www.sacolombia.com\/portal\/wp-json\/wp\/v2\/comments?post=101"}],"version-history":[{"count":8,"href":"https:\/\/www.sacolombia.com\/portal\/wp-json\/wp\/v2\/pages\/101\/revisions"}],"predecessor-version":[{"id":1385,"href":"https:\/\/www.sacolombia.com\/portal\/wp-json\/wp\/v2\/pages\/101\/revisions\/1385"}],"wp:attachment":[{"href":"https:\/\/www.sacolombia.com\/portal\/wp-json\/wp\/v2\/media?parent=101"}],"curies":[{"name":"wp","href":"https:\/\/api.w.org\/{rel}","templated":true}]}}