{"id":106,"date":"2018-03-02T21:19:04","date_gmt":"2018-03-02T21:19:04","guid":{"rendered":"http:\/\/www.solucionesinformaticasintegrales.com\/isisoluciones\/sexolicosanonimos\/horizontal\/?page_id=106"},"modified":"2023-04-07T09:38:22","modified_gmt":"2023-04-07T04:38:22","slug":"es-sa-un-programa-religioso","status":"publish","type":"page","link":"https:\/\/www.sacolombia.com\/portal\/es-sa-un-programa-religioso\/","title":{"rendered":"\u00bfEs SA un programa religioso?"},"content":{"rendered":"\n<p>SA no es un programa religioso, sino un programa espiritual.<\/p>\n\n\n<div class=\"wp-block-image\">\n<figure class=\"aligncenter size-full\"><img loading=\"lazy\" decoding=\"async\" width=\"510\" height=\"340\" src=\"https:\/\/www.sacolombia.com\/portal\/wp-content\/uploads\/2018\/03\/montaje06.png\" alt=\"\" class=\"wp-image-580\" srcset=\"https:\/\/www.sacolombia.com\/portal\/wp-content\/uploads\/2018\/03\/montaje06.png 510w, https:\/\/www.sacolombia.com\/portal\/wp-content\/uploads\/2018\/03\/montaje06-300x200.png 300w\" sizes=\"auto, (max-width: 510px) 100vw, 510px\" \/><\/figure>\n<\/div>\n\n\n<p>Habla de un \u201cPoder Superior\u201d y de \u201cDios tal como nosotros lo entendemos\u201d, pero no se exige ning\u00fan tipo de creencia en Dios para ser miembro; los ateos y los agn\u00f3sticos conocer\u00e1n otras personas como ellos en este y en otros programas de recuperaci\u00f3n de doce pasos.<br>Tampoco es un problema ser creyente, de cualquier religi\u00f3n o credo. Entre nosotros hay ateos, agn\u00f3sticos, cristianos, judios, musulmanes, etc.<\/p>\n","protected":false},"excerpt":{"rendered":"<p>SA no es un programa religioso, sino un programa espiritual. Habla de un \u201cPoder Superior\u201d y de \u201cDios tal como nosotros lo entendemos\u201d, pero no se exige ning\u00fan tipo de creencia en Dios para ser miembro; los ateos y los agn\u00f3sticos conocer\u00e1n otras personas como ellos en este y en otros programas de recuperaci\u00f3n de [&hellip;]<\/p>\n","protected":false},"author":4,"featured_media":0,"parent":0,"menu_order":10600,"comment_status":"closed","ping_status":"closed","template":"","meta":{"footnotes":""},"class_list":["post-106","page","type-page","status-publish","hentry"],"_links":{"self":[{"href":"https:\/\/www.sacolombia.com\/portal\/wp-json\/wp\/v2\/pages\/106","targetHints":{"allow":["GET"]}}],"collection":[{"href":"https:\/\/www.sacolombia.com\/portal\/wp-json\/wp\/v2\/pages"}],"about":[{"href":"https:\/\/www.sacolombia.com\/portal\/wp-json\/wp\/v2\/types\/page"}],"author":[{"embeddable":true,"href":"https:\/\/www.sacolombia.com\/portal\/wp-json\/wp\/v2\/users\/4"}],"replies":[{"embeddable":true,"href":"https:\/\/www.sacolombia.com\/portal\/wp-json\/wp\/v2\/comments?post=106"}],"version-history":[{"count":7,"href":"https:\/\/www.sacolombia.com\/portal\/wp-json\/wp\/v2\/pages\/106\/revisions"}],"predecessor-version":[{"id":1347,"href":"https:\/\/www.sacolombia.com\/portal\/wp-json\/wp\/v2\/pages\/106\/revisions\/1347"}],"wp:attachment":[{"href":"https:\/\/www.sacolombia.com\/portal\/wp-json\/wp\/v2\/media?parent=106"}],"curies":[{"name":"wp","href":"https:\/\/api.w.org\/{rel}","templated":true}]}}