{"id":113,"date":"2018-03-02T21:20:13","date_gmt":"2018-03-02T21:20:13","guid":{"rendered":"http:\/\/www.solucionesinformaticasintegrales.com\/isisoluciones\/sexolicosanonimos\/horizontal\/?page_id=113"},"modified":"2023-04-09T00:17:05","modified_gmt":"2023-04-08T19:17:05","slug":"como-liberarme-si-no-dispongo-de-una-valvula-de-escape","status":"publish","type":"page","link":"https:\/\/www.sacolombia.com\/portal\/como-liberarme-si-no-dispongo-de-una-valvula-de-escape\/","title":{"rendered":"\u00bfC\u00f3mo liberarme si no dispongo de una v\u00e1lvula de escape?"},"content":{"rendered":"\n<p>Nuestra experiencia colectiva nos ense\u00f1a que la sobriedad sexual nos libera de la necesidad compulsiva de tener relaciones sexuales.<\/p>\n\n\n<div class=\"wp-block-image\">\n<figure class=\"aligncenter size-full\"><img loading=\"lazy\" decoding=\"async\" width=\"604\" height=\"340\" src=\"https:\/\/www.sacolombia.com\/portal\/wp-content\/uploads\/2018\/03\/montaje08.png\" alt=\"\" class=\"wp-image-586\" srcset=\"https:\/\/www.sacolombia.com\/portal\/wp-content\/uploads\/2018\/03\/montaje08.png 604w, https:\/\/www.sacolombia.com\/portal\/wp-content\/uploads\/2018\/03\/montaje08-300x169.png 300w\" sizes=\"auto, (max-width: 604px) 100vw, 604px\" \/><\/figure>\n<\/div>\n\n\n<p>Tratamos de colocar el instinto por la intimidad sexual en el lugar que le corresponde, esto es, para la reproducci\u00f3n y para establecer v\u00ednculos sanos con nuestro c\u00f3nyuge. Cuando renunciamos a la lujuria y a los est\u00edmulos sexuales, desaparece la necesidad obsesiva de sexo.<\/p>\n","protected":false},"excerpt":{"rendered":"<p>Nuestra experiencia colectiva nos ense\u00f1a que la sobriedad sexual nos libera de la necesidad compulsiva de tener relaciones sexuales. Tratamos de colocar el instinto por la intimidad sexual en el lugar que le corresponde, esto es, para la reproducci\u00f3n y para establecer v\u00ednculos sanos con nuestro c\u00f3nyuge. Cuando renunciamos a la lujuria y a los [&hellip;]<\/p>\n","protected":false},"author":4,"featured_media":0,"parent":0,"menu_order":10800,"comment_status":"closed","ping_status":"closed","template":"","meta":{"footnotes":""},"class_list":["post-113","page","type-page","status-publish","hentry"],"_links":{"self":[{"href":"https:\/\/www.sacolombia.com\/portal\/wp-json\/wp\/v2\/pages\/113","targetHints":{"allow":["GET"]}}],"collection":[{"href":"https:\/\/www.sacolombia.com\/portal\/wp-json\/wp\/v2\/pages"}],"about":[{"href":"https:\/\/www.sacolombia.com\/portal\/wp-json\/wp\/v2\/types\/page"}],"author":[{"embeddable":true,"href":"https:\/\/www.sacolombia.com\/portal\/wp-json\/wp\/v2\/users\/4"}],"replies":[{"embeddable":true,"href":"https:\/\/www.sacolombia.com\/portal\/wp-json\/wp\/v2\/comments?post=113"}],"version-history":[{"count":5,"href":"https:\/\/www.sacolombia.com\/portal\/wp-json\/wp\/v2\/pages\/113\/revisions"}],"predecessor-version":[{"id":1389,"href":"https:\/\/www.sacolombia.com\/portal\/wp-json\/wp\/v2\/pages\/113\/revisions\/1389"}],"wp:attachment":[{"href":"https:\/\/www.sacolombia.com\/portal\/wp-json\/wp\/v2\/media?parent=113"}],"curies":[{"name":"wp","href":"https:\/\/api.w.org\/{rel}","templated":true}]}}