{"id":117,"date":"2018-03-02T21:22:08","date_gmt":"2018-03-02T21:22:08","guid":{"rendered":"http:\/\/www.solucionesinformaticasintegrales.com\/isisoluciones\/sexolicosanonimos\/horizontal\/?page_id=117"},"modified":"2023-04-09T00:20:23","modified_gmt":"2023-04-08T19:20:23","slug":"sa-es-una-terapia-de-grupo","status":"publish","type":"page","link":"https:\/\/www.sacolombia.com\/portal\/sa-es-una-terapia-de-grupo\/","title":{"rendered":"\u00bfSA es una terapia de grupo?"},"content":{"rendered":"\n<h2 class=\"wp-block-heading\">SA no es ni una terapia de sexo ni una terapia de grupo. Son los miembros los que dirigen la reuni\u00f3n recurriendo a los modelos de reuniones de que disponemos.<br>No hay profesionales a cargo de las reuniones de SA.<\/h2>\n\n\n<div class=\"wp-block-image\">\n<figure class=\"aligncenter size-full is-resized\"><img loading=\"lazy\" decoding=\"async\" src=\"https:\/\/www.sacolombia.com\/portal\/wp-content\/uploads\/2018\/03\/meeting-1015591__340.jpg\" alt=\"\" class=\"wp-image-365\" width=\"470\" height=\"470\" srcset=\"https:\/\/www.sacolombia.com\/portal\/wp-content\/uploads\/2018\/03\/meeting-1015591__340.jpg 340w, https:\/\/www.sacolombia.com\/portal\/wp-content\/uploads\/2018\/03\/meeting-1015591__340-150x150.jpg 150w, https:\/\/www.sacolombia.com\/portal\/wp-content\/uploads\/2018\/03\/meeting-1015591__340-300x300.jpg 300w\" sizes=\"auto, (max-width: 470px) 100vw, 470px\" \/><\/figure>\n<\/div>\n\n\n<p class=\"has-text-align-center has-large-font-size\">SA es un programa de recuperaci\u00f3n de la lujuria y la adicci\u00f3n al sexo basado en los principios de Alcoh\u00f3licos An\u00f3nimos.<br>Sean cuales sean los problemas con los que llegamos a SA, disponemos de una soluci\u00f3n com\u00fan, la pr\u00e1ctica con otros sex\u00f3licos de los doce pasos y las doce tradiciones de la recuperaci\u00f3n cuyo fundamento es la sobriedad sexual.<\/p>\n","protected":false},"excerpt":{"rendered":"<p>SA no es ni una terapia de sexo ni una terapia de grupo. Son los miembros los que dirigen la reuni\u00f3n recurriendo a los modelos de reuniones de que disponemos.No hay profesionales a cargo de las reuniones de SA. SA es un programa de recuperaci\u00f3n de la lujuria y la adicci\u00f3n al sexo basado en [&hellip;]<\/p>\n","protected":false},"author":4,"featured_media":0,"parent":0,"menu_order":10900,"comment_status":"closed","ping_status":"closed","template":"","meta":{"footnotes":""},"class_list":["post-117","page","type-page","status-publish","hentry"],"_links":{"self":[{"href":"https:\/\/www.sacolombia.com\/portal\/wp-json\/wp\/v2\/pages\/117","targetHints":{"allow":["GET"]}}],"collection":[{"href":"https:\/\/www.sacolombia.com\/portal\/wp-json\/wp\/v2\/pages"}],"about":[{"href":"https:\/\/www.sacolombia.com\/portal\/wp-json\/wp\/v2\/types\/page"}],"author":[{"embeddable":true,"href":"https:\/\/www.sacolombia.com\/portal\/wp-json\/wp\/v2\/users\/4"}],"replies":[{"embeddable":true,"href":"https:\/\/www.sacolombia.com\/portal\/wp-json\/wp\/v2\/comments?post=117"}],"version-history":[{"count":9,"href":"https:\/\/www.sacolombia.com\/portal\/wp-json\/wp\/v2\/pages\/117\/revisions"}],"predecessor-version":[{"id":1392,"href":"https:\/\/www.sacolombia.com\/portal\/wp-json\/wp\/v2\/pages\/117\/revisions\/1392"}],"wp:attachment":[{"href":"https:\/\/www.sacolombia.com\/portal\/wp-json\/wp\/v2\/media?parent=117"}],"curies":[{"name":"wp","href":"https:\/\/api.w.org\/{rel}","templated":true}]}}