{"id":120,"date":"2018-03-02T21:22:09","date_gmt":"2018-03-02T21:22:09","guid":{"rendered":"http:\/\/www.solucionesinformaticasintegrales.com\/isisoluciones\/sexolicosanonimos\/horizontal\/?page_id=120"},"modified":"2023-04-09T00:24:29","modified_gmt":"2023-04-08T19:24:29","slug":"cuanto-tengo-que-pagar-para-ser-miembro","status":"publish","type":"page","link":"https:\/\/www.sacolombia.com\/portal\/cuanto-tengo-que-pagar-para-ser-miembro\/","title":{"rendered":"\u00bfCu\u00e1nto tengo que pagar para ser miembro?"},"content":{"rendered":"\n<blockquote class=\"wp-block-quote is-style-default has-blush-bordeaux-gradient-background has-background has-medium-font-size is-layout-flow wp-block-quote-is-layout-flow\" style=\"text-decoration:underline\">\n<h2 class=\"wp-block-heading has-text-align-center\" style=\"font-style:italic;font-weight:900\">Las reuniones de SA son gratuitas. Para ser miembro de SA no se pagan honorarios ni cuotas<\/h2>\n<\/blockquote>\n\n\n<div class=\"wp-block-image\">\n<figure class=\"aligncenter size-full is-resized\"><img loading=\"lazy\" decoding=\"async\" src=\"https:\/\/www.sacolombia.com\/portal\/wp-content\/uploads\/2018\/03\/montaje10.png\" alt=\"\" class=\"wp-image-592\" width=\"693\" height=\"525\" srcset=\"https:\/\/www.sacolombia.com\/portal\/wp-content\/uploads\/2018\/03\/montaje10.png 948w, https:\/\/www.sacolombia.com\/portal\/wp-content\/uploads\/2018\/03\/montaje10-300x228.png 300w, https:\/\/www.sacolombia.com\/portal\/wp-content\/uploads\/2018\/03\/montaje10-768x583.png 768w\" sizes=\"auto, (max-width: 693px) 100vw, 693px\" \/><\/figure>\n<\/div>\n\n\n<p>Pasamos una bolsa en las reuniones para pagar el alquiler del local, las publicaciones, el caf\u00e9, etc. Como afirma nuestra s\u00e9ptima tradici\u00f3n: \u201cNos mantenemos con nuestras propias aportaciones.\u201d<\/p>\n","protected":false},"excerpt":{"rendered":"<p>Las reuniones de SA son gratuitas. Para ser miembro de SA no se pagan honorarios ni cuotas Pasamos una bolsa en las reuniones para pagar el alquiler del local, las publicaciones, el caf\u00e9, etc. Como afirma nuestra s\u00e9ptima tradici\u00f3n: \u201cNos mantenemos con nuestras propias aportaciones.\u201d<\/p>\n","protected":false},"author":4,"featured_media":0,"parent":0,"menu_order":11100,"comment_status":"closed","ping_status":"closed","template":"","meta":{"footnotes":""},"class_list":["post-120","page","type-page","status-publish","hentry"],"_links":{"self":[{"href":"https:\/\/www.sacolombia.com\/portal\/wp-json\/wp\/v2\/pages\/120","targetHints":{"allow":["GET"]}}],"collection":[{"href":"https:\/\/www.sacolombia.com\/portal\/wp-json\/wp\/v2\/pages"}],"about":[{"href":"https:\/\/www.sacolombia.com\/portal\/wp-json\/wp\/v2\/types\/page"}],"author":[{"embeddable":true,"href":"https:\/\/www.sacolombia.com\/portal\/wp-json\/wp\/v2\/users\/4"}],"replies":[{"embeddable":true,"href":"https:\/\/www.sacolombia.com\/portal\/wp-json\/wp\/v2\/comments?post=120"}],"version-history":[{"count":10,"href":"https:\/\/www.sacolombia.com\/portal\/wp-json\/wp\/v2\/pages\/120\/revisions"}],"predecessor-version":[{"id":1395,"href":"https:\/\/www.sacolombia.com\/portal\/wp-json\/wp\/v2\/pages\/120\/revisions\/1395"}],"wp:attachment":[{"href":"https:\/\/www.sacolombia.com\/portal\/wp-json\/wp\/v2\/media?parent=120"}],"curies":[{"name":"wp","href":"https:\/\/api.w.org\/{rel}","templated":true}]}}