{"id":131,"date":"2018-03-02T21:24:06","date_gmt":"2018-03-02T21:24:06","guid":{"rendered":"http:\/\/www.solucionesinformaticasintegrales.com\/isisoluciones\/sexolicosanonimos\/horizontal\/?page_id=131"},"modified":"2023-04-09T00:39:53","modified_gmt":"2023-04-08T19:39:53","slug":"que-hago-a-continuacion","status":"publish","type":"page","link":"https:\/\/www.sacolombia.com\/portal\/que-hago-a-continuacion\/","title":{"rendered":"\u00bfQue hago a continuaci\u00f3n?"},"content":{"rendered":"\n<h2 class=\"wp-block-heading has-text-align-center has-luminous-vivid-orange-background-color has-background\">Ponte en contacto con SA. <\/h2>\n\n\n\n<h2 class=\"wp-block-heading has-text-align-center has-luminous-vivid-orange-background-color has-background\">Env\u00edanos un e-mail a <span style=\"text-decoration: underline;\">contacto@sacolombia.com<\/span> <\/h2>\n\n\n\n<h2 class=\"wp-block-heading has-text-align-center has-luminous-vivid-orange-background-color has-background\">Visita nuestra web: sexolicosanonimos.org<\/h2>\n\n\n\n<h2 class=\"wp-block-heading has-text-align-center has-luminous-vivid-orange-background-color has-background\">Llama al n\u00famero de tel\u00e9fono: 633 658 812<\/h2>\n\n\n<div class=\"wp-block-image\">\n<figure class=\"aligncenter size-large is-resized\"><img loading=\"lazy\" decoding=\"async\" src=\"https:\/\/www.sacolombia.com\/portal\/wp-content\/uploads\/2018\/03\/montaje12-1024x683.png\" alt=\"\" class=\"wp-image-597\" width=\"603\" height=\"402\" srcset=\"https:\/\/www.sacolombia.com\/portal\/wp-content\/uploads\/2018\/03\/montaje12-1024x683.png 1024w, https:\/\/www.sacolombia.com\/portal\/wp-content\/uploads\/2018\/03\/montaje12-300x200.png 300w, https:\/\/www.sacolombia.com\/portal\/wp-content\/uploads\/2018\/03\/montaje12-768x512.png 768w, https:\/\/www.sacolombia.com\/portal\/wp-content\/uploads\/2018\/03\/montaje12.png 1920w\" sizes=\"auto, (max-width: 603px) 100vw, 603px\" \/><\/figure>\n<\/div>\n\n\n<h2 class=\"wp-block-heading has-medium-font-size\">\u2022 Asiste a reuniones, a much\u00edsimas reuniones.<br>\u2022 Habla con otros sex\u00f3licos sobrios y preg\u00fantales c\u00f3mo alcanzaron la sobriedad.<br>\u2022 Utiliza las publicaciones del programa: los folletos, los libros \u201cSex\u00f3licos An\u00f3nimos\u201d, \u201cLa Recuperaci\u00f3n Contin\u00faa\u201d, \u201cAlcoh\u00f3licos An\u00f3nimos\u201d y \u201cLos doce pasos y las doce tradiciones\u201d. Lee el bolet\u00edn de la fraternidad \u201cEssay\u201d (<a rel=\"noreferrer noopener\" href=\"https:\/\/www.sacolombia.com\/portal\/revistas-sa\/\" target=\"_blank\">ENSAYO<\/a>).<br>\u2022 Busca un padrino o madrina \u2014alguien cuya recuperaci\u00f3n te resulte atractiva\u2014. Ll\u00e1male con regularidad \u2014a diario si es posible\u2014 y preg\u00fantale qu\u00e9 te sugiere que hagas<br><span style=\"text-decoration: underline;\">TRABAJA LOS PASOS<\/span> &#8211; Tu padrino o madrina te mostrar\u00e1n c\u00f3mo.<br>\u2022 Recurre a la oraci\u00f3n. Por la ma\u00f1ana p\u00eddele a tu Poder Superior que te mantenga sobrio \u201cdurante estas veinticuatro horas\u201d. Por la noche da las gracias por el d\u00eda de sobriedad. Ora cada vez que tengas una tentaci\u00f3n.<br>\u2022 Recuerda los lemas: o Primero, lo primero. o T\u00f3matelo con calma. o S\u00f3lo hoy. o Suelta las riendas y deja actuar a Dios o No lo compliques, que es sencillo. Recuerda que todos fuimos nuevos en alg\u00fan momento, y que nos sentimos entonces exactamente como te sientes t\u00fa hoy. No tengas reparos en pedirnos ayuda. Vente con nosotros, pues \u201cestaremos contigo en la fraternidad del esp\u00edritu, y seguramente te encontrar\u00e1s con algunos de nosotros cuando vayas por el camino que nos conduce a un destino repleto de felicidad. Que Dios te bendiga y sostenga hasta entonces.\u201d (Alcoh\u00f3licos An\u00f3nimos, cap. 11\u00ba)<\/h2>\n","protected":false},"excerpt":{"rendered":"<p>Ponte en contacto con SA. Env\u00edanos un e-mail a contacto@sacolombia.com Visita nuestra web: sexolicosanonimos.org Llama al n\u00famero de tel\u00e9fono: 633 658 812 \u2022 Asiste a reuniones, a much\u00edsimas reuniones.\u2022 Habla con otros sex\u00f3licos sobrios y preg\u00fantales c\u00f3mo alcanzaron la sobriedad.\u2022 Utiliza las publicaciones del programa: los folletos, los libros \u201cSex\u00f3licos An\u00f3nimos\u201d, \u201cLa Recuperaci\u00f3n Contin\u00faa\u201d, \u201cAlcoh\u00f3licos [&hellip;]<\/p>\n","protected":false},"author":4,"featured_media":0,"parent":0,"menu_order":11400,"comment_status":"closed","ping_status":"closed","template":"","meta":{"footnotes":""},"class_list":["post-131","page","type-page","status-publish","hentry"],"_links":{"self":[{"href":"https:\/\/www.sacolombia.com\/portal\/wp-json\/wp\/v2\/pages\/131","targetHints":{"allow":["GET"]}}],"collection":[{"href":"https:\/\/www.sacolombia.com\/portal\/wp-json\/wp\/v2\/pages"}],"about":[{"href":"https:\/\/www.sacolombia.com\/portal\/wp-json\/wp\/v2\/types\/page"}],"author":[{"embeddable":true,"href":"https:\/\/www.sacolombia.com\/portal\/wp-json\/wp\/v2\/users\/4"}],"replies":[{"embeddable":true,"href":"https:\/\/www.sacolombia.com\/portal\/wp-json\/wp\/v2\/comments?post=131"}],"version-history":[{"count":9,"href":"https:\/\/www.sacolombia.com\/portal\/wp-json\/wp\/v2\/pages\/131\/revisions"}],"predecessor-version":[{"id":1399,"href":"https:\/\/www.sacolombia.com\/portal\/wp-json\/wp\/v2\/pages\/131\/revisions\/1399"}],"wp:attachment":[{"href":"https:\/\/www.sacolombia.com\/portal\/wp-json\/wp\/v2\/media?parent=131"}],"curies":[{"name":"wp","href":"https:\/\/api.w.org\/{rel}","templated":true}]}}