{"id":135,"date":"2018-03-02T21:26:04","date_gmt":"2018-03-02T21:26:04","guid":{"rendered":"http:\/\/www.solucionesinformaticasintegrales.com\/isisoluciones\/sexolicosanonimos\/horizontal\/?page_id=135"},"modified":"2023-04-10T01:33:23","modified_gmt":"2023-04-09T20:33:23","slug":"problema-2","status":"publish","type":"page","link":"https:\/\/www.sacolombia.com\/portal\/problema-2\/","title":{"rendered":"El Problema"},"content":{"rendered":"\n<h2 class=\"wp-block-heading has-text-align-center has-large-font-size\">Muchos de nosotros nos consider\u00e1bamos inferiores, despreciables y nos sent\u00edamos asustados y solos. Lo que ve\u00edamos en nuestro interior nunca igualaba lo que ve\u00edamos en el exterior de los dem\u00e1s.<\/h2>\n\n\n\n<div class=\"wp-block-columns is-layout-flex wp-container-core-columns-is-layout-28f84493 wp-block-columns-is-layout-flex\">\n<div class=\"wp-block-column is-layout-flow wp-block-column-is-layout-flow\" style=\"flex-basis:40%\"><div class=\"wp-block-image\">\n<figure class=\"alignright size-full is-resized\"><img loading=\"lazy\" decoding=\"async\" src=\"https:\/\/www.sacolombia.com\/portal\/wp-content\/uploads\/2018\/03\/montaje15.png\" alt=\"\" class=\"wp-image-608\" width=\"244\" height=\"156\" srcset=\"https:\/\/www.sacolombia.com\/portal\/wp-content\/uploads\/2018\/03\/montaje15.png 532w, https:\/\/www.sacolombia.com\/portal\/wp-content\/uploads\/2018\/03\/montaje15-300x192.png 300w\" sizes=\"auto, (max-width: 244px) 100vw, 244px\" \/><\/figure>\n<\/div><\/div>\n\n\n\n<div class=\"wp-block-column is-layout-flow wp-block-column-is-layout-flow\" style=\"flex-basis:20%\"><\/div>\n\n\n\n<div class=\"wp-block-column is-layout-flow wp-block-column-is-layout-flow\" style=\"flex-basis:40%\"><div class=\"wp-block-image\">\n<figure class=\"alignleft size-full is-resized\"><img loading=\"lazy\" decoding=\"async\" src=\"https:\/\/www.sacolombia.com\/portal\/wp-content\/uploads\/2018\/03\/sexolicos-anonimos-subbaner-02.jpg\" alt=\"\" class=\"wp-image-208\" width=\"301\" height=\"151\"\/><\/figure>\n<\/div><\/div>\n<\/div>\n\n\n\n<h3 class=\"wp-block-heading\">Desde un principio, nos sentimos desconectados: de nuestros padres, de nuestros semejantes y de nosotros mismos. Nos aisl\u00e1bamos del mundo mediante la fantas\u00eda y la masturbaci\u00f3n. Trat\u00e1bamos de establecer alguna conexi\u00f3n sumergi\u00e9ndonos en fotos e im\u00e1genes y persiguiendo a los objetos de nuestras fantas\u00edas. Persegu\u00edamos con lujuria, y dese\u00e1bamos que se nos persiguiese con lujuria tambi\u00e9n.<br>Nos convertimos en verdaderos adictos: relaciones sexuales con nosotros mismos, promiscuidad, adulterio, relaciones de dependencia y fantas\u00eda en aumento. Consegu\u00edamos el sexo con la mirada; lo compr\u00e1bamos, lo vend\u00edamos, lo intercambi\u00e1bamos, lo regal\u00e1bamos. \u00c9ramos adictos al coqueteo, a la provocaci\u00f3n y a lo prohibido. La \u00fanica manera que conoc\u00edamos de liberarnos de la tiran\u00eda del sexo consist\u00eda en hundirnos a\u00fan m\u00e1s en \u00e9l. \u201cPor favor, relaci\u00f3nate conmigo y ll\u00e9name\u201d, implor\u00e1bamos de rodillas. A la vez que busc\u00e1bamos con lujuria tratando de lograr el estado de trance definitivo, ced\u00edamos nuestra propia voluntad a los dem\u00e1s.<br>\u00a0<br>Esto nos produc\u00eda sentimientos de culpabilidad, odio a nosotros mismos, remordimientos, vac\u00edo interior y dolor. Nos encerr\u00e1bamos cada vez m\u00e1s dentro de nosotros mismos, alejados de la realidad, del amor, y perdidos en nuestro interior.<br>Nuestra conducta imposibilitaba la verdadera intimidad. Desconoc\u00edamos lo que era la uni\u00f3n real con alguien, porque nos interesaba s\u00f3lo lo ilusorio. Nos atra\u00eda el \u201chechizo\u201d de lo f\u00edsico-sexual, el contacto que produc\u00eda efectos m\u00e1gicos; precisamente porque as\u00ed evit\u00e1bamos la intimidad y la uni\u00f3n verdadera. La fantas\u00eda corromp\u00eda lo real, la lujuria mataba al amor.<br>Primero adictos, despu\u00e9s incapaces de dar amor, recib\u00edamos de los dem\u00e1s para llenar el vac\u00edo que exist\u00eda en nuestro interior. Nos enga\u00f1\u00e1bamos una y otra vez al pensar que la siguiente persona ser\u00eda la que nos salvara, y mientras tanto, \u00edbamos desperdiciando nuestras vidas.<\/h3>\n\n\n\n<p class=\"has-text-align-right has-small-font-size\"><strong>\u00a9 1982, 1989, 2001 SA Literature. Reprinted with permission of SA Literature.<\/strong><\/p>\n","protected":false},"excerpt":{"rendered":"<p>Muchos de nosotros nos consider\u00e1bamos inferiores, despreciables y nos sent\u00edamos asustados y solos. Lo que ve\u00edamos en nuestro interior nunca igualaba lo que ve\u00edamos en el exterior de los dem\u00e1s. Desde un principio, nos sentimos desconectados: de nuestros padres, de nuestros semejantes y de nosotros mismos. Nos aisl\u00e1bamos del mundo mediante la fantas\u00eda y la [&hellip;]<\/p>\n","protected":false},"author":4,"featured_media":0,"parent":0,"menu_order":11700,"comment_status":"closed","ping_status":"closed","template":"","meta":{"footnotes":""},"class_list":["post-135","page","type-page","status-publish","hentry"],"_links":{"self":[{"href":"https:\/\/www.sacolombia.com\/portal\/wp-json\/wp\/v2\/pages\/135","targetHints":{"allow":["GET"]}}],"collection":[{"href":"https:\/\/www.sacolombia.com\/portal\/wp-json\/wp\/v2\/pages"}],"about":[{"href":"https:\/\/www.sacolombia.com\/portal\/wp-json\/wp\/v2\/types\/page"}],"author":[{"embeddable":true,"href":"https:\/\/www.sacolombia.com\/portal\/wp-json\/wp\/v2\/users\/4"}],"replies":[{"embeddable":true,"href":"https:\/\/www.sacolombia.com\/portal\/wp-json\/wp\/v2\/comments?post=135"}],"version-history":[{"count":10,"href":"https:\/\/www.sacolombia.com\/portal\/wp-json\/wp\/v2\/pages\/135\/revisions"}],"predecessor-version":[{"id":1521,"href":"https:\/\/www.sacolombia.com\/portal\/wp-json\/wp\/v2\/pages\/135\/revisions\/1521"}],"wp:attachment":[{"href":"https:\/\/www.sacolombia.com\/portal\/wp-json\/wp\/v2\/media?parent=135"}],"curies":[{"name":"wp","href":"https:\/\/api.w.org\/{rel}","templated":true}]}}