{"id":137,"date":"2018-03-02T21:26:04","date_gmt":"2018-03-02T21:26:04","guid":{"rendered":"http:\/\/www.solucionesinformaticasintegrales.com\/isisoluciones\/sexolicosanonimos\/horizontal\/?page_id=137"},"modified":"2023-04-09T01:08:18","modified_gmt":"2023-04-08T20:08:18","slug":"que-es-la-lujuria","status":"publish","type":"page","link":"https:\/\/www.sacolombia.com\/portal\/que-es-la-lujuria\/","title":{"rendered":"\u00bfQu\u00e9 es la lujuria?"},"content":{"rendered":"\n<h2 class=\"wp-block-heading has-large-font-size\">Es dif\u00edcil de explicar, pero he aqu\u00ed lo que la lujuria representa en mi vida. Es un tirano que quiere controlar el sexo en su propio provecho, a su manera y en el momento que le apetece. Es un ruido mental-espiritual que tergiversa o pervierte el sexo, de la misma manera que una interferencia ronca de radio estropea la audici\u00f3n de una melod\u00eda agradable.<\/h2>\n\n\n<div class=\"wp-block-image\">\n<figure class=\"aligncenter size-full\"><img loading=\"lazy\" decoding=\"async\" width=\"403\" height=\"340\" src=\"https:\/\/www.sacolombia.com\/portal\/wp-content\/uploads\/2018\/03\/silhouette-3120378__340.png\" alt=\"\" class=\"wp-image-385\" srcset=\"https:\/\/www.sacolombia.com\/portal\/wp-content\/uploads\/2018\/03\/silhouette-3120378__340.png 403w, https:\/\/www.sacolombia.com\/portal\/wp-content\/uploads\/2018\/03\/silhouette-3120378__340-300x253.png 300w\" sizes=\"auto, (max-width: 403px) 100vw, 403px\" \/><\/figure>\n<\/div>\n\n\n<h3 class=\"wp-block-heading has-text-align-left has-medium-font-size\"><span style=\"text-decoration: underline;\">UN PUNTO DE VISTA PERSONAL<\/span><br>La lujuria no es el sexo y no es f\u00edsica. Es una pantalla de fantas\u00eda autocondescendiente que me separa de la realidad, o de la realidad de mi persona en el acto sexual conmigo mismo, o de la realidad de mi c\u00f3nyuge. Funciona de la misma forma ya se trate de la novia, de una prostituta o de mi esposa. De esta manera niega la identidad personal, la m\u00eda o la de la otra persona, y va contra la realidad, contra mi propia realidad, va contra m\u00ed.<br>Me resulta imposible disfrutar de una uni\u00f3n aut\u00e9ntica con mi esposa en la medida en que la lujuria est\u00e9 viva, porque ella como persona no cuenta; es incluso un estorbo; es un mero objeto sexual. La verdadera unidad conmigo mismo es imposible si yo me divido en dos para tener un acto sexual conmigo mismo. El compa\u00f1ero fant\u00e1stico que he creado en mi mente en realidad \u00a1es parte de m\u00ed! Con la lujuria el acto sexual no resulta de la uni\u00f3n personal; el sexo no fluye de la uni\u00f3n. El sexo activado por la lujuria hace imposible la uni\u00f3n verdadera.<br>La naturaleza de la interferencia ruido-lujuria que yo sobrepongo al sexo puede consistir en diferentes cosas: recuerdos, fantas\u00edas que van desde lo er\u00f3tico hasta aquellas que rebosan venganza o incluso violencia. O puede tratarse de la imagen mental de un fetiche o de otra persona. A la luz de todo esto, la lujuria puede existir al margen del sexo. De hecho, hay personas que afirman que est\u00e1n obsesionadas con el sexo y que no pueden mantener relaciones sexuales. Considero la lujuria una fuerza que invade y pervierte tambi\u00e9n otros instintos: la comida, la bebida, el trabajo, la ira\u2026 Reconozco que tengo una tendencia casi lujuriosa al resentimiento, y que es tan fuerte como la lujuria lo ha sido en sus mejores momentos.<br>En mi caso, la lujuria no es f\u00edsica; incluso no es un deseo sexual m\u00e1s potente. Es una fuerza espiritual que pervierte mis instintos; y cuando me abandono en un \u00e1rea, trata de infectar tambi\u00e9n a las dem\u00e1s. Como la lujuria tiene car\u00e1cter asexual, atraviesa todas las barreras, incluso las de g\u00e9nero. Cuando las aviva la lujuria, mis fantas\u00edas o actividades pueden dispararse en cualquier direcci\u00f3n, modeladas por lo que experimento. Por ello, cuanto m\u00e1s me entrego a la lujuria, menos sexual me vuelvo.<br>Por tanto, mi problema b\u00e1sico como adicto al sexo en v\u00edas de recuperaci\u00f3n es el de vivir libre de la lujuria. Cuando la tolero en cualquiera de sus formas, m\u00e1s tarde o m\u00e1s temprano trata de manifestarse en las dem\u00e1s. De esta forma, la lujuria llega a ser el exponente, no s\u00f3lo de lo que hago, sino de lo que soy.<br>Pero hay motivos sobrados de esperanza. Al renunciar a la lujuria y a sus manifestaciones cada vez que me tienta, y al experimentar la liberaci\u00f3n dadora de vida de origen divino, se producen la recuperaci\u00f3n y la curaci\u00f3n y se me restaura la integridad- primero la verdadera unidad dentro de mi mismo y despu\u00e9s la uni\u00f3n con los otros y con la Fuente de mi vida.<\/h3>\n\n\n\n<hr class=\"wp-block-separator aligncenter has-text-color has-vivid-green-cyan-color has-alpha-channel-opacity has-vivid-green-cyan-background-color has-background is-style-wide\"\/>\n\n\n\n<h3 class=\"wp-block-heading has-text-align-right has-medium-font-size\">La Lujuria es\u2026<br>No saber decir que no<br>Encontrarse constantemente en situaciones peligrosas<br>Volver la cabeza sediento de sexo a cada paso<br>Sentirse atra\u00eddo exclusivamente por la belleza<br>Las fantas\u00edas er\u00f3ticas<br>El uso de objetos er\u00f3ticos<br>La adicci\u00f3n a la pareja como si de una droga se tratara<br>Perder la identidad por fundirse con la pareja<br>La obsesi\u00f3n con lo rom\u00e1ntico- la b\u00fasqueda del \u201cefecto m\u00e1gico\u201d<br>El deseo de excitar a la otra persona<\/h3>\n\n\n\n<hr class=\"wp-block-separator aligncenter has-text-color has-vivid-red-color has-alpha-channel-opacity has-vivid-red-background-color has-background is-style-wide\"\/>\n\n\n\n<h3 class=\"wp-block-heading has-text-align-center has-medium-font-size\"><span style=\"text-decoration: underline;\">OTRA PERSPECTIVA PERSONAL<\/span><br>La lujuria mata<br>La lujuria es la cosa m\u00e1s importante de mi vida, es m\u00e1s importante que yo.<br>Esclavo de la lujuria, me es imposible ser yo mismo.<br>La lujuria me esclaviza, mata la libertad, me mata a m\u00ed.<br>La lujuria siempre quiere m\u00e1s, la lujuria produce m\u00e1s lujuria.<br>La lujuria es celosa, quiere poseerme.<br>La lujuria hace que me obsesione conmigo mismo, hace que me encierre dentro de m\u00ed.<br>La lujuria hace que el sexo sea imposible sin ella<br>La lujuria destruye la capacidad de amar, mata al amor.<br>La lujuria elimina la capacidad de recibir amor; me mata a m\u00ed.<br>La lujuria genera sentimientos de culpa y la culpa hay que expiarla.<br>La lujuria hace que parte de m\u00ed desee la muerte, porque no puedo soportar lo que me hago a m\u00ed mismo y carezco de fuerzas para evitarlo.<br>Cada vez con m\u00e1s frecuencia, dirijo esa culpa y auto-odio hacia mi interior y hacia los dem\u00e1s.<br>La lujuria me destruye a m\u00ed y a los que me rodean.<br>La lujuria mata al esp\u00edritu; mi esp\u00edritu soy yo, \u00a1la lujuria me mata!<\/h3>\n\n\n\n<h3 class=\"wp-block-heading has-text-align-right has-small-font-size\">Copyright \u00a9 1989-2008 SA Literature Reprinted with permission of SA Literature<\/h3>\n","protected":false},"excerpt":{"rendered":"<p>Es dif\u00edcil de explicar, pero he aqu\u00ed lo que la lujuria representa en mi vida. Es un tirano que quiere controlar el sexo en su propio provecho, a su manera y en el momento que le apetece. Es un ruido mental-espiritual que tergiversa o pervierte el sexo, de la misma manera que una interferencia ronca [&hellip;]<\/p>\n","protected":false},"author":4,"featured_media":0,"parent":0,"menu_order":11900,"comment_status":"closed","ping_status":"closed","template":"","meta":{"footnotes":""},"class_list":["post-137","page","type-page","status-publish","hentry"],"_links":{"self":[{"href":"https:\/\/www.sacolombia.com\/portal\/wp-json\/wp\/v2\/pages\/137","targetHints":{"allow":["GET"]}}],"collection":[{"href":"https:\/\/www.sacolombia.com\/portal\/wp-json\/wp\/v2\/pages"}],"about":[{"href":"https:\/\/www.sacolombia.com\/portal\/wp-json\/wp\/v2\/types\/page"}],"author":[{"embeddable":true,"href":"https:\/\/www.sacolombia.com\/portal\/wp-json\/wp\/v2\/users\/4"}],"replies":[{"embeddable":true,"href":"https:\/\/www.sacolombia.com\/portal\/wp-json\/wp\/v2\/comments?post=137"}],"version-history":[{"count":9,"href":"https:\/\/www.sacolombia.com\/portal\/wp-json\/wp\/v2\/pages\/137\/revisions"}],"predecessor-version":[{"id":1409,"href":"https:\/\/www.sacolombia.com\/portal\/wp-json\/wp\/v2\/pages\/137\/revisions\/1409"}],"wp:attachment":[{"href":"https:\/\/www.sacolombia.com\/portal\/wp-json\/wp\/v2\/media?parent=137"}],"curies":[{"name":"wp","href":"https:\/\/api.w.org\/{rel}","templated":true}]}}