{"id":138,"date":"2018-03-02T21:26:04","date_gmt":"2018-03-02T21:26:04","guid":{"rendered":"http:\/\/www.solucionesinformaticasintegrales.com\/isisoluciones\/sexolicosanonimos\/horizontal\/?page_id=138"},"modified":"2023-04-09T01:22:42","modified_gmt":"2023-04-08T20:22:42","slug":"12-pasos","status":"publish","type":"page","link":"https:\/\/www.sacolombia.com\/portal\/12-pasos\/","title":{"rendered":"12 PASOS &#8211; SEX\u00d3LICOS AN\u00d3NIMOS"},"content":{"rendered":"<div class=\"wp-block-image\">\n<figure class=\"aligncenter size-full is-resized\"><img loading=\"lazy\" decoding=\"async\" src=\"https:\/\/www.sacolombia.com\/portal\/wp-content\/uploads\/2018\/03\/montaje17.png\" alt=\"\" class=\"wp-image-621\" width=\"596\" height=\"397\" srcset=\"https:\/\/www.sacolombia.com\/portal\/wp-content\/uploads\/2018\/03\/montaje17.png 960w, https:\/\/www.sacolombia.com\/portal\/wp-content\/uploads\/2018\/03\/montaje17-300x200.png 300w, https:\/\/www.sacolombia.com\/portal\/wp-content\/uploads\/2018\/03\/montaje17-768x512.png 768w\" sizes=\"auto, (max-width: 596px) 100vw, 596px\" \/><\/figure>\n<\/div>\n\n\n<ol class=\"wp-block-list\">\n<li style=\"font-style:italic;font-weight:700\">Admitimos que \u00e9ramos impotentes ante la lujuria, que nuestras vidas se hab\u00edan vuelto ingobernables.<\/li>\n\n\n\n<li style=\"font-style:italic;font-weight:700\">Llegamos al convencimiento de que s\u00f3lo un Poder Superior a nosotros mismos podr\u00eda devolvernos el sano juicio.<\/li>\n\n\n\n<li style=\"font-style:italic;font-weight:700\">Decidimos poner nuestra voluntad y nuestras vidas al cuidado de Dios tal como nosotros lo concebimos.<\/li>\n\n\n\n<li style=\"font-style:italic;font-weight:700\">Sin ning\u00fan temor, hicimos un minucioso inventario moral de nosotros mismos.<\/li>\n\n\n\n<li style=\"font-style:italic;font-weight:700\">Admitimos a Dios, a nosotros mismos y a otro ser humano la naturaleza exacta de nuestros defectos.<\/li>\n\n\n\n<li style=\"font-style:italic;font-weight:700\">Estuvimos dispuestos a dejar que Dios eliminase todos estos defectos de car\u00e1cter.<\/li>\n\n\n\n<li style=\"font-style:italic;font-weight:700\">Le pedimos humildemente que nos liberase de nuestros defectos.<\/li>\n\n\n\n<li style=\"font-style:italic;font-weight:700\">Hicimos una lista de todas las personas a las que hab\u00edamos ofendido y estuvimos dispuestos a reparar el da\u00f1o que les hab\u00edamos causado.<\/li>\n\n\n\n<li style=\"font-style:italic;font-weight:700\">Reparamos directamente a cuantos nos fue posible el da\u00f1o que les hab\u00edamos causado, salvo en aquellos casos en que el hacerlo perjudicara a ellos o a otros.<\/li>\n\n\n\n<li style=\"font-style:italic;font-weight:700\">Continuamos haciendo nuestro inventario personal y cuando nos equivoc\u00e1bamos lo admit\u00edamos inmediatamente.<\/li>\n\n\n\n<li style=\"font-style:italic;font-weight:700\">Buscamos a trav\u00e9s de la oraci\u00f3n y la meditaci\u00f3n mejorar nuestro contacto consciente con Dios tal como nosotros Lo concebimos, pidi\u00e9ndole solamente que nos permitiese conocer su voluntad para con nosotros y nos diese la fortaleza para cumplirla.<\/li>\n\n\n\n<li style=\"font-style:italic;font-weight:700\">Habiendo experimentado un despertar espiritual como resultado de estos pasos, tratamos de llevar este mensaje a los sex\u00f3licos y de practicar estos principios en todos nuestros actos.<\/li>\n<\/ol>\n\n\n\n<h3 class=\"wp-block-heading has-text-align-right has-cyan-bluish-gray-background-color has-background has-small-font-size\">The Twelve Steps and Traditions are adapted with permission of Alcoholics Anonymous World Services, Inc. (\u201cAAWS\u201d). Permission to adapt and reprint the Twelve Steps and Twelve Traditions does not mean that AAWS has approved the contents of this publication, nor that AAWS agrees with the views expressed herein. AA is a program of recovery from alcoholism only. Use of the Twelve Steps and Twelve Traditions in connection with programs which are patterned after AA, but which address other problems, or in any other non-AA context, does not imply otherwise<br><strong> SA adaptation \u00a9 1982, 1984, 1989, 2001 SA Literature. Reprinted with permission of SA Literature.<\/strong><\/h3>\n","protected":false},"excerpt":{"rendered":"<p>The Twelve Steps and Traditions are adapted with permission of Alcoholics Anonymous World Services, Inc. (\u201cAAWS\u201d). Permission to adapt and reprint the Twelve Steps and Twelve Traditions does not mean that AAWS has approved the contents of this publication, nor that AAWS agrees with the views expressed herein. AA is a program of recovery from [&hellip;]<\/p>\n","protected":false},"author":4,"featured_media":0,"parent":0,"menu_order":11900,"comment_status":"closed","ping_status":"closed","template":"","meta":{"footnotes":""},"class_list":["post-138","page","type-page","status-publish","hentry"],"_links":{"self":[{"href":"https:\/\/www.sacolombia.com\/portal\/wp-json\/wp\/v2\/pages\/138","targetHints":{"allow":["GET"]}}],"collection":[{"href":"https:\/\/www.sacolombia.com\/portal\/wp-json\/wp\/v2\/pages"}],"about":[{"href":"https:\/\/www.sacolombia.com\/portal\/wp-json\/wp\/v2\/types\/page"}],"author":[{"embeddable":true,"href":"https:\/\/www.sacolombia.com\/portal\/wp-json\/wp\/v2\/users\/4"}],"replies":[{"embeddable":true,"href":"https:\/\/www.sacolombia.com\/portal\/wp-json\/wp\/v2\/comments?post=138"}],"version-history":[{"count":10,"href":"https:\/\/www.sacolombia.com\/portal\/wp-json\/wp\/v2\/pages\/138\/revisions"}],"predecessor-version":[{"id":1421,"href":"https:\/\/www.sacolombia.com\/portal\/wp-json\/wp\/v2\/pages\/138\/revisions\/1421"}],"wp:attachment":[{"href":"https:\/\/www.sacolombia.com\/portal\/wp-json\/wp\/v2\/media?parent=138"}],"curies":[{"name":"wp","href":"https:\/\/api.w.org\/{rel}","templated":true}]}}