{"id":149,"date":"2018-03-02T21:28:21","date_gmt":"2018-03-02T21:28:21","guid":{"rendered":"http:\/\/www.solucionesinformaticasintegrales.com\/isisoluciones\/sexolicosanonimos\/horizontal\/?page_id=149"},"modified":"2023-04-09T01:42:30","modified_gmt":"2023-04-08T20:42:30","slug":"para-los-recien-llegados","status":"publish","type":"page","link":"https:\/\/www.sacolombia.com\/portal\/para-los-recien-llegados\/","title":{"rendered":"Para los reci\u00e9n llegados"},"content":{"rendered":"\n<h2 class=\"wp-block-heading has-text-align-center has-large-font-size\">Muchos de nosotros acudimos a Sex\u00f3licos An\u00f3nimos (SA) debido a que nuestros pensamientos y actividades sexuales autodestructivas nos hab\u00edan conducido a la desesperaci\u00f3n total.<\/h2>\n\n\n<div class=\"wp-block-image\">\n<figure class=\"aligncenter size-full\"><img loading=\"lazy\" decoding=\"async\" width=\"510\" height=\"340\" src=\"https:\/\/www.sacolombia.com\/portal\/wp-content\/uploads\/2018\/03\/montaje19.png\" alt=\"\" class=\"wp-image-630\" srcset=\"https:\/\/www.sacolombia.com\/portal\/wp-content\/uploads\/2018\/03\/montaje19.png 510w, https:\/\/www.sacolombia.com\/portal\/wp-content\/uploads\/2018\/03\/montaje19-300x200.png 300w\" sizes=\"auto, (max-width: 510px) 100vw, 510px\" \/><\/figure>\n<\/div>\n\n\n<h3 class=\"wp-block-heading\"><strong>\u00bfPor qu\u00e9 he de renunciar a la lujuria?<\/strong><\/h3>\n\n\n\n<h3 class=\"wp-block-heading\">En las reuniones de SA descubrimos, para sorpresa nuestra, que la lujuria era la fuerza que impulsaba nuestras pr\u00e1cticas sexuales adictivas. La lujuria sexual es un pensamiento o apetito que nos lleva a utilizarnos a nosotros mismos, a otros o a determinadas cosas con prop\u00f3sitos destructivos y egoc\u00e9ntricos.<\/h3>\n\n\n\n<h3 class=\"wp-block-heading\">La enfermedad espiritual de la lujuria nos exige est\u00edmulos sexuales en vez de lo que un Poder Superior o Dios, tal como lo entendemos, nos ofrece en ese momento. M\u00e1s tarde llegamos a comprender que lujuria es querer cualquier cosa menos lo que un Poder Superior, o Dios tal como nosotros lo entendemos, nos proporciona. En un principio nos resultaba dif\u00edcil de creer. A medida que comenz\u00e1bamos a aceptar este hecho, nos pregunt\u00e1bamos c\u00f3mo \u00edbamos a poder vivir sin lujuria. Estaba claro que ten\u00edamos que renunciar a la misma, pero a su vez dud\u00e1bamos que fuera posible la vida sin lujuria.<\/h3>\n\n\n\n<h3 class=\"wp-block-heading\">En la fraternidad de SA, conocimos a personas que hab\u00edan encontrado la forma de interrumpir sus conductas sexuales autodestructivas. Eso tambi\u00e9n nos resultaba incre\u00edble. Sin embargo, su sinceridad y la felicidad que irradiaban sus rostros nos dec\u00edan que era verdad. Hab\u00edan logrado la respuesta que con tanta desesperaci\u00f3n busc\u00e1bamos.<\/h3>\n\n\n\n<h3 class=\"wp-block-heading\"><strong>\u00bfPor qu\u00e9 no puedo \u201cdisfrutar\u201d de la lujuria, aunque sea \u201cs\u00f3lo un poquito\u201d?<\/strong><\/h3>\n\n\n\n<h3 class=\"wp-block-heading\">Desde los primeros d\u00edas de nuestra enfermedad hab\u00edamos pensado que la lujuria era nuestra amiga. La utiliz\u00e1bamos por muchas razones: para divertirnos, para tapar el dolor, para no tener que enfrentarnos a nuestros problemas. En un momento determinado nos dimos cuenta de que la lujuria se hab\u00eda convertido en un problema mayor que los problemas de los que trat\u00e1bamos de huir. La medicina se hab\u00eda convertido en un veneno. La \u201csoluci\u00f3n\u201d se hab\u00eda transformado en el problema. Hab\u00edamos perdido el control.<\/h3>\n\n\n\n<h3 class=\"wp-block-heading\">La lujuria, para nosotros, es como montarnos en una monta\u00f1a rusa en un parque de atracciones. Una vez que el veh\u00edculo se pone en marcha, es imposible parar. Por tanto, la lujuria debe ser frenada justo en su comienzo, antes del primer trago. Para liberarnos de la influencia de la lujuria, por tanto, debemos tratar de impedir que penetre en nosotros. Esto implicaba dejar de buscar emociones y riesgos. Pero, \u00bfc\u00f3mo \u00edbamos a abandonar algo que con nuestro consentimiento hab\u00eda dominado nuestra vida durante tantos a\u00f1os? \u00bfC\u00f3mo \u00edbamos a conseguir aquello que mil y una veces nos hab\u00eda resultado imposible lograr?<\/h3>\n\n\n\n<h3 class=\"wp-block-heading\">Nuestra adicci\u00f3n a la lujuria es como el problema del alcoh\u00f3lico con el alcohol. De la misma manera que el alcoh\u00f3lico no puede tolerar una gota de alcohol, los sex\u00f3licos no podemos tolerar el m\u00e1s m\u00ednimo trago de lujuria. La lujuria siempre exige m\u00e1s lujuria, hasta que al final acabamos borrachos. Una vez embriagados, el deseo de realizar conductas sexuales adictivas es imposible de resistir. Y lo que es incluso peor, la lujuria nos arrastra cada vez con m\u00e1s fuerza hacia conductas que nos hab\u00edamos prometido a nosotros mismos que nunca practicar\u00edamos. La verg\u00fcenza que estas conductas nos ocasionan a su vez nos exig\u00edan todav\u00eda m\u00e1s lujuria para taparlas. Disfrutar \u201cs\u00f3lo un poquito\u201d no funciona para sex\u00f3licos de nuestra clase.<\/h3>\n\n\n\n<h3 class=\"wp-block-heading\">&nbsp;<strong>\u00bfC\u00f3mo puedo renunciar a la lujuria?<\/strong><\/h3>\n\n\n\n<h3 class=\"wp-block-heading\">En primer lugar aceptamos el hecho de que si permit\u00edamos que la lujuria se alojara en nuestro interior ello nos llevar\u00eda a practicar alguna conducta sexual adictiva. La idea de que pod\u00edamos interrumpir nuestras conductas sexuales perjudiciales y a la vez permitir que hubiera lujuria en nuestra cabeza deber\u00eda ser superada. La conclusi\u00f3n era clar\u00edsima: ten\u00edamos que liberarnos de la lujuria si quer\u00edamos interrumpir nuestras pr\u00e1cticas sexuales adictivas.<\/h3>\n\n\n\n<h3 class=\"wp-block-heading\">En segundo lugar admitimos que no dispon\u00edamos de la fuerza necesaria para parar y que necesit\u00e1bamos un poder superior a nosotros mismos. Reconocer nuestra debilidad equivale a reconocer la necesidad del proceso de recuperaci\u00f3n de los doce pasos, del apoyo de otros miembros en recuperaci\u00f3n, y de un Poder Superior o Dios tal como nosotros lo entendemos.<\/h3>\n\n\n\n<h3 class=\"wp-block-heading\">En tercer lugar decidimos seguir el sencillo programa de recuperaci\u00f3n de SA.<\/h3>\n\n\n\n<h3 class=\"wp-block-heading\">Estos tres puntos se transformaron en las claves de nuestra progresiva victoria sobre la lujuria. Dejamos de luchar con la lujuria, comenzamos a renunciar a la misma y a ponerla en manos de nuestro Poder Superior. Una vez que superamos nuestra desesperaci\u00f3n inicial, fuimos capaces de entregarnos por completo a este programa de recuperaci\u00f3n conocido como de los doce pasos.<\/h3>\n\n\n\n<h3 class=\"wp-block-heading\"><strong>\u00bfQu\u00e9 va a ser de m\u00ed?<\/strong><\/h3>\n\n\n\n<h3 class=\"wp-block-heading\">Nosotros, los que tenemos problemas con la lujuria, conocemos a la perfecci\u00f3n qu\u00e9 efectos tiene. La lujuria es un muro que nos separa y nos impide disfrutar de relaciones satisfactorias con Dios y con la gente que nos rodea. La lujuria nos empuja y encierra, cada vez con m\u00e1s fuerza, hacia nuestro interior provocando nuestro aislamiento, soledad y desesperaci\u00f3n. Pero en la medida en la que superamos el ciclo de la lujuria al trabajar los pasos de la recuperaci\u00f3n, nuestra vida experimenta un cambio notable.<\/h3>\n\n\n\n<h3 class=\"wp-block-heading\">A medida que nos recuperamos, adquirimos un nuevo sentimiento de dignidad y nos sentimos felices por estar vivos. \u00a1Ya no tenemos que escondernos! Se quedan atr\u00e1s las mentiras y la doble vida que nos caracterizaba. A medida que desaparece el peso de la verg\u00fcenza y la culpa disponemos de mayor energ\u00eda para nuestra familia y nuestros amigos, para el trabajo y para el ocio. Nuestro rostro, que antes expresaba preocupaci\u00f3n y amargura, pasa a irradiar una vida resplandeciente de felicidad, gozo y libertad.<\/h3>\n\n\n\n<h3 class=\"wp-block-heading\"><strong>Superar las conductas lujuriosas que tenemos<\/strong><\/h3>\n\n\n\n<h3 class=\"wp-block-heading\">Nuestra experiencia personal nos ense\u00f1a que la lujuria es astuta, desconcertante y poderosa,<\/h3>\n\n\n\n<h3 class=\"wp-block-heading\">y muy paciente. En nuestra rutina cotidiana, nos planteamos c\u00f3mo vamos a poder vencer a un enemigo que nunca descansa y nunca se rinde.<\/h3>\n\n\n\n<h3 class=\"wp-block-heading\">En el pasado, cuando la lujuria llamaba a la puerta, siempre le abr\u00edamos. No ten\u00edamos otra opci\u00f3n. Pero hoy, con la recuperaci\u00f3n, tenemos otras alternativas. Disponemos de muchas herramientas que podemos emplear para mantener la puerta cerrada a la lujuria.<\/h3>\n\n\n\n<h3 class=\"wp-block-heading\"><strong>He aqu\u00ed unas cuantas:<\/strong><\/h3>\n\n\n\n<h3 class=\"wp-block-heading\">La sinceridad \u2014 Durante mucho tiempo no nos atrev\u00edamos a decirle a nadie lo que pasaba por nuestra cabeza. Los secretos permit\u00edan que nuestros pensamientos adictivos se consolidaran y aumentaran. Al decirle a otros miembros de SA lo que pens\u00e1bamos y lo que hac\u00edamos, comprobamos que disminu\u00eda gran parte del poder que sobre nosotros ejerc\u00edan. Por tanto, es conveniente que los miembros de SA sean sinceros tanto a la hora de intervenir en las reuniones como al hablar con otros miembros fuera de las mismas.<\/h3>\n\n\n\n<h3 class=\"wp-block-heading\">Evitar los disparadores o detonantes \u2014 Son muchas las cosas que pueden desencadenar la lujuria: las pel\u00edculas, las revistas, las playas y piscinas, Internet, incluso determinadas partes del peri\u00f3dico. No hay duda de que disponemos de innumerables oportunidades de satisfacer la lujuria. Un examen detenido y sincero de nuestra vida nos puede ayudar a identificar los pensamientos, personas, lugares y objetos que normalmente nos causan m\u00e1s problemas. Una vez identificados, los evitamos para reducir las oportunidades de caer en la lujuria.<\/h3>\n\n\n\n<h3 class=\"wp-block-heading\">La oraci\u00f3n \u2014 Recurrimos a todo tipo de oraciones para liberarnos de la lujuria. Una muy breve puede ser: \u201cDios m\u00edo, ay\u00fadame\u201d. Muchos de nosotros pedimos a Dios que bendiga a la persona objeto de nuestra tentaci\u00f3n. Le pedimos a Dios que le proporcione todas las cosas buenas que deseamos para nosotros mismos. Al actuar as\u00ed, dicha persona deja de ser un objeto lujurioso para convertirse en una criatura de Dios. Otra oraci\u00f3n, muy sencilla, es: \u201cDios m\u00edo, que encuentre en ti lo que busco en esa persona\u201d.<\/h3>\n\n\n\n<h3 class=\"wp-block-heading\">El apadrinamiento \u2014 Un padrino o una madrina es un miembro con m\u00e1s experiencia que nos ayuda a trabajar los doce pasos de la recuperaci\u00f3n. En teor\u00eda un padrino o madrina ha de trabajar los pasos, acudir a las reuniones y al mismo tiempo tener un padrino o madrina que a su vez le ayuda. Esta persona nos puede ayudar a utilizar los pasos para renunciar a la obsesi\u00f3n con la lujuria para as\u00ed vivir una vida equilibrada y gozosa.<br>\u00bfC\u00f3mo podemos estar seguros de que estas herramientas nos servir\u00e1n? La experiencia de miles de sex\u00f3licos en recuperaci\u00f3n nos indica que les resultan \u00fatiles en su vida, d\u00eda a d\u00eda.<\/h3>\n\n\n\n<h3 class=\"wp-block-heading\"><strong>\u00a1No perdamos la esperanza!<\/strong><\/h3>\n\n\n\n<h3 class=\"wp-block-heading\">La victoria progresiva sobre la lujuria es posible. Le pedimos ayuda a Dios, tal como nosotros lo entendemos; recibimos ayuda de la fraternidad de SA; y trabajamos los doce pasos para recuperarnos. Quien siga este plan encontrar\u00e1 sin duda un gran alivio frente a las arremetidas de la lujuria.<\/h3>\n\n\n\n<h3 class=\"wp-block-heading\">Recuerda, la lujuria no va a desaparecer de la noche a la ma\u00f1ana. Hemos de enfrentarnos a la lujuria paso a paso, d\u00eda a d\u00eda. La lujuria es tenaz; no renunciar\u00e1 f\u00e1cilmente. Nuestra experiencia, sin embargo, nos muestra que cualquier persona que padezca de sexolismo puede mejorar si est\u00e1 dispuesto a ser sincero al abordar su problema y trabaja los doce pasos y tradiciones del programa de recuperaci\u00f3n de SA. Una vida de libertad est\u00e1 al alcance de todos.<\/h3>\n\n\n\n<h3 class=\"wp-block-heading\">\u00a1Recuerda que ya no est\u00e1s solo! Hay muchas otras personas que tienen t\u00fa mismo problema pero est\u00e1n recuper\u00e1ndose y te est\u00e1n esperando para ayudarte a caminar por esa senda. Nunca m\u00e1s tienes por qu\u00e9 estar solo.<\/h3>\n\n\n\n<h1 class=\"wp-block-heading has-text-align-center has-white-color has-vivid-purple-background-color has-text-color has-background\"><strong>\u00a1Vente con nosotros!<\/strong><\/h1>\n\n\n\n<p class=\"has-text-align-right has-small-font-size\"><strong>(Traducci\u00f3n del folleto de SA \u201cWhy stop lusting?\u201d)<\/strong><\/p>\n","protected":false},"excerpt":{"rendered":"<p>Muchos de nosotros acudimos a Sex\u00f3licos An\u00f3nimos (SA) debido a que nuestros pensamientos y actividades sexuales autodestructivas nos hab\u00edan conducido a la desesperaci\u00f3n total. \u00bfPor qu\u00e9 he de renunciar a la lujuria? En las reuniones de SA descubrimos, para sorpresa nuestra, que la lujuria era la fuerza que impulsaba nuestras pr\u00e1cticas sexuales adictivas. La lujuria [&hellip;]<\/p>\n","protected":false},"author":4,"featured_media":0,"parent":0,"menu_order":12100,"comment_status":"closed","ping_status":"closed","template":"","meta":{"footnotes":""},"class_list":["post-149","page","type-page","status-publish","hentry"],"_links":{"self":[{"href":"https:\/\/www.sacolombia.com\/portal\/wp-json\/wp\/v2\/pages\/149","targetHints":{"allow":["GET"]}}],"collection":[{"href":"https:\/\/www.sacolombia.com\/portal\/wp-json\/wp\/v2\/pages"}],"about":[{"href":"https:\/\/www.sacolombia.com\/portal\/wp-json\/wp\/v2\/types\/page"}],"author":[{"embeddable":true,"href":"https:\/\/www.sacolombia.com\/portal\/wp-json\/wp\/v2\/users\/4"}],"replies":[{"embeddable":true,"href":"https:\/\/www.sacolombia.com\/portal\/wp-json\/wp\/v2\/comments?post=149"}],"version-history":[{"count":9,"href":"https:\/\/www.sacolombia.com\/portal\/wp-json\/wp\/v2\/pages\/149\/revisions"}],"predecessor-version":[{"id":1431,"href":"https:\/\/www.sacolombia.com\/portal\/wp-json\/wp\/v2\/pages\/149\/revisions\/1431"}],"wp:attachment":[{"href":"https:\/\/www.sacolombia.com\/portal\/wp-json\/wp\/v2\/media?parent=149"}],"curies":[{"name":"wp","href":"https:\/\/api.w.org\/{rel}","templated":true}]}}