{"id":153,"date":"2018-03-02T21:28:59","date_gmt":"2018-03-02T21:28:59","guid":{"rendered":"http:\/\/www.solucionesinformaticasintegrales.com\/isisoluciones\/sexolicosanonimos\/horizontal\/?page_id=153"},"modified":"2023-04-09T01:53:05","modified_gmt":"2023-04-08T20:53:05","slug":"superar-las-conductas","status":"publish","type":"page","link":"https:\/\/www.sacolombia.com\/portal\/superar-las-conductas\/","title":{"rendered":"Detener las conductas sexuales"},"content":{"rendered":"\n<h2 class=\"wp-block-heading has-text-align-center has-black-color has-vivid-purple-background-color has-text-color has-background has-x-large-font-size\">Se necesita una nueva forma de vida<\/h2>\n\n\n\n<h2 class=\"wp-block-heading\">En mi recuperaci\u00f3n temprana, pensaba que mi problema era el comportamiento sexual compulsivo. Solo necesitaba dejar de hacerlo, y mi problema estar\u00eda resuelto. S\u00ed, tal vez solo ten\u00eda que ir a una reuni\u00f3n semanal de SA (como ir a la iglesia el domingo) para obtener un poco de ayuda de otros adictos al sexo, solo lo suficiente para que descubriera c\u00f3mo detener mi propio consumo.<\/h2>\n\n\n<div class=\"wp-block-image\">\n<figure class=\"aligncenter size-full\"><img loading=\"lazy\" decoding=\"async\" width=\"510\" height=\"340\" src=\"https:\/\/www.sacolombia.com\/portal\/wp-content\/uploads\/2018\/03\/montaje21.png\" alt=\"\" class=\"wp-image-637\" srcset=\"https:\/\/www.sacolombia.com\/portal\/wp-content\/uploads\/2018\/03\/montaje21.png 510w, https:\/\/www.sacolombia.com\/portal\/wp-content\/uploads\/2018\/03\/montaje21-300x200.png 300w\" sizes=\"auto, (max-width: 510px) 100vw, 510px\" \/><\/figure>\n<\/div>\n\n\n<h2 class=\"wp-block-heading\">El primer paso lo dice claramente: &#8220;Admitimos que \u00e9ramos impotentes ante la lujuria&#8230;&#8221; No dec\u00eda que no ten\u00eda poder sobre mi comportamiento de consumo. Me dec\u00eda que mi problema era m\u00e1s profundo que eso. Era algo que se llamaba lujuria y, hasta que estuve dispuesto a renunciar a eso, mis comportamientos de consumo iban a continuar.<br>Pero, \u00bfc\u00f3mo dejar de lamentarse? \u00a1Eso parec\u00eda imposible! Quiz\u00e1s, pero dado que pod\u00eda trabajar los 12 Pasos de SA como un medio para conectarme correctamente con un Poder superior a m\u00ed, entonces Dios podr\u00eda hacer por m\u00ed lo que no podr\u00eda hacer por m\u00ed mismo. Como dicen las Promesas, &#8220;Dios podr\u00eda y lo har\u00eda si lo buscaba&#8221;. Mi parte era rendirme: entregar mi lujuria, mi voluntad y mi vida a su cuidado.<br>El Libro Blanco de SA tiene dos lecturas que se utilizan com\u00fanmente en reuniones de SA: <em>el problema<\/em> y <em>la soluci\u00f3n<\/em>. Los he le\u00eddo y los he escuchado lo suficiente, ahora algunas de las frases y oraciones se han convertido en parte de mi proceso de pensamiento &#8220;autom\u00e1tico&#8221;. Mi experiencia es que cuanto m\u00e1s se integran en mi pensamiento las palabras de la literatura de AA y SA, m\u00e1s veo la verdad de ellas y m\u00e1s me muestran lo que todav\u00eda est\u00e1 mal con mi pensamiento actual. (No me puedo imaginar a las personas que intentan trabajar en el programa sin &#8220;<em>sumergir<\/em>&#8221; continuamente sus cerebros en la literatura central del programa).<br>&#8220;<em>La soluci\u00f3n<\/em>&#8221; comienza resumiendo &#8220;<em>El problema<\/em>&#8220;: &#8220;Vimos que nuestro problema ten\u00eda tres dimensiones: la f\u00edsica, la emocional y la espiritual. La curaci\u00f3n ten\u00eda que producirse en las tres&#8221;. Conozco a personas de los programas de SA y AA que parecen satisfechas solo con la curaci\u00f3n f\u00edsica, simplemente no est\u00e1n consumiendo o bebiendo en este momento, y eso en la medida de lo posible. A veces, he estado en ese estado y no fue divertido. Le agradezco a Dios que el programa no dej\u00f3 de funcionar cuando dej\u00e9 de consumir. No, hab\u00eda mucho m\u00e1s esper\u00e1ndome cuando finalmente me entregu\u00e9 a Dios y a los Pasos de este programa.<\/h2>\n\n\n\n<h2 class=\"wp-block-heading has-text-align-center has-vivid-purple-color has-black-background-color has-text-color has-background has-x-large-font-size\">&#8220;Hab\u00edamos entrado en la luz,<br>en una nueva forma de vida&#8221;.<br>No necesitaba dejar de consumir;<br>Necesitaba una nueva forma de vida.<\/h2>\n","protected":false},"excerpt":{"rendered":"<p>Se necesita una nueva forma de vida En mi recuperaci\u00f3n temprana, pensaba que mi problema era el comportamiento sexual compulsivo. Solo necesitaba dejar de hacerlo, y mi problema estar\u00eda resuelto. S\u00ed, tal vez solo ten\u00eda que ir a una reuni\u00f3n semanal de SA (como ir a la iglesia el domingo) para obtener un poco de [&hellip;]<\/p>\n","protected":false},"author":4,"featured_media":0,"parent":0,"menu_order":12200,"comment_status":"closed","ping_status":"closed","template":"","meta":{"footnotes":""},"class_list":["post-153","page","type-page","status-publish","hentry"],"_links":{"self":[{"href":"https:\/\/www.sacolombia.com\/portal\/wp-json\/wp\/v2\/pages\/153","targetHints":{"allow":["GET"]}}],"collection":[{"href":"https:\/\/www.sacolombia.com\/portal\/wp-json\/wp\/v2\/pages"}],"about":[{"href":"https:\/\/www.sacolombia.com\/portal\/wp-json\/wp\/v2\/types\/page"}],"author":[{"embeddable":true,"href":"https:\/\/www.sacolombia.com\/portal\/wp-json\/wp\/v2\/users\/4"}],"replies":[{"embeddable":true,"href":"https:\/\/www.sacolombia.com\/portal\/wp-json\/wp\/v2\/comments?post=153"}],"version-history":[{"count":5,"href":"https:\/\/www.sacolombia.com\/portal\/wp-json\/wp\/v2\/pages\/153\/revisions"}],"predecessor-version":[{"id":1433,"href":"https:\/\/www.sacolombia.com\/portal\/wp-json\/wp\/v2\/pages\/153\/revisions\/1433"}],"wp:attachment":[{"href":"https:\/\/www.sacolombia.com\/portal\/wp-json\/wp\/v2\/media?parent=153"}],"curies":[{"name":"wp","href":"https:\/\/api.w.org\/{rel}","templated":true}]}}