{"id":165,"date":"2018-03-02T22:28:21","date_gmt":"2018-03-02T22:28:21","guid":{"rendered":"http:\/\/www.solucionesinformaticasintegrales.com\/isisoluciones\/sexolicosanonimos\/horizontal\/?page_id=165"},"modified":"2023-04-09T02:29:09","modified_gmt":"2023-04-08T21:29:09","slug":"compartir-de-miembros","status":"publish","type":"page","link":"https:\/\/www.sacolombia.com\/portal\/compartir-de-miembros\/","title":{"rendered":"Compartir de miembros"},"content":{"rendered":"\n<div class=\"wp-block-columns is-layout-flex wp-container-core-columns-is-layout-28f84493 wp-block-columns-is-layout-flex\">\n<div class=\"wp-block-column is-layout-flow wp-block-column-is-layout-flow\" style=\"flex-basis:33.33%\">\n<figure class=\"wp-block-image size-full\"><img loading=\"lazy\" decoding=\"async\" width=\"340\" height=\"340\" src=\"https:\/\/www.sacolombia.com\/portal\/wp-content\/uploads\/2018\/03\/montaje13.png\" alt=\"\" class=\"wp-image-600\" srcset=\"https:\/\/www.sacolombia.com\/portal\/wp-content\/uploads\/2018\/03\/montaje13.png 340w, https:\/\/www.sacolombia.com\/portal\/wp-content\/uploads\/2018\/03\/montaje13-150x150.png 150w, https:\/\/www.sacolombia.com\/portal\/wp-content\/uploads\/2018\/03\/montaje13-300x300.png 300w\" sizes=\"auto, (max-width: 340px) 100vw, 340px\" \/><\/figure>\n\n\n\n<p class=\"has-text-align-center\"><strong>LA LUJURIA ROM\u00c1NTICA<\/strong><br>Revista Essay, diciembre de 1996<\/p>\n<\/div>\n\n\n\n<div class=\"wp-block-column is-layout-flow wp-block-column-is-layout-flow\" style=\"flex-basis:66.66%\">\n<h3 class=\"wp-block-heading\"><strong><span style=\"text-decoration: underline;\">LA LUJURIA ROM\u00c1NTICA<\/span><\/strong><\/h3>\n\n\n\n<h3 class=\"wp-block-heading\">Como mis ojos se me iban m\u00e1s de lo deseado, comenc\u00e9 a rezar antes de que la mujer se acercara. La cosa iba mucho mejor, pero todav\u00eda no era suficiente. Adem\u00e1s de rezar por ella, el ir por la calle rezando por otras personas, -miembros del programa, compa\u00f1eros de trabajo, familiares, caminantes- el ir con actitud de dar en vez de recibir, fue lo que m\u00e1s me ayud\u00f3 a superar este problema.<\/h3>\n\n\n\n<h3 class=\"wp-block-heading\">Y entonces se manifest\u00f3 claramente la lujuria de amor rom\u00e1ntico, de intentar que una mujer llenara ese vac\u00edo que hay en m\u00ed y que s\u00f3lo Dios puede llenar.<\/h3>\n\n\n\n<h3 class=\"wp-block-heading\"><strong>\u00bfQu\u00e9 fue lo que vi?<\/strong><\/h3>\n\n\n\n<h3 class=\"wp-block-heading\">Que en lo m\u00e1s profundo de mi coraz\u00f3n nunca hab\u00eda renunciado a las relaciones de pareja, que nunca las hab\u00eda puesto en manos de Dios.<\/h3>\n\n\n\n<h3 class=\"wp-block-heading\">Sab\u00eda, a nivel intelectual, que yo ignoraba, e ignoro, qu\u00e9 es lo que es bueno para m\u00ed, que son mis ideas m\u00e1s brillantes las responsables de que yo est\u00e9 aqu\u00ed. Hice lo que me dijeron: &#8220;Pon tus relaciones de pareja en manos de Dios; deja de buscar, ponte en sus manos y cuando est\u00e9s preparado, si Dios considera que es beneficioso para ti, ya pondr\u00e1 a alguien en tu camino.<\/h3>\n\n\n\n<h3 class=\"wp-block-heading\">Deja de luchar, r\u00edndete&#8221;. Y as\u00ed lo hice. De labios hacia afuera. Pero nunca hab\u00eda renunciado de verdad a tener una pareja que un d\u00eda se convirtiera en mi novia y finalmente en mi esposa. Segu\u00eda empe\u00f1ado en que sab\u00eda lo que yo necesitaba. Segu\u00eda empe\u00f1ado en decirle a Dios lo que \u00c9l ten\u00eda que hacer por m\u00ed.<\/h3>\n\n\n\n<h3 class=\"wp-block-heading\">Para m\u00ed la hora de la verdad lleg\u00f3 cuando en una de las reuniones a las que asist\u00eda -de un programa de doce pasos &#8211; mi atenci\u00f3n se fue concentrando, poco a poco, en una mujer. Y empec\u00e9 a obsesionarme. El rezar por ella me ayudaba, &#8230;muchas veces, pero en otras ocasiones, al concentrar la atenci\u00f3n en ella, su imagen no desaparec\u00eda y las fantas\u00edas rom\u00e1nticas volv\u00edan. El admitir mi impotencia ten\u00eda las mismas consecuencias&#8230;unas veces muy bien,&#8230; otras, no tan bien. Lo mismo las oraciones del tipo &#8220;Se\u00f1or, que encuentre en ti lo que busco en ella&#8221;, etc. etc.<\/h3>\n\n\n\n<h3 class=\"wp-block-heading\">El caso es que la lujuria de amor rom\u00e1ntico se deslizaba en mi mente de una forma much\u00edsimo m\u00e1s discreta y sutil que la irrupci\u00f3n violenta y amenazadora de la lujuria sexual. Ten\u00eda que estar m\u00e1s alerta, m\u00e1s despierto. Pero eso no era todo. Faltaba algo, pero, \u00bfqu\u00e9 era?<\/h3>\n\n\n\n<h3 class=\"wp-block-heading\">Faltaba la renuncia profunda e incondicional de un paso sexto. El paso sexto nos dice que tenemos que estar dispuestos a que Dios nos elimine nuestros defectos de car\u00e1cter. Estar dispuestos significa que aceptamos vivir sin ellos, que somos capaces de concebir la vida sin orgullo, sin autocompasi\u00f3n, sin egocentrismo, etc. Renunciamos en la ra\u00edz de nuestro ser, en nuestro coraz\u00f3n, en nuestra alma. \u00a1Mucho m\u00e1s dif\u00edcil de lo que parece a simple vista! En el sexto nuestra tarea se &#8220;limita&#8221; a renunciar. En el s\u00e9ptimo a pedirle, sin exigirle; eso es lo que quiere decir humildemente. A Dios corresponde hacer el resto c\u00f3mo y cu\u00e1ndo \u00c9l lo decida.<\/h3>\n\n\n\n<h3 class=\"wp-block-heading\">\u00c9ste era el problema. Necesitaba renunciar, cada vez que apareciera una tentaci\u00f3n rom\u00e1ntica, a esa mujer, no s\u00f3lo hoy (soy un experto en guardar cartas de la baraja y en esperar a que la mujer cambie), sino para siempre. Ten\u00eda que decir una y otra vez: &#8220;Acepto vivir sin esa mujer el resto de mi vida&#8221;. Sintiera el dolor que sintiera. Por muy desgarrado que estuviera por dentro. E inmediatamente pedirle a Dios que hiciera acto de presencia, que me llenara. La Conexi\u00f3n verdadera. Pero si quer\u00eda, pero si quiero, que la presencia de Dios se mantuviera y me llenara de verdad necesitaba prolongar y profundizar ese Contacto de alguna manera. Y FUE ENTONCES CUANDO DESCUBR\u00cd QU\u00c9 NECESIDAD TAN GRANDE TEN\u00cdA DE AMAR Y QU\u00c9 LA SOLUCI\u00d3N ESTABA EN PRACTICAR ACTOS DE AMOR. &#8230; ten\u00eda que dar a alguien&#8230; rezar por alguien, hacer algo por los dem\u00e1s, ofrecerles mi atenci\u00f3n y mi afecto. (El ayudar a los nuevos produce resultados sorprendentes).<\/h3>\n\n\n\n<h3 class=\"wp-block-heading\">Revista Essay, diciembre de 1996<\/h3>\n<\/div>\n<\/div>\n\n\n\n<div class=\"wp-block-columns is-layout-flex wp-container-core-columns-is-layout-28f84493 wp-block-columns-is-layout-flex\">\n<div class=\"wp-block-column is-layout-flow wp-block-column-is-layout-flow\" style=\"flex-basis:66.66%\">\n<h3 class=\"wp-block-heading\"><strong><span style=\"text-decoration: underline;\">MIEDO Y VALOR, SE NECESITA VALOR PARA TRABAJAR EN EL PROGRAMA<\/span><\/strong><br>El miedo es normal y algo saludable. Ha permitido a los seres humanos sobrevivir y florecer. Si el miedo no fuera parte del ser humano, nuestros antepasados habr\u00edan sido comidos por leones o tigres, u otro desafortunado final, en mi propia vida yo he experimentado miedo muchas veces, comenzando a una edad temprana cuando mi padre gritaba airadamente todo el tiempo. Luego hubo figuras de autoridad como polic\u00edas y maestros. Y, por supuesto, los que me hac\u00edan bullying que siempre tuvieron un gran placer en ver al ni\u00f1o m\u00e1s peque\u00f1o convertirse en un charco de sudor cuando lo enfrentan. De hecho, estar\u00eda mintiendo si dijera que no experiment\u00e9 miedo casi a diario de una u otra forma.<br>Tambi\u00e9n, tristemente, he tenido miedo en reuniones de SA donde los miembros deber\u00edan sentirse seguros y protegidos, donde pueden bajar la guardia y ser nuestro verdadero yo. Hay miedo de contar la verdad en caso de que haya juicio, miedo a parecer d\u00e9bil o est\u00fapido, miedo a recaer, incluso miedo a contar nuestra historia en el primer paso. No hay juicio porque yo tambi\u00e9n he sido v\u00edctima de los mismos miedos. Me llev\u00f3 tres a\u00f1os escribir y dar mi primer paso porque no pod\u00eda enfrentar lo que me hab\u00eda hecho a m\u00ed mismo y a mi familia, y mucho menos contarlo a otros. Luego, cuando llegu\u00e9 al noveno paso, hacer las enmiendas, me preocupaba c\u00f3mo me afectar\u00eda tanto a m\u00ed como a los que hice las enmiendas. Estos eran todos tigres de papel porque al dar mi primer paso me llen\u00e9 de la gracia de Dios y mis compa\u00f1eros de SA me dieron su apoyo y amor. Entonces cuando hice mi noveno paso estaba preocupado de como el peso de la culpa me podr\u00eda poner aparte y de que cada persona que hice las enmiendas me perdonase.<br>Ahora, si estaba tambaleante y el miedo estaba de un lado, el valor estaba en el otro. Se necesita valor para trabajar el programa, para ser abierto y honesto. Se necesita valor para admitir nuestras fallas cuando nos sentimos d\u00e9biles y vulnerables. Se necesita el mismo valor para levantarse cuando ha ocurrido una ca\u00edda que resulta en una p\u00e9rdida de sobriedad. Pero una y otra vez veo que falta este valor y el miedo supera con creces el valor.<br>Me complace decir que he encontrado valor en m\u00ed mismo en los \u00faltimos a\u00f1os, a pesar de que he estado en el programa veinte. El primer acto de valor era renunciar a la pornograf\u00eda en todas sus formas. Esa decisi\u00f3n condujo a la instalaci\u00f3n de software de monitoreo en mi tel\u00e9fono y computadoras, y tener mi esposa como mi compa\u00f1era de responsabilidad. Necesite agallas! Lo siguiente fue admitir en las reuniones cuando reca\u00eda, siendo abierto y honesto acerca de donde estaba y no esconderme detr\u00e1s de m\u00ed medalla de sobriedad. He encontrado que una peque\u00f1a cantidad de la verdadera sobriedad es mucho m\u00e1s valiosa que la falsa sobriedad, porque mentir y ocultar solo dificulta mi conexi\u00f3n con Dios. Tambi\u00e9n encontr\u00e9 valor al admitir cuando estaba equivocado cuando suceden desacuerdos. Nuevamente, necesito valor para dejar de lado mi orgullo.<br>Para m\u00ed, reemplazar el miedo por valor es continuo y cuanto m\u00e1s practico m\u00e1s mejora mi conexi\u00f3n con mi Poder Superior. Y seamos sinceros, \u00bfno es eso de lo que todo este programa se trata?<br>Garry B.<br>Revista Essay Febrero de 2018<\/h3>\n<\/div>\n\n\n\n<div class=\"wp-block-column is-layout-flow wp-block-column-is-layout-flow\" style=\"flex-basis:33.33%\">\n<figure class=\"wp-block-image size-full\"><img loading=\"lazy\" decoding=\"async\" width=\"340\" height=\"340\" src=\"https:\/\/www.sacolombia.com\/portal\/wp-content\/uploads\/2018\/03\/montaje14.png\" alt=\"\" class=\"wp-image-601\" srcset=\"https:\/\/www.sacolombia.com\/portal\/wp-content\/uploads\/2018\/03\/montaje14.png 340w, https:\/\/www.sacolombia.com\/portal\/wp-content\/uploads\/2018\/03\/montaje14-150x150.png 150w, https:\/\/www.sacolombia.com\/portal\/wp-content\/uploads\/2018\/03\/montaje14-300x300.png 300w\" sizes=\"auto, (max-width: 340px) 100vw, 340px\" \/><\/figure>\n\n\n\n<p class=\"has-text-align-center\"><strong>MIEDO Y VALOR, SE NECESITA VALOR PARA TRABAJAR EN EL PROGRAMA<\/strong><br>Revista Essay, Febrero de 2018<\/p>\n<\/div>\n<\/div>\n","protected":false},"excerpt":{"rendered":"<p>LA LUJURIA ROM\u00c1NTICARevista Essay, diciembre de 1996 LA LUJURIA ROM\u00c1NTICA Como mis ojos se me iban m\u00e1s de lo deseado, comenc\u00e9 a rezar antes de que la mujer se acercara. La cosa iba mucho mejor, pero todav\u00eda no era suficiente. Adem\u00e1s de rezar por ella, el ir por la calle rezando por otras personas, -miembros [&hellip;]<\/p>\n","protected":false},"author":4,"featured_media":0,"parent":0,"menu_order":14000,"comment_status":"closed","ping_status":"closed","template":"","meta":{"footnotes":""},"class_list":["post-165","page","type-page","status-publish","hentry"],"_links":{"self":[{"href":"https:\/\/www.sacolombia.com\/portal\/wp-json\/wp\/v2\/pages\/165","targetHints":{"allow":["GET"]}}],"collection":[{"href":"https:\/\/www.sacolombia.com\/portal\/wp-json\/wp\/v2\/pages"}],"about":[{"href":"https:\/\/www.sacolombia.com\/portal\/wp-json\/wp\/v2\/types\/page"}],"author":[{"embeddable":true,"href":"https:\/\/www.sacolombia.com\/portal\/wp-json\/wp\/v2\/users\/4"}],"replies":[{"embeddable":true,"href":"https:\/\/www.sacolombia.com\/portal\/wp-json\/wp\/v2\/comments?post=165"}],"version-history":[{"count":10,"href":"https:\/\/www.sacolombia.com\/portal\/wp-json\/wp\/v2\/pages\/165\/revisions"}],"predecessor-version":[{"id":1442,"href":"https:\/\/www.sacolombia.com\/portal\/wp-json\/wp\/v2\/pages\/165\/revisions\/1442"}],"wp:attachment":[{"href":"https:\/\/www.sacolombia.com\/portal\/wp-json\/wp\/v2\/media?parent=165"}],"curies":[{"name":"wp","href":"https:\/\/api.w.org\/{rel}","templated":true}]}}