{"id":173,"date":"2018-03-02T22:29:37","date_gmt":"2018-03-02T22:29:37","guid":{"rendered":"http:\/\/www.solucionesinformaticasintegrales.com\/isisoluciones\/sexolicosanonimos\/horizontal\/?page_id=173"},"modified":"2023-04-09T02:44:08","modified_gmt":"2023-04-08T21:44:08","slug":"a-los-profesionales","status":"publish","type":"page","link":"https:\/\/www.sacolombia.com\/portal\/a-los-profesionales\/","title":{"rendered":"A los profesionales"},"content":{"rendered":"\n<h2 class=\"wp-block-heading has-text-align-center has-large-font-size\">Sex\u00f3licos An\u00f3nimos es una fraternidad de hombres y mujeres que comparten su mutua experiencia, fortaleza y esperanza para resolver su problema com\u00fan y ayudar a otros a recuperarse.<\/h2>\n\n\n<div class=\"wp-block-image\">\n<figure class=\"aligncenter size-full is-resized\"><img loading=\"lazy\" decoding=\"async\" src=\"https:\/\/www.sacolombia.com\/portal\/wp-content\/uploads\/2018\/03\/montaje22.png\" alt=\"\" class=\"wp-image-639\" width=\"579\" height=\"420\" srcset=\"https:\/\/www.sacolombia.com\/portal\/wp-content\/uploads\/2018\/03\/montaje22.png 960w, https:\/\/www.sacolombia.com\/portal\/wp-content\/uploads\/2018\/03\/montaje22-300x218.png 300w, https:\/\/www.sacolombia.com\/portal\/wp-content\/uploads\/2018\/03\/montaje22-768x558.png 768w\" sizes=\"auto, (max-width: 579px) 100vw, 579px\" \/><\/figure>\n<\/div>\n\n\n<h3 class=\"wp-block-heading\"><strong>\u00bfQu\u00e9 es Sex\u00f3licos An\u00f3nimos?<\/strong><\/h3>\n\n\n\n<h3 class=\"wp-block-heading\">\u2013 El \u00fanico requisito para ser miembro es el deseo de liberarse de la lujuria y de alcanzar la sobriedad sexual. Para ser miembro de SA no se pagan honorarios ni cuotas; nos mantenemos con nuestras propias aportaciones.<\/h3>\n\n\n\n<h3 class=\"wp-block-heading\">\u2013 SA no est\u00e1 vinculada a ninguna secta, confesi\u00f3n religiosa, partido pol\u00edtico, organizaci\u00f3n o instituci\u00f3n alguna; no desea intervenir en controversias; no respalda ni se opone a ninguna causa.<\/h3>\n\n\n\n<h3 class=\"wp-block-heading\">\u2013 Nuestro objetivo primordial es mantenernos sexualmente sobrios y ayudar a otros sex\u00f3licos a alcanzar la sobriedad sexual.<\/h3>\n\n\n\n<h3 class=\"wp-block-heading\">Sex\u00f3licos An\u00f3nimos es un programa de recuperaci\u00f3n basado en los principios de Alcoh\u00f3licos An\u00f3nimos.<\/h3>\n\n\n\n<h3 class=\"wp-block-heading\"><strong>Una ayuda valios\u00edsima<\/strong><\/h3>\n\n\n\n<h3 class=\"wp-block-heading\">En su trabajo como profesional, es posible que usted conozca a alguien cuya vida sea ingobernable a causa de sus pensamientos y comportamientos sexuales destructivos. Sex\u00f3licos An\u00f3nimos es un programa de recuperaci\u00f3n de doce pasos, tanto para hombres como para mujeres, basado en los principios de Alcoh\u00f3licos An\u00f3nimos. Cuando su fundamento es la sobriedad sexual y la acci\u00f3n personal, los doce pasos y las doce tradiciones de SA se convierten en el comienzo de una forma de vida totalmente nueva.<\/h3>\n\n\n\n<h3 class=\"wp-block-heading\">Los profesionales que trabajan con personas que tienen este tipo de problemas, descubrir\u00e1n que SA es un instrumento valios\u00edsimo porque complementa la labor que ellos realizan con sus clientes. No es un tratamiento o terapia de ning\u00fan g\u00e9nero. Las reuniones est\u00e1n abiertas s\u00f3lo a los que quieren interrumpir sus pensamientos o conductas sexuales autodestructivas y buscan ayuda para sus problemas a trav\u00e9s de nuestro programa de recuperaci\u00f3n.<\/h3>\n\n\n\n<h3 class=\"wp-block-heading\">Los profesionales que atienden a adictos al sexo o sex\u00f3licos comparten con Sex\u00f3licos An\u00f3nimos un mismo prop\u00f3sito com\u00fan\u2014ayudar a los sex\u00f3licos a recuperarse y a disfrutar de vidas sanas y productivas.<\/h3>\n\n\n\n<h3 class=\"wp-block-heading\"><strong>En qu\u00e9 consiste el programa<\/strong><\/h3>\n\n\n\n<h3 class=\"wp-block-heading\">SA es una fraternidad de hombres y mujeres que se ayudan mutuamente para recuperarse de la adicci\u00f3n al sexo, a la lujuria y\/o a las relaciones de pareja. Sex\u00f3licos An\u00f3nimos la fundaron personas a las que el programa de los doce pasos procedente de Alcoh\u00f3licos An\u00f3nimos les sirvi\u00f3 de instrumento de recuperaci\u00f3n cuando todo lo dem\u00e1s les hab\u00eda fallado. El prop\u00f3sito primordial de cada grupo es que sus miembros se mantengan sexualmente sobrios y ayudar a otros sex\u00f3licos a alcanzar la sobriedad sexual.<\/h3>\n\n\n\n<h3 class=\"wp-block-heading\">SA no trata los aspectos m\u00e9dicos asociados derivados del comportamiento de los adictos, sino la naturaleza compulsiva de la adicci\u00f3n y de las causas profundas que lo causan. Nuestra meta es abstenernos de consumir nuestra droga un d\u00eda a la vez. Los miembros de SA no son expertos en sexualidad ni en trastornos psicol\u00f3gicos y por lo tanto no competimos con los profesionales del tema.<\/h3>\n\n\n\n<h3 class=\"wp-block-heading\"><strong>Las reuniones<\/strong><\/h3>\n\n\n\n<h3 class=\"wp-block-heading\">Una parte muy importante del programa son las reuniones que organizan de forma aut\u00f3noma los grupos de SA. La mayor\u00eda de las reuniones est\u00e1n abiertas s\u00f3lo a aqu\u00e9llos que tienen este problema y quieren dar una oportunidad a la soluci\u00f3n que SA propone. El \u00fanico requisito para ser miembro es el deseo de liberarse de la lujuria y de alcanzar la sobriedad sexual.<\/h3>\n\n\n\n<h3 class=\"wp-block-heading\"><strong>El anonimato<\/strong><\/h3>\n\n\n\n<h3 class=\"wp-block-heading\">Lo que se dice tanto en las reuniones como en las conversaciones particulares entre los miembros es confidencial. A los miembros les preocupa mucho el anonimato debido a lo delicado que es ser adicto al sexo. Hablamos de nuestro programa de recuperaci\u00f3n pero no mencionamos los nombres de las personas que est\u00e1n en \u00e9l.<\/h3>\n\n\n\n<h3 class=\"wp-block-heading\"><strong>SA y el sexolismo<\/strong><\/h3>\n\n\n\n<h3 class=\"wp-block-heading\">Existe todav\u00eda una gran controversia sobre qu\u00e9 es lo que constituye la naturaleza de la adicci\u00f3n al sexo. Muchos profesionales sostienen que no existe y otros temen que el calificativo de adicci\u00f3n pueda confundir o perjudicar a sus clientes. Parece ser que las investigaciones recientes indican que el concepto de adicci\u00f3n est\u00e1 evolucionando.<\/h3>\n\n\n\n<h3 class=\"wp-block-heading\">Hablamos de lo que nos ense\u00f1a nuestra experiencia en la recuperaci\u00f3n. En muchos aspectos nos identificamos enormemente con los alcoh\u00f3licos y drogadictos. Esto significa que en nuestras actividades sexuales o cuando estamos bajo la influencia de la lujuria experimentamos un cambio de personalidad que nos lleva a seguir practicando conductas da\u00f1inas o peligrosas a pesar de las consecuencias negativas que nos acarrean. Es por eso por lo que nos llamamos \u201cborrachos del sexo\u201d o \u201csex\u00f3licos\u201d. Al igual que los alcoh\u00f3licos, que son impotentes ante el alcohol, nosotros no podemos parar una vez que entramos en contacto con la lujuria. La lujuria, para nosotros, puede incluir cualquier tipo de conducta sexual. La lujuria tambi\u00e9n puede consistir en un estado mental en el que la fantas\u00eda desplaza nuestro sentido de la realidad y en el cual un intenso deseo nos obliga a modelar el mundo de acuerdo con nuestros propios deseos internos.<\/h3>\n\n\n\n<h3 class=\"wp-block-heading\">Algunas de las caracter\u00edsticas m\u00e1s comunes de los sex\u00f3licos, tanto hombres como mujeres, son: el aislamiento, la depresi\u00f3n, la culpa y un sentimiento profundo de vac\u00edo. Entre nuestras conductas m\u00e1s comunes figuran las fantas\u00edas sobre el sexo y otros deseos egoc\u00e9ntricos, las relaciones de codependencia perjudiciales, la masturbaci\u00f3n compulsiva, el uso de pornograf\u00eda, Internet incluida, las relaciones sexuales promiscuas, el adulterio, las conductas exhibicionistas, los abusos sexuales sin tener en cuenta las consecuencias legales.<\/h3>\n\n\n\n<h3 class=\"wp-block-heading\">Nuestra experiencia nos dice que no podemos recuperarnos de verdad si no nos reunimos con otros sex\u00f3licos y si no aceptamos su ayuda. Que debemos primero interrumpir nuestras pr\u00e1cticas sexuales adictivas en todas y cada una de sus formas y buscar una soluci\u00f3n espiritual para nuestro problema. Que debemos examinar con minuciosidad nuestro car\u00e1cter e ir cambiando, de forma progresiva, esos patrones de conducta que nos obligan a recurrir a las fantas\u00edas y a las conductas sexuales perjudiciales antes que nada. Nuestro objetivo es curarnos de toda una vida de pensamientos y conductas que no podemos calificar de sanos. Nuestra experiencia nos ense\u00f1a que la participaci\u00f3n en el programa de Sex\u00f3licos An\u00f3nimos puede ser un buen complemento al trabajo que usted desarrolla con sus clientes que sufren compulsiones sexuales.<\/h3>\n\n\n\n<h3 class=\"wp-block-heading\"><strong>Lo que algunos profesionales han descubierto<\/strong><\/h3>\n\n\n\n<h3 class=\"wp-block-heading\">Naturalmente puede haber cierto escepticismo en cuanto a la necesidad, o a la viabilidad de un programa de recuperaci\u00f3n de adicci\u00f3n al sexo. Sin embargo, cada vez es mayor el n\u00famero de psicoterapeutas, cl\u00e9rigos, m\u00e9dicos, profesionales de la salud, y personas que ayudan a los sex\u00f3licos que descubren que este tipo de programas ofrece a sus clientes una ayuda y un apoyo \u00fanico que s\u00f3lo un programa basado en los doce pasos puede proporcionar.<\/h3>\n\n\n\n<h3 class=\"wp-block-heading\">El transmitir nuestra experiencia a los que son como nosotros constituye el beneficio singular que nos proporciona el programa de Sex\u00f3licos An\u00f3nimos.<\/h3>\n\n\n\n<hr class=\"wp-block-separator has-text-color has-black-color has-alpha-channel-opacity has-black-background-color has-background is-style-wide\"\/>\n\n\n\n<hr class=\"wp-block-separator has-text-color has-black-color has-alpha-channel-opacity has-black-background-color has-background is-style-wide\"\/>\n\n\n\n<h3 class=\"wp-block-heading\">Algunas objeciones muy comunes a SA<\/h3>\n\n\n\n<h3 class=\"wp-block-heading\"><strong>\u00bfQu\u00e9 quiere decir eso de tener una adicci\u00f3n?<\/strong><\/h3>\n\n\n\n<h3 class=\"wp-block-heading\">Con independencia de que se califique de problema, desorden compulsivo o adicci\u00f3n, los efectos destructivos que tiene siguen siendo los mismos. En el programa de Sex\u00f3licos An\u00f3nimos no nos dedicamos a analizar la causa de nuestras conductas o de nuestras actitudes. Nos centramos en las soluciones a las conductas que nos causan problemas.<\/h3>\n\n\n\n<h3 class=\"wp-block-heading\"><strong>\u201cEs demasiado religioso\u201d<\/strong><\/h3>\n\n\n\n<h3 class=\"wp-block-heading\">SA no es un programa religioso, sino un programa espiritual. Habla de un \u201cPoder Superior\u201d y de \u201cDios tal como nosotros lo entendemos\u201d, pero no se exige ning\u00fan tipo de creencia en Dios para ser miembro; los ateos y los agn\u00f3sticos conocer\u00e1n otras personas como ellos en este y en otros programas de recuperaci\u00f3n de doce pasos.<\/h3>\n\n\n\n<h3 class=\"wp-block-heading\"><strong>\u201cNo quiero que se me asocie a gente enferma como esa. Tengo que tener cuidado con mi reputaci\u00f3n\u201d<\/strong><\/h3>\n\n\n\n<h3 class=\"wp-block-heading\">Los miembros de SA proceden de todos los ambientes, desde el m\u00e1s lujoso al m\u00e1s pobre. Aunque nuestras conductas adictivas puedan diferir, la ingobernabilidad y los efectos negativos, que siempre van a m\u00e1s, se producen en m\u00faltiples \u00e1reas de nuestras vidas (personal, familiar, conyugal, legal, financiera, profesional y espiritual) y son devastadores.<\/h3>\n\n\n\n<h3 class=\"wp-block-heading\"><strong>\u201cSi tengo que hablar de este problema con otras personas, preferir\u00eda morirme\u201d<\/strong><\/h3>\n\n\n\n<h3 class=\"wp-block-heading\">Hablar en las reuniones de SA no es obligatorio. Los secretos y el aislamiento lo \u00fanico que hacen es perpetuar y agravar nuestros problemas. \u201cEl abrir brecha con nuestras debilidades\u201d nos mantiene en el camino de la recuperaci\u00f3n.<\/h3>\n\n\n\n<h3 class=\"wp-block-heading\"><strong>La primera reuni\u00f3n de SA<\/strong><\/h3>\n\n\n\n<h3 class=\"wp-block-heading\">Cuando los profesionales recomienden SA a sus pacientes, es conveniente que les propongan asistir al menos a seis reuniones.<\/h3>\n\n\n\n<h3 class=\"wp-block-heading\">Sugerimos a los reci\u00e9n llegados que se identifiquen por sus nombres, sin mencionar los apellidos, ante los dem\u00e1s al comienzo de la reuni\u00f3n. En las reuniones, los miembros transmiten su experiencia, fortaleza y esperanza. El trato con los miembros antes, despu\u00e9s y entre las reuniones es una parte importante de nuestra recuperaci\u00f3n.<\/h3>\n\n\n\n<h3 class=\"wp-block-heading\">Recomendamos al reci\u00e9n llegado que le pida a alg\u00fan miembro que le apadrine temporalmente. La mayor\u00eda vienen cargados de preguntas. El padrino o la madrina podr\u00e1n responderlas y explicarle que otros han tenido las mismas dudas y miedos a la hora de dar el primer paso hacia su recuperaci\u00f3n.<\/h3>\n","protected":false},"excerpt":{"rendered":"<p>Sex\u00f3licos An\u00f3nimos es una fraternidad de hombres y mujeres que comparten su mutua experiencia, fortaleza y esperanza para resolver su problema com\u00fan y ayudar a otros a recuperarse. \u00bfQu\u00e9 es Sex\u00f3licos An\u00f3nimos? \u2013 El \u00fanico requisito para ser miembro es el deseo de liberarse de la lujuria y de alcanzar la sobriedad sexual. Para ser [&hellip;]<\/p>\n","protected":false},"author":4,"featured_media":0,"parent":0,"menu_order":15100,"comment_status":"closed","ping_status":"closed","template":"","meta":{"footnotes":""},"class_list":["post-173","page","type-page","status-publish","hentry"],"_links":{"self":[{"href":"https:\/\/www.sacolombia.com\/portal\/wp-json\/wp\/v2\/pages\/173","targetHints":{"allow":["GET"]}}],"collection":[{"href":"https:\/\/www.sacolombia.com\/portal\/wp-json\/wp\/v2\/pages"}],"about":[{"href":"https:\/\/www.sacolombia.com\/portal\/wp-json\/wp\/v2\/types\/page"}],"author":[{"embeddable":true,"href":"https:\/\/www.sacolombia.com\/portal\/wp-json\/wp\/v2\/users\/4"}],"replies":[{"embeddable":true,"href":"https:\/\/www.sacolombia.com\/portal\/wp-json\/wp\/v2\/comments?post=173"}],"version-history":[{"count":8,"href":"https:\/\/www.sacolombia.com\/portal\/wp-json\/wp\/v2\/pages\/173\/revisions"}],"predecessor-version":[{"id":1445,"href":"https:\/\/www.sacolombia.com\/portal\/wp-json\/wp\/v2\/pages\/173\/revisions\/1445"}],"wp:attachment":[{"href":"https:\/\/www.sacolombia.com\/portal\/wp-json\/wp\/v2\/media?parent=173"}],"curies":[{"name":"wp","href":"https:\/\/api.w.org\/{rel}","templated":true}]}}