{"id":174,"date":"2018-03-02T22:29:37","date_gmt":"2018-03-02T22:29:37","guid":{"rendered":"http:\/\/www.solucionesinformaticasintegrales.com\/isisoluciones\/sexolicosanonimos\/horizontal\/?page_id=174"},"modified":"2025-07-04T07:32:27","modified_gmt":"2025-07-04T02:32:27","slug":"a-los-familiares","status":"publish","type":"page","link":"https:\/\/www.sacolombia.com\/portal\/a-los-familiares\/","title":{"rendered":"A los familiares y amigos de adictos al sexo"},"content":{"rendered":"<div class=\"wp-block-image\">\n<figure class=\"aligncenter size-full is-resized\"><img loading=\"lazy\" decoding=\"async\" width=\"1366\" height=\"531\" src=\"https:\/\/www.sacolombia.com\/portal\/wp-content\/uploads\/2018\/03\/sacolombia-banner-home_03.jpg\" alt=\"\" class=\"wp-image-535\" style=\"width:460px;height:178px\" srcset=\"https:\/\/www.sacolombia.com\/portal\/wp-content\/uploads\/2018\/03\/sacolombia-banner-home_03.jpg 1366w, https:\/\/www.sacolombia.com\/portal\/wp-content\/uploads\/2018\/03\/sacolombia-banner-home_03-300x117.jpg 300w, https:\/\/www.sacolombia.com\/portal\/wp-content\/uploads\/2018\/03\/sacolombia-banner-home_03-768x299.jpg 768w, https:\/\/www.sacolombia.com\/portal\/wp-content\/uploads\/2018\/03\/sacolombia-banner-home_03-1024x398.jpg 1024w\" sizes=\"auto, (max-width: 1366px) 100vw, 1366px\" \/><\/figure>\n<\/div>\n\n\n<p>Este espacio est\u00e1 dirigido a <strong>FAMILIARES y AMIGOS<\/strong> de personas con problemas de adicci\u00f3n a la lujuria, que desean encontrar ayuda y apoyo para recuperarse de los efectos ocasionados por el consumo de lujuria (sexolismo) de otra persona.<\/p>\n\n\n\n<p>En nuestra experiencia hemos identificado que, solitarios y sin ayuda, vivir o haber vivido con un adicto al sexo es demasiado para la mayor\u00eda de nosotros.<\/p>\n\n\n\n<p>Si se siente identificado(a) con esta situaci\u00f3n, y desea conocer m\u00e1s acerca del apoyo que puede encontrar junto a nuestro grupo de apoyo S-Anon, de nombre \u201cRenacer Espiritual \u201d en Medell\u00edn Colombia, comun\u00edquese v\u00eda WhatsApp o llamada telef\u00f3nica al n\u00famero +57 301 347 79 99<\/p>\n","protected":false},"excerpt":{"rendered":"<p>Este espacio est\u00e1 dirigido a FAMILIARES y AMIGOS de personas con problemas de adicci\u00f3n a la lujuria, que desean encontrar ayuda y apoyo para recuperarse de los efectos ocasionados por el consumo de lujuria (sexolismo) de otra persona. En nuestra experiencia hemos identificado que, solitarios y sin ayuda, vivir o haber vivido con un adicto [&hellip;]<\/p>\n","protected":false},"author":4,"featured_media":0,"parent":0,"menu_order":15200,"comment_status":"closed","ping_status":"closed","template":"","meta":{"footnotes":""},"class_list":["post-174","page","type-page","status-publish","hentry"],"_links":{"self":[{"href":"https:\/\/www.sacolombia.com\/portal\/wp-json\/wp\/v2\/pages\/174","targetHints":{"allow":["GET"]}}],"collection":[{"href":"https:\/\/www.sacolombia.com\/portal\/wp-json\/wp\/v2\/pages"}],"about":[{"href":"https:\/\/www.sacolombia.com\/portal\/wp-json\/wp\/v2\/types\/page"}],"author":[{"embeddable":true,"href":"https:\/\/www.sacolombia.com\/portal\/wp-json\/wp\/v2\/users\/4"}],"replies":[{"embeddable":true,"href":"https:\/\/www.sacolombia.com\/portal\/wp-json\/wp\/v2\/comments?post=174"}],"version-history":[{"count":9,"href":"https:\/\/www.sacolombia.com\/portal\/wp-json\/wp\/v2\/pages\/174\/revisions"}],"predecessor-version":[{"id":1637,"href":"https:\/\/www.sacolombia.com\/portal\/wp-json\/wp\/v2\/pages\/174\/revisions\/1637"}],"wp:attachment":[{"href":"https:\/\/www.sacolombia.com\/portal\/wp-json\/wp\/v2\/media?parent=174"}],"curies":[{"name":"wp","href":"https:\/\/api.w.org\/{rel}","templated":true}]}}