{"id":19,"date":"2018-02-26T18:38:13","date_gmt":"2018-02-26T18:38:13","guid":{"rendered":"http:\/\/www.solucionesinformaticasintegrales.com\/isisoluciones\/sexolicosanonimos\/horizontal\/?page_id=19"},"modified":"2023-04-09T00:57:20","modified_gmt":"2023-04-08T19:57:20","slug":"solucion","status":"publish","type":"page","link":"https:\/\/www.sacolombia.com\/portal\/solucion\/","title":{"rendered":"La Soluci\u00f3n"},"content":{"rendered":"\n<h1 class=\"wp-block-heading has-text-align-center\">Nos dimos cuenta que nuestro problema ten\u00eda tres dimensiones: <\/h1>\n\n\n\n<h1 class=\"wp-block-heading has-text-align-center\">la f\u00edsica, la emocional y la espiritual <\/h1>\n\n\n\n<h2 class=\"wp-block-heading has-text-align-center\">y que, por tanto, <\/h2>\n\n\n\n<h1 class=\"wp-block-heading has-text-align-center\">la curaci\u00f3n tendr\u00eda que producirse en las tres.<\/h1>\n\n\n<div class=\"wp-block-image\">\n<figure class=\"aligncenter size-full is-resized\"><img loading=\"lazy\" decoding=\"async\" src=\"https:\/\/www.sacolombia.com\/portal\/wp-content\/uploads\/2023\/04\/montaje16.png\" alt=\"\" class=\"wp-image-1403\" width=\"477\" height=\"358\" srcset=\"https:\/\/www.sacolombia.com\/portal\/wp-content\/uploads\/2023\/04\/montaje16.png 960w, https:\/\/www.sacolombia.com\/portal\/wp-content\/uploads\/2023\/04\/montaje16-300x225.png 300w, https:\/\/www.sacolombia.com\/portal\/wp-content\/uploads\/2023\/04\/montaje16-768x576.png 768w\" sizes=\"auto, (max-width: 477px) 100vw, 477px\" \/><\/figure>\n<\/div>\n\n\n<h3 class=\"wp-block-heading\">El cambio de actitud decisivo comenz\u00f3 cuando admitimos que \u00e9ramos incapaces de curarnos, que nuestra adicci\u00f3n era m\u00e1s poderosa que nosotros y nos hab\u00eda vencido. Asistimos a las reuniones e interrumpimos nuestras conductas. Para algunos \u00e9sto significaba no practicar ninguna actividad sexual, en solitario o acompa\u00f1ados, adem\u00e1s de abstenernos de relaciones de pareja. Para otros significaba un periodo de abstinencia sexual con su c\u00f3nyuge para poder recuperarse de la lujuria.<\/h3>\n\n\n\n<h3 class=\"wp-block-heading\">Descubrimos que \u00e9ramos capaces de parar, que no satisfacer el hambre no nos mataba, \u00a1y que en realidad el sexo era opcional!. \u00a1La esperanza de libertad naci\u00f3 y comenzamos a sentirnos libres!. Con m\u00e1s \u00e1nimo para proseguir, renunciamos a nuestra obsesi\u00f3n con el sexo y con nosotros mismos, que nos empujaba al aislamiento, y nos volvimos hacia Dios y hacia los dem\u00e1s.<\/h3>\n\n\n\n<h3 class=\"wp-block-heading\">Todo esto nos aterrorizaba. No pod\u00edamos ver lo que hab\u00eda m\u00e1s adelante, salvo que otros hab\u00edan seguido anteriormente ese mismo camino. Cada nuevo acto de rendici\u00f3n se asemejaba a un salto al abismo, pero lo d\u00e1bamos. Y en vez de matarnos, \u00a1la capitulaci\u00f3n mataba la obsesi\u00f3n!. Hab\u00edamos dado un paso hacia la luz, hacia un modo de vida completamente nuevo.<\/h3>\n\n\n\n<h3 class=\"wp-block-heading\">La fraternidad nos ayudaba a no sentirnos abrumados y a mantenernos alerta; era un refugio en el que al fin pod\u00edamos enfrentarnos a nosotros mismos. En vez de cubrir nuestras emociones con sexo compulsivo, comenzamos a exponer las ra\u00edces de nuestra hambre y de nuestro vac\u00edo espiritual. Y comenz\u00f3 la curaci\u00f3n.<\/h3>\n\n\n\n<h3 class=\"wp-block-heading\">Al enfrentarnos a nuestros defectos, sent\u00edamos deseos de cambiar; el ponerlos en manos de Dios hizo que perdieran el poder que sobre nosotros ten\u00edan. Por primera vez comenzamos a sentirnos m\u00e1s c\u00f3modos con nosotros mismos y con los dem\u00e1s sin necesidad de recurrir a nuestra \u201cdroga\u201d.<\/h3>\n\n\n\n<h3 class=\"wp-block-heading\">Tratamos de enmendar nuestros errores perdonando a cuantos nos hab\u00edan ofendido y tratando de no ofender a los dem\u00e1s. Con cada enmienda, el peso de la culpa que nos atormentaba iba disminuyendo, hasta que pudimos erguir la cabeza, mirar al mundo a los ojos y respirar libres.<\/h3>\n\n\n\n<h3 class=\"wp-block-heading\">Comenzamos a vivir una sobriedad positiva, realizando actos de amor para mejorar nuestras relaciones con los dem\u00e1s. Est\u00e1bamos aprendiendo a dar, y en la medida en la que d\u00e1bamos, recib\u00edamos. Consegu\u00edamos lo que ninguno de esos sustitutos jam\u00e1s fue capaz de proporcionarnos. Est\u00e1bamos estableciendo la Conexi\u00f3n verdadera.<\/h3>\n\n\n\n<h2 class=\"wp-block-heading has-text-align-center has-vivid-green-cyan-background-color has-background has-large-font-size\">Hab\u00edamos llegado.<\/h2>\n\n\n\n<p class=\"has-small-font-size\"><strong>\u00a9 1982, 1989, 2001 SA Literature. Reprinted with permission of SA Literature.<\/strong><\/p>\n","protected":false},"excerpt":{"rendered":"<p>Nos dimos cuenta que nuestro problema ten\u00eda tres dimensiones: la f\u00edsica, la emocional y la espiritual y que, por tanto, la curaci\u00f3n tendr\u00eda que producirse en las tres. El cambio de actitud decisivo comenz\u00f3 cuando admitimos que \u00e9ramos incapaces de curarnos, que nuestra adicci\u00f3n era m\u00e1s poderosa que nosotros y nos hab\u00eda vencido. Asistimos a [&hellip;]<\/p>\n","protected":false},"author":4,"featured_media":0,"parent":0,"menu_order":11800,"comment_status":"closed","ping_status":"closed","template":"","meta":{"footnotes":""},"class_list":["post-19","page","type-page","status-publish","hentry"],"_links":{"self":[{"href":"https:\/\/www.sacolombia.com\/portal\/wp-json\/wp\/v2\/pages\/19","targetHints":{"allow":["GET"]}}],"collection":[{"href":"https:\/\/www.sacolombia.com\/portal\/wp-json\/wp\/v2\/pages"}],"about":[{"href":"https:\/\/www.sacolombia.com\/portal\/wp-json\/wp\/v2\/types\/page"}],"author":[{"embeddable":true,"href":"https:\/\/www.sacolombia.com\/portal\/wp-json\/wp\/v2\/users\/4"}],"replies":[{"embeddable":true,"href":"https:\/\/www.sacolombia.com\/portal\/wp-json\/wp\/v2\/comments?post=19"}],"version-history":[{"count":8,"href":"https:\/\/www.sacolombia.com\/portal\/wp-json\/wp\/v2\/pages\/19\/revisions"}],"predecessor-version":[{"id":1405,"href":"https:\/\/www.sacolombia.com\/portal\/wp-json\/wp\/v2\/pages\/19\/revisions\/1405"}],"wp:attachment":[{"href":"https:\/\/www.sacolombia.com\/portal\/wp-json\/wp\/v2\/media?parent=19"}],"curies":[{"name":"wp","href":"https:\/\/api.w.org\/{rel}","templated":true}]}}