{"id":21,"date":"2018-02-26T18:38:13","date_gmt":"2018-02-26T13:38:13","guid":{"rendered":"http:\/\/www.solucionesinformaticasintegrales.com\/isisoluciones\/sexolicosanonimos\/horizontal\/?page_id=21"},"modified":"2026-03-09T23:35:42","modified_gmt":"2026-03-09T18:35:42","slug":"contacto","status":"publish","type":"page","link":"https:\/\/www.sacolombia.com\/portal\/contacto\/","title":{"rendered":"Contacto"},"content":{"rendered":"\n<p class=\"has-drop-cap has-black-color has-vivid-purple-background-color has-text-color has-background has-medium-font-size\"><strong>Si se siente v\u00edctima de la Lujuria, puede comunicarse con nosotros:<\/strong><\/p>\n\n\n\n<div class=\"wp-block-columns has-background is-layout-flex wp-container-core-columns-is-layout-28f84493 wp-block-columns-is-layout-flex\" style=\"background:linear-gradient(90deg,rgb(238,238,238) 28%,rgb(169,184,195) 100%)\">\n<div class=\"wp-block-column is-layout-flow wp-block-column-is-layout-flow\">\n<p>Desde Bogot\u00e1 atendemos a ciudades en donde no haya grupos de S.A.<br> Correo: <strong>contacto@sacolombia.com<\/strong><br><br>Contacto a nivel nacional, <strong>\u00fanicamente para mujeres<\/strong>, v\u00eda telef\u00f3nica o mensajes<br> WhatsApp: <strong>+57 319 2945774<\/strong><br><br> Contacto para <strong>hombres<\/strong>, ubique una ciudad cercana a su residencia y llame, <strong>\u00a1el momento es ahora!<\/strong> (v\u00eda telef\u00f3nica o mensajes WhatsApp)<br><br>Si es <strong>familiar<\/strong> de un sex\u00f3lico\/a (adicto\/a a la lujuria) puede comunicarse al celular: <strong>+57 301 347 79 99<\/strong> o al correo electr\u00f3nico: <strong>renacerespiritualsanoncolombia@gmail.com<\/strong><\/p>\n\n\n\n<div class=\"wp-block-group is-vertical is-layout-flex wp-container-core-group-is-layout-fe9cc265 wp-block-group-is-layout-flex\"><\/div>\n\n\n\n<figure class=\"wp-block-image size-full\"><img loading=\"lazy\" decoding=\"async\" width=\"600\" height=\"810\" src=\"https:\/\/www.sacolombia.com\/portal\/wp-content\/uploads\/2023\/04\/colombia-1.png\" alt=\"\" class=\"wp-image-1219\" srcset=\"https:\/\/www.sacolombia.com\/portal\/wp-content\/uploads\/2023\/04\/colombia-1.png 600w, https:\/\/www.sacolombia.com\/portal\/wp-content\/uploads\/2023\/04\/colombia-1-222x300.png 222w\" sizes=\"auto, (max-width: 600px) 100vw, 600px\" \/><\/figure>\n<\/div>\n\n\n\n<div class=\"wp-block-column is-layout-flow wp-block-column-is-layout-flow\">\n<blockquote class=\"wp-block-quote is-layout-flow wp-block-quote-is-layout-flow\">\n<p class=\"has-text-align-left\"><strong>COLOMBIA<\/strong><br><strong>Armenia<\/strong>:<br>WhatsApp: +57 310 252 8031<br>Correo: armenia@sacolombia.com<\/p>\n\n\n\n<p><strong>Barranquilla<\/strong><br>Grupo puerta de oro<br>Reuniones presenciales: S\u00e1bados 10:00 am<br>WhatsApp: +57 3106506544<\/p>\n\n\n\n<p><strong>Bogot\u00e1:<\/strong><br>WhatsApp: +57 3208393870<br>WhatsApp: +57 3172650363<br>Correo: puertosegurobogota@admin<\/p>\n\n\n\n<p><strong>Bucaramanga: <\/strong><br>WhatsApp: +57 320 839 03 29<\/p>\n\n\n\n<p><strong>Cali:<\/strong><br>WhatsApp: +57 314 771 3951<br>Correo: despertarcali@sacolombia.com<br>Blog: sexolicosanonimoscali.blogspot.com<br><br><strong>C\u00facuta:<\/strong> Grupo Las Adicciones SA Reuniones todos los d\u00edas de 8:00 a 10:00 a.m.<br>Tel\u00e9fono:\u00a0+57 322 661 6485 Correo:\u00a0diomerdruben@hotmail.com<br><br><strong>Duitama: <\/strong>Grupo \u201cLa Esperanza\u201d<br>WhatsApp: +57 315 555 5981<br>Correo: laesperanzatunja@sacolombia.com<br><br><strong>Medell\u00edn:<\/strong><br>Tel\u00e9fono: +57 310 7817456<br>Correo: \u200esamedellincolombia@gmail.com<br><br><strong>Sincelejo:<\/strong><br>WhatsApp: +57 300 816 7389<\/p>\n<\/blockquote>\n<\/div>\n<\/div>\n\n\n\n<div class=\"wp-block-columns has-background is-layout-flex wp-container-core-columns-is-layout-28f84493 wp-block-columns-is-layout-flex\" style=\"background:linear-gradient(90deg,rgb(238,238,238) 28%,rgb(169,184,195) 100%)\">\n<div class=\"wp-block-column is-layout-flow wp-block-column-is-layout-flow\">\n<p>Puede comunicarse con grupos de otros pa\u00edses<\/p>\n\n\n\n<p>Sin embargo, no nos es posible garantizar el funcionamiento de los contactos o de las p\u00e1ginas en el extranjero.<\/p>\n\n\n\n<p>Si no le ha sido posible contactarse con esos grupos, ponemos a su disposici\u00f3n el correo electr\u00f3nico: <a rel=\"noreferrer noopener\" href=\"mailto:contacto@sacolombia.com\" target=\"_blank\">contacto@sacolombia.com<\/a>  para que pueda solicitar ayuda extra<\/p>\n\n\n\n<figure class=\"wp-block-image size-full\"><img loading=\"lazy\" decoding=\"async\" width=\"427\" height=\"443\" src=\"https:\/\/www.sacolombia.com\/portal\/wp-content\/uploads\/2023\/04\/latinoamerica.gif\" alt=\"\" class=\"wp-image-1216\"\/><\/figure>\n<\/div>\n\n\n\n<div class=\"wp-block-column is-layout-flow wp-block-column-is-layout-flow\">\n<p class=\"has-text-align-left\"><strong>LATINOAM\u00c9RICA<\/strong><br><strong><strong>Argentina<\/strong><\/strong>:<br>Correo: sabuenosaires@hotmail.com<br><br><strong>Brasil:<\/strong><br>P\u00e1gina web: https:\/\/www.sabrasil.org\/<br>Correo: sexolicosanonimosbrasil01@gmail.com<br><br><strong>Costa Rica:<\/strong><br>Tel\u00e9fono: +506 8395 5933<br>P\u00e1gina web: http:\/\/www.sacostarica.org\/<br><br><strong>Chile<\/strong><br> Correo electr\u00f3nico: sa.san.chile@gmail.com<strong><br><br>Ecuador (Guayaquil):<\/strong><br>Tel\u00e9fono: +593 93 907 4678<br>Correo: fabiangupa@hotmail.com<br><br><strong>El Salvador:<\/strong><br>Tel\u00e9fono: +503 7622 9643<br>Correo: josericardocampos60@gmail.com<br><br><strong>Honduras:<\/strong><br>Whatsapp: +504 8857 9748<br>Correo: amulekus@gmail.com<br><br><strong>M\u00e9xico:<\/strong><br> P\u00e1gina web: sexolicosanonimos.com<br> Correo: info@sexolicosanonimos.com<br><br><strong>Panam\u00e1:<\/strong><br>Tel\u00e9fono: +507 6345 2083<br>P\u00e1gina web: http:\/\/www.sapanama.org\/<br>Correo: libroblancopty@gmail.com<br><br><strong>Per\u00fa:<\/strong><br>Tel\u00e9fonos: +51 990 00 8617<br>+51 957 68 7125<br> Blog: http:\/\/sexolicosanonimosperu.blogspot.com.co<br><br> <strong>Rep\u00fablica Dominicana:<\/strong><br>Tel\u00e9fono: +1 829&nbsp;915 3971<br>Correo: bellontime21@gmail.com<br><br> <strong>Venezuela:<\/strong><br> Correo: savenezuela@gmail.com<\/p>\n<\/div>\n<\/div>\n\n\n\n<h2 class=\"wp-block-heading\">Escr\u00edbenos &#8211; Estas en puerto seguro<\/h2>\n\n\n\n<div class=\"wp-block-contact-form-7-contact-form-selector\">\n<div class=\"wpcf7 no-js\" id=\"wpcf7-f1094-o1\" lang=\"es-CO\" dir=\"ltr\" data-wpcf7-id=\"1094\">\n<div class=\"screen-reader-response\"><p role=\"status\" aria-live=\"polite\" aria-atomic=\"true\"><\/p> <ul><\/ul><\/div>\n<form action=\"\/portal\/wp-json\/wp\/v2\/pages\/21#wpcf7-f1094-o1\" method=\"post\" class=\"wpcf7-form init\" aria-label=\"Formulario de contacto\" novalidate=\"novalidate\" data-status=\"init\">\n<fieldset class=\"hidden-fields-container\"><input type=\"hidden\" name=\"_wpcf7\" value=\"1094\" \/><input type=\"hidden\" name=\"_wpcf7_version\" value=\"6.1.5\" \/><input type=\"hidden\" name=\"_wpcf7_locale\" value=\"es_CO\" \/><input type=\"hidden\" name=\"_wpcf7_unit_tag\" value=\"wpcf7-f1094-o1\" \/><input type=\"hidden\" name=\"_wpcf7_container_post\" value=\"0\" \/><input type=\"hidden\" name=\"_wpcf7_posted_data_hash\" value=\"\" \/>\n<\/fieldset>\n<p><label> Tu primer nombre y primera letra de tu apellido<br \/>\n<span class=\"wpcf7-form-control-wrap\" data-name=\"your-name\"><input size=\"40\" maxlength=\"400\" class=\"wpcf7-form-control wpcf7-text wpcf7-validates-as-required\" autocomplete=\"name\" aria-required=\"true\" aria-invalid=\"false\" value=\"\" type=\"text\" name=\"your-name\" \/><\/span> <\/label>\n<\/p>\n<p><label> Tu correo electr\u00f3nico<br \/>\n<span class=\"wpcf7-form-control-wrap\" data-name=\"your-email\"><input size=\"40\" maxlength=\"400\" class=\"wpcf7-form-control wpcf7-email wpcf7-validates-as-required wpcf7-text wpcf7-validates-as-email\" autocomplete=\"email\" aria-required=\"true\" aria-invalid=\"false\" value=\"\" type=\"email\" name=\"your-email\" \/><\/span> <\/label>\n<\/p>\n<p><label> Asunto<br \/>\n<span class=\"wpcf7-form-control-wrap\" data-name=\"your-subject\"><input size=\"40\" maxlength=\"400\" class=\"wpcf7-form-control wpcf7-text wpcf7-validates-as-required\" aria-required=\"true\" aria-invalid=\"false\" value=\"\" type=\"text\" name=\"your-subject\" \/><\/span> <\/label>\n<\/p>\n<p><label> Tu mensaje (opcional)<br \/>\n<span class=\"wpcf7-form-control-wrap\" data-name=\"your-message\"><textarea cols=\"40\" rows=\"10\" maxlength=\"2000\" class=\"wpcf7-form-control wpcf7-textarea\" aria-invalid=\"false\" name=\"your-message\"><\/textarea><\/span> <\/label>\n<\/p>\n<p><input class=\"wpcf7-form-control wpcf7-submit has-spinner\" type=\"submit\" value=\"Enviar\" \/>\n<\/p><div class=\"wpcf7-response-output\" aria-hidden=\"true\"><\/div>\n<\/form>\n<\/div>\n<\/div>\n","protected":false},"excerpt":{"rendered":"<p>Si se siente v\u00edctima de la Lujuria, puede comunicarse con nosotros: Desde Bogot\u00e1 atendemos a ciudades en donde no haya grupos de S.A. Correo: contacto@sacolombia.com Contacto a nivel nacional, \u00fanicamente para mujeres, v\u00eda telef\u00f3nica o mensajes WhatsApp: +57 319 2945774 Contacto para hombres, ubique una ciudad cercana a su residencia y llame, \u00a1el momento es [&hellip;]<\/p>\n","protected":false},"author":4,"featured_media":0,"parent":0,"menu_order":16000,"comment_status":"closed","ping_status":"closed","template":"","meta":{"footnotes":""},"class_list":["post-21","page","type-page","status-publish","hentry"],"_links":{"self":[{"href":"https:\/\/www.sacolombia.com\/portal\/wp-json\/wp\/v2\/pages\/21","targetHints":{"allow":["GET"]}}],"collection":[{"href":"https:\/\/www.sacolombia.com\/portal\/wp-json\/wp\/v2\/pages"}],"about":[{"href":"https:\/\/www.sacolombia.com\/portal\/wp-json\/wp\/v2\/types\/page"}],"author":[{"embeddable":true,"href":"https:\/\/www.sacolombia.com\/portal\/wp-json\/wp\/v2\/users\/4"}],"replies":[{"embeddable":true,"href":"https:\/\/www.sacolombia.com\/portal\/wp-json\/wp\/v2\/comments?post=21"}],"version-history":[{"count":10,"href":"https:\/\/www.sacolombia.com\/portal\/wp-json\/wp\/v2\/pages\/21\/revisions"}],"predecessor-version":[{"id":1653,"href":"https:\/\/www.sacolombia.com\/portal\/wp-json\/wp\/v2\/pages\/21\/revisions\/1653"}],"wp:attachment":[{"href":"https:\/\/www.sacolombia.com\/portal\/wp-json\/wp\/v2\/media?parent=21"}],"curies":[{"name":"wp","href":"https:\/\/api.w.org\/{rel}","templated":true}]}}