{"id":250,"date":"2018-03-14T14:58:52","date_gmt":"2018-03-14T14:58:52","guid":{"rendered":"http:\/\/www.solucionesinformaticasintegrales.com\/isisoluciones\/sexolicosanonimos\/horizontal\/?page_id=250"},"modified":"2023-04-08T06:27:35","modified_gmt":"2023-04-08T01:27:35","slug":"bienvenido-a-sa","status":"publish","type":"page","link":"https:\/\/www.sacolombia.com\/portal\/bienvenido-a-sa\/","title":{"rendered":"Bienvenido a SA"},"content":{"rendered":"\n<h1 class=\"wp-block-heading\">Nos alegramos de conocerte. <\/h1>\n\n\n\n<h1 class=\"wp-block-heading\">\u00a1Bienvenido a SA!<\/h1>\n\n\n<div class=\"wp-block-image\">\n<figure class=\"alignleft size-full is-resized\"><img loading=\"lazy\" decoding=\"async\" src=\"https:\/\/www.sacolombia.com\/portal\/wp-content\/uploads\/2018\/03\/montaje09.png\" alt=\"\" class=\"wp-image-590\" width=\"353\" height=\"286\" srcset=\"https:\/\/www.sacolombia.com\/portal\/wp-content\/uploads\/2018\/03\/montaje09.png 419w, https:\/\/www.sacolombia.com\/portal\/wp-content\/uploads\/2018\/03\/montaje09-300x243.png 300w\" sizes=\"auto, (max-width: 353px) 100vw, 353px\" \/><\/figure>\n<\/div>\n\n\n<h2 class=\"wp-block-heading\">Si te ves reflejado en nuestras experiencias y crees que tambi\u00e9n tienes nuestro mismo problema, nos gustar\u00eda ofrecerte nuestra soluci\u00f3n. Los reci\u00e9n llegados a nuestro programa suelen venir llenos de preguntas. Este folleto es un intento de contestar a algunas de ellas.<\/h2>\n","protected":false},"excerpt":{"rendered":"<p>Nos alegramos de conocerte. \u00a1Bienvenido a SA! Si te ves reflejado en nuestras experiencias y crees que tambi\u00e9n tienes nuestro mismo problema, nos gustar\u00eda ofrecerte nuestra soluci\u00f3n. Los reci\u00e9n llegados a nuestro programa suelen venir llenos de preguntas. Este folleto es un intento de contestar a algunas de ellas.<\/p>\n","protected":false},"author":4,"featured_media":0,"parent":0,"menu_order":2000,"comment_status":"closed","ping_status":"closed","template":"","meta":{"footnotes":""},"class_list":["post-250","page","type-page","status-publish","hentry"],"_links":{"self":[{"href":"https:\/\/www.sacolombia.com\/portal\/wp-json\/wp\/v2\/pages\/250","targetHints":{"allow":["GET"]}}],"collection":[{"href":"https:\/\/www.sacolombia.com\/portal\/wp-json\/wp\/v2\/pages"}],"about":[{"href":"https:\/\/www.sacolombia.com\/portal\/wp-json\/wp\/v2\/types\/page"}],"author":[{"embeddable":true,"href":"https:\/\/www.sacolombia.com\/portal\/wp-json\/wp\/v2\/users\/4"}],"replies":[{"embeddable":true,"href":"https:\/\/www.sacolombia.com\/portal\/wp-json\/wp\/v2\/comments?post=250"}],"version-history":[{"count":5,"href":"https:\/\/www.sacolombia.com\/portal\/wp-json\/wp\/v2\/pages\/250\/revisions"}],"predecessor-version":[{"id":1364,"href":"https:\/\/www.sacolombia.com\/portal\/wp-json\/wp\/v2\/pages\/250\/revisions\/1364"}],"wp:attachment":[{"href":"https:\/\/www.sacolombia.com\/portal\/wp-json\/wp\/v2\/media?parent=250"}],"curies":[{"name":"wp","href":"https:\/\/api.w.org\/{rel}","templated":true}]}}