{"id":260,"date":"2018-03-14T15:29:57","date_gmt":"2018-03-14T15:29:57","guid":{"rendered":"http:\/\/www.solucionesinformaticasintegrales.com\/isisoluciones\/sexolicosanonimos\/horizontal\/?page_id=260"},"modified":"2025-05-23T18:19:09","modified_gmt":"2025-05-23T13:19:09","slug":"necesito-ayuda","status":"publish","type":"page","link":"https:\/\/www.sacolombia.com\/portal\/necesito-ayuda\/","title":{"rendered":"Necesito ayuda!"},"content":{"rendered":"\n<h2 class=\"wp-block-heading has-large-font-size\">La experiencia ratifica lo que dice uno de nuestros lemas:&nbsp;\u201candarnos con medias tintas no nos sirve de nada\u201d,&nbsp;por eso recordarte que para ser miembro de SA&nbsp;s\u00f3lo se pide que tengas el deseo de liberarte de la lujuria y de alcanzar la sobriedad sexual de SA.<\/h2>\n\n\n<div class=\"wp-block-image\">\n<figure class=\"aligncenter size-full\"><img loading=\"lazy\" decoding=\"async\" width=\"604\" height=\"340\" src=\"https:\/\/www.sacolombia.com\/portal\/wp-content\/uploads\/2018\/03\/montaje26.png\" alt=\"\" class=\"wp-image-663\" srcset=\"https:\/\/www.sacolombia.com\/portal\/wp-content\/uploads\/2018\/03\/montaje26.png 604w, https:\/\/www.sacolombia.com\/portal\/wp-content\/uploads\/2018\/03\/montaje26-300x169.png 300w\" sizes=\"auto, (max-width: 604px) 100vw, 604px\" \/><\/figure>\n<\/div>\n\n\n<h3 class=\"wp-block-heading\">Si quieres salir de la adicci\u00f3n al sexo, esto es lo que puedes hacer, y lo que suceder\u00e1 si contactas con Sex\u00f3licos An\u00f3nimos:<\/h3>\n\n\n\n<h3 class=\"wp-block-heading\">Lee, si puedes, el resto de informaci\u00f3n de esta Web.<\/h3>\n\n\n\n<ul class=\"wp-block-list\">\n<li class=\"has-medium-font-size\">Ll\u00e1manos por tel\u00e9fono <strong>cuanto antes<\/strong>; aprovecha el momento, no esperes a volver a vivir momentos de sufrimiento y desesperaci\u00f3n. Salir de la adicci\u00f3n al sexo quiz\u00e1 no sea f\u00e1cil, pero&nbsp;si es posible. Nuestra experiencia lo atestigua.<\/li>\n\n\n\n<li class=\"has-medium-font-size\">Tel\u00e9fonos Bogot\u00e1: Whatsapp o llamada +57 320-8393870, +57 317-2650363<\/li>\n\n\n\n<li class=\"has-medium-font-size\">Si vives fuera de Bogot\u00e1 sigue las indicaciones que se dan en\u00a0<strong><a href=\"https:\/\/www.sacolombia.com\/portal\/contacto\/\" target=\"_blank\" rel=\"noreferrer noopener\">Contacto<\/a><\/strong><\/li>\n\n\n\n<li class=\"has-medium-font-size\">Si nos env\u00edas un correo te contestaremos invit\u00e1ndote a una conversaci\u00f3n telef\u00f3nica, salvo que por alguna circunstancia esto no sea posible o \u00a0conveniente, en cuyo caso te diremos c\u00f3mo continuar el contacto.<\/li>\n\n\n\n<li class=\"has-medium-font-size\">Correo electr\u00f3nico contacto@sacolombia.com<\/li>\n<\/ul>\n\n\n\n<h3 class=\"wp-block-heading\">No tengas miedo ni te de verg\u00fcenza, no te atender\u00e1n profesionales, sino personas en recuperaci\u00f3n que hacen este servicio y han vivido una situaci\u00f3n similar a la tuya. Comprendemos perfectamente tu situaci\u00f3n, &nbsp;las dificultades, verg\u00fcenza y miedo que se siente ante la necesidad de pedir ayuda, para salir de la adicci\u00f3n al sexo.<\/h3>\n\n\n\n<h3 class=\"wp-block-heading\">Tras un primer contacto telef\u00f3nico, dos compa\u00f1eros quedar\u00e1n contigo para darte su experiencia de recuperaci\u00f3n en SA, explicarte el Programa de los 12 Pasos de SA y aclarar tus dudas (esto es lo que llamamos&nbsp;hacer el \u201cPaso 12\u201d).<\/h3>\n\n\n\n<h3 class=\"wp-block-heading\">Si est\u00e1s interesado y quieres iniciar tu recuperaci\u00f3n con nuestro Programa, podr\u00e1s acompa\u00f1ar a estos compa\u00f1eros e&nbsp;incorporarte a alguna de nuestras reuniones. Si en tu localidad no hay todav\u00eda reuniones presenciales y no fuera posible quedar contigo para hacer un \u201cPaso 12\u201d &nbsp;presencial, quedar\u00e1n contigo para hacerlo telef\u00f3nicamente. Ellos te indicar\u00e1n la forma de iniciar el programa de recuperaci\u00f3n de SA y c\u00f3mo continuar, aunque de momento no haya grupo en tu ciudad.&nbsp;En nuestras reuniones no participa nadie que no sea sex\u00f3lico.<\/h3>\n\n\n\n<h3 class=\"wp-block-heading\">En esta reuni\u00f3n de \u201cPaso 12\u201d&nbsp;hablar\u00e1n contigo hombres si eres hombre, o mujeres si eres mujer.<\/h3>\n\n\n\n<p class=\"has-large-font-size\"><strong>Algunos recordatorios:<\/strong><\/p>\n\n\n\n<ol class=\"wp-block-list has-pale-ocean-gradient-background has-background\">\n<li class=\"has-medium-font-size\">La experiencia ratifica lo que dice uno de nuestros lemas: \u201candarnos con med\u00edas tintas no nos sirve de nada\u201d, por eso recordarte que para ser miembro de SA s\u00f3lo se pide que tengas el deseo de liberarte de la lujuria y de alcanzar la sobriedad sexual de SA. SA no excluye a nadie que se acerca a nosotros con el deseo de salir de la adicci\u00f3n. La experiencia nos ense\u00f1a que para los sex\u00f3licos de nuestra clase, la definici\u00f3n de sobriedad de SA ha resultado ser clave en nuestra recuperaci\u00f3n. No es una condici\u00f3n frustrante, sino un servicio a la honestidad y un camino de gozo y libertad<\/li>\n\n\n\n<li class=\"has-medium-font-size\">No hay que pagar nada ahora ni nunca por ser miembro de SA<\/li>\n\n\n\n<li class=\"has-medium-font-size\">Para seguir nuestro programa de 12 Pasos no hace falta tener ninguna fe religiosa o sensibilidad espiritual. Tampoco es ning\u00fan problema tener fe religiosa o ser creyente. Hablamos de un Poder Superior o de Dios \u201ccomo t\u00fa lo concibas\u201d pero no pertenecemos como grupo, a ninguna confesi\u00f3n religiosa, partido, ideolog\u00eda, filosof\u00eda, etc. Entre nosotros hay personas de todo tipo cuyo objetivo es recuperarse de la lujuria, alcanzar la sobriedad sexual y la victoria progresiva sobre la lujuria y llevar el mensaje al adicto que a\u00fan est\u00e1 sufriendo. No hemos salido de la adicci\u00f3n siguiendo nuestros criterios, buenos prop\u00f3sitos y soluciones; sino que ha sido el Programa de 12 Pasos de SA lo que nos ha funcionado<\/li>\n\n\n\n<li class=\"has-medium-font-size\">Garantizamos el anonimato de todas las personas que contactan con nosotros. Entre nosotros el anonimato es fundamental<\/li>\n\n\n\n<li class=\"has-medium-font-size\">Ya no estar\u00e1s t\u00fa solo<\/li>\n<\/ol>\n","protected":false},"excerpt":{"rendered":"<p>La experiencia ratifica lo que dice uno de nuestros lemas:&nbsp;\u201candarnos con medias tintas no nos sirve de nada\u201d,&nbsp;por eso recordarte que para ser miembro de SA&nbsp;s\u00f3lo se pide que tengas el deseo de liberarte de la lujuria y de alcanzar la sobriedad sexual de SA. Si quieres salir de la adicci\u00f3n al sexo, esto es [&hellip;]<\/p>\n","protected":false},"author":4,"featured_media":0,"parent":0,"menu_order":2600,"comment_status":"closed","ping_status":"closed","template":"","meta":{"footnotes":""},"class_list":["post-260","page","type-page","status-publish","hentry"],"_links":{"self":[{"href":"https:\/\/www.sacolombia.com\/portal\/wp-json\/wp\/v2\/pages\/260","targetHints":{"allow":["GET"]}}],"collection":[{"href":"https:\/\/www.sacolombia.com\/portal\/wp-json\/wp\/v2\/pages"}],"about":[{"href":"https:\/\/www.sacolombia.com\/portal\/wp-json\/wp\/v2\/types\/page"}],"author":[{"embeddable":true,"href":"https:\/\/www.sacolombia.com\/portal\/wp-json\/wp\/v2\/users\/4"}],"replies":[{"embeddable":true,"href":"https:\/\/www.sacolombia.com\/portal\/wp-json\/wp\/v2\/comments?post=260"}],"version-history":[{"count":9,"href":"https:\/\/www.sacolombia.com\/portal\/wp-json\/wp\/v2\/pages\/260\/revisions"}],"predecessor-version":[{"id":1631,"href":"https:\/\/www.sacolombia.com\/portal\/wp-json\/wp\/v2\/pages\/260\/revisions\/1631"}],"wp:attachment":[{"href":"https:\/\/www.sacolombia.com\/portal\/wp-json\/wp\/v2\/media?parent=260"}],"curies":[{"name":"wp","href":"https:\/\/api.w.org\/{rel}","templated":true}]}}