{"id":294,"date":"2018-03-16T20:44:32","date_gmt":"2018-03-16T20:44:32","guid":{"rendered":"http:\/\/www.sacolombia.com\/portal\/?page_id=294"},"modified":"2023-04-08T07:03:40","modified_gmt":"2023-04-08T02:03:40","slug":"el-anonimato","status":"publish","type":"page","link":"https:\/\/www.sacolombia.com\/portal\/el-anonimato\/","title":{"rendered":"El anonimato"},"content":{"rendered":"\n<h2 class=\"wp-block-heading\">La Duod\u00e9cima Tradici\u00f3n gu\u00eda nuestro comportamiento al interior de la fraternidad. El principio espiritual del anonimato lo anteponemos a cualquier deseo personal de hablar sobre las reuniones o conversaciones de SA.<\/h2>\n\n\n<div class=\"wp-block-image\">\n<figure class=\"alignleft size-large is-resized\"><img loading=\"lazy\" decoding=\"async\" src=\"https:\/\/www.sacolombia.com\/portal\/wp-content\/uploads\/2018\/03\/montaje27-576x1024.png\" alt=\"\" class=\"wp-image-667\" width=\"357\" height=\"634\" srcset=\"https:\/\/www.sacolombia.com\/portal\/wp-content\/uploads\/2018\/03\/montaje27-576x1024.png 576w, https:\/\/www.sacolombia.com\/portal\/wp-content\/uploads\/2018\/03\/montaje27-169x300.png 169w, https:\/\/www.sacolombia.com\/portal\/wp-content\/uploads\/2018\/03\/montaje27-768x1365.png 768w, https:\/\/www.sacolombia.com\/portal\/wp-content\/uploads\/2018\/03\/montaje27.png 1080w\" sizes=\"auto, (max-width: 357px) 100vw, 357px\" \/><\/figure>\n<\/div>\n\n\n<p>Respetamos el anonimato de cada cual en las reuniones absteni\u00e9ndonos de repetir fuera de la reuni\u00f3n a&nbsp; quien hemos visto o lo que una persona particular dijo en la misma. Practicar el anonimato de esta manera nos beneficia individualmente y como grupo, ya que le permite a cada miembro compartir libremente qu\u00e9 est\u00e1 pasando en realidad y protege al grupo de chismes,&nbsp; divisiones, adulaci\u00f3n y otros comportamientos negativos. Por este principio mantenemos el enfoque en nosotros mismos, hablando s\u00f3lo acerca de las ideas del Programa SA tal y como las aplicamos en nuestra vida. Nos enfocamos en el mensaje, no en el mensajero. Anteponemos \u201clos principios a las personalidades\u201d.<br>Tambi\u00e9n practicamos el anonimato en las reuniones cuando no mencionamos nuestras ocupaciones espec\u00edficas, inclinaciones religiosas, grupos sociales, sueldo, pertenencia a otros programas de Doce Pasos u otras afiliaciones externas. Del mismo modo, si vemos a alguien en las reuniones a quien conocemos en otro contexto, respetamos su anonimato no mencionando con ellos asuntos que no tienen que ver con el Programa. As\u00ed, podemos compartir lo que est\u00e1 en nuestro coraz\u00f3n sin impedimento a causa de las etiquetas, expectativas y roles que nos identifican en nuestras vidas \u201cafuera\u201d. En la reuni\u00f3n nos sentamos como iguales, teniendo un problema com\u00fan como sex\u00f3licos, y no como personas divididas por habilidades o rangos sociales.<br>Practicamos el anonimato fuera de las reuniones cuando vemos en un lugar p\u00fablico a un compa\u00f1ero de SA. Nos abstenemos de saludarlo si la situaci\u00f3n requiere tener que explicarle a una tercera persona como es que lo conocemos. Esto es lo que quiere decir proteger el anonimato. En una situaci\u00f3n en la que no se mantiene el anonimato cuando se deber\u00eda mantener, decimos que \u201chemos roto el anonimato\u201d.<br>Intentamos tambi\u00e9n practicar el anonimato en conversaciones individuales con nuestro padrino u otros amigos de confianza en SA, si es que necesitamos discutir alg\u00fan asunto que involucra a una tercera persona. Al no decir de qui\u00e9n estamos hablando de&nbsp; que mantenemos el enfoque en nosotros mismos. Al fin y al cabo, somos nosotros los que tenemos la inquietud. Ofrecemos protecci\u00f3n espiritual a la persona con la que estamos molestos y evitamos chismes y cr\u00edtica.<\/p>\n","protected":false},"excerpt":{"rendered":"<p>La Duod\u00e9cima Tradici\u00f3n gu\u00eda nuestro comportamiento al interior de la fraternidad. El principio espiritual del anonimato lo anteponemos a cualquier deseo personal de hablar sobre las reuniones o conversaciones de SA. Respetamos el anonimato de cada cual en las reuniones absteni\u00e9ndonos de repetir fuera de la reuni\u00f3n a&nbsp; quien hemos visto o lo que una [&hellip;]<\/p>\n","protected":false},"author":4,"featured_media":0,"parent":0,"menu_order":2700,"comment_status":"closed","ping_status":"closed","template":"","meta":{"footnotes":""},"class_list":["post-294","page","type-page","status-publish","hentry"],"_links":{"self":[{"href":"https:\/\/www.sacolombia.com\/portal\/wp-json\/wp\/v2\/pages\/294","targetHints":{"allow":["GET"]}}],"collection":[{"href":"https:\/\/www.sacolombia.com\/portal\/wp-json\/wp\/v2\/pages"}],"about":[{"href":"https:\/\/www.sacolombia.com\/portal\/wp-json\/wp\/v2\/types\/page"}],"author":[{"embeddable":true,"href":"https:\/\/www.sacolombia.com\/portal\/wp-json\/wp\/v2\/users\/4"}],"replies":[{"embeddable":true,"href":"https:\/\/www.sacolombia.com\/portal\/wp-json\/wp\/v2\/comments?post=294"}],"version-history":[{"count":6,"href":"https:\/\/www.sacolombia.com\/portal\/wp-json\/wp\/v2\/pages\/294\/revisions"}],"predecessor-version":[{"id":1374,"href":"https:\/\/www.sacolombia.com\/portal\/wp-json\/wp\/v2\/pages\/294\/revisions\/1374"}],"wp:attachment":[{"href":"https:\/\/www.sacolombia.com\/portal\/wp-json\/wp\/v2\/media?parent=294"}],"curies":[{"name":"wp","href":"https:\/\/api.w.org\/{rel}","templated":true}]}}