{"id":419,"date":"2018-03-19T21:13:04","date_gmt":"2018-03-19T21:13:04","guid":{"rendered":"http:\/\/www.sacolombia.com\/portal\/?page_id=419"},"modified":"2023-04-09T03:08:28","modified_gmt":"2023-04-08T22:08:28","slug":"la-fraternidad-de-la-sobriedad","status":"publish","type":"page","link":"https:\/\/www.sacolombia.com\/portal\/la-fraternidad-de-la-sobriedad\/","title":{"rendered":"La fraternidad de la sobriedad"},"content":{"rendered":"\n<h2 class=\"wp-block-heading has-text-align-center has-large-font-size\">Recibir una parte de una herencia terrenal significa reducir la parte que corresponder\u00eda a los heredemos. En la herencia de la fraternidad, por el contrario, los bienes de cada uno, aumentan los de los dem\u00e1s<\/h2>\n\n\n<div class=\"wp-block-image\">\n<figure class=\"aligncenter size-full\"><img loading=\"lazy\" decoding=\"async\" width=\"510\" height=\"340\" src=\"https:\/\/www.sacolombia.com\/portal\/wp-content\/uploads\/2018\/03\/montaje29.png\" alt=\"\" class=\"wp-image-677\" srcset=\"https:\/\/www.sacolombia.com\/portal\/wp-content\/uploads\/2018\/03\/montaje29.png 510w, https:\/\/www.sacolombia.com\/portal\/wp-content\/uploads\/2018\/03\/montaje29-300x200.png 300w\" sizes=\"auto, (max-width: 510px) 100vw, 510px\" \/><\/figure>\n<\/div>\n\n\n<h3 class=\"wp-block-heading\">En este tipo de herencias una persona puede quedar todo lo posible, para obtener la parte de que le corresponde sin perjudicar ego\u00edstamente a nadie; rechazar nuestra parte, pues ser\u00eda privar a las dem\u00e1s de una porci\u00f3n que es de ellos.<\/h3>\n\n\n\n<h3 class=\"wp-block-heading\">La parte verdadera&#8230; no es la que te guardas para ti, sino lo que pones a disposici\u00f3n de los dem\u00e1s.<\/h3>\n\n\n\n<h3 class=\"wp-block-heading\">Cada uno de nosotros es algo que no es otro, y por tanto sabe algo, incluso aunque no sea consciente de ello, que no sabe nadie mas. Es asunto de todos&#8230; como herederos de todo, ofrecer nuestra parte a los dem\u00e1s, ya que somos una familia, con Dios a la cabeza y en el centro de la misma.<\/h3>\n\n\n\n<p class=\"has-text-align-right has-small-font-size\"><strong>(Del libro blanco p\u00e1gina 173)<\/strong><\/p>\n","protected":false},"excerpt":{"rendered":"<p>Recibir una parte de una herencia terrenal significa reducir la parte que corresponder\u00eda a los heredemos. En la herencia de la fraternidad, por el contrario, los bienes de cada uno, aumentan los de los dem\u00e1s En este tipo de herencias una persona puede quedar todo lo posible, para obtener la parte de que le corresponde [&hellip;]<\/p>\n","protected":false},"author":4,"featured_media":0,"parent":0,"menu_order":17200,"comment_status":"closed","ping_status":"closed","template":"","meta":{"footnotes":""},"class_list":["post-419","page","type-page","status-publish","hentry"],"_links":{"self":[{"href":"https:\/\/www.sacolombia.com\/portal\/wp-json\/wp\/v2\/pages\/419","targetHints":{"allow":["GET"]}}],"collection":[{"href":"https:\/\/www.sacolombia.com\/portal\/wp-json\/wp\/v2\/pages"}],"about":[{"href":"https:\/\/www.sacolombia.com\/portal\/wp-json\/wp\/v2\/types\/page"}],"author":[{"embeddable":true,"href":"https:\/\/www.sacolombia.com\/portal\/wp-json\/wp\/v2\/users\/4"}],"replies":[{"embeddable":true,"href":"https:\/\/www.sacolombia.com\/portal\/wp-json\/wp\/v2\/comments?post=419"}],"version-history":[{"count":8,"href":"https:\/\/www.sacolombia.com\/portal\/wp-json\/wp\/v2\/pages\/419\/revisions"}],"predecessor-version":[{"id":1453,"href":"https:\/\/www.sacolombia.com\/portal\/wp-json\/wp\/v2\/pages\/419\/revisions\/1453"}],"wp:attachment":[{"href":"https:\/\/www.sacolombia.com\/portal\/wp-json\/wp\/v2\/media?parent=419"}],"curies":[{"name":"wp","href":"https:\/\/api.w.org\/{rel}","templated":true}]}}