{"id":420,"date":"2018-03-19T21:12:58","date_gmt":"2018-03-19T21:12:58","guid":{"rendered":"http:\/\/www.sacolombia.com\/portal\/?page_id=420"},"modified":"2023-04-10T01:35:46","modified_gmt":"2023-04-09T20:35:46","slug":"absoluta-admision-de-derrota","status":"publish","type":"page","link":"https:\/\/www.sacolombia.com\/portal\/absoluta-admision-de-derrota\/","title":{"rendered":"Absoluta admisi\u00f3n de derrota"},"content":{"rendered":"\n<h2 class=\"wp-block-heading\">El primer paso consiste en una absoluta admisi\u00f3n de derrota. \u201cEstamos vencidos\u201d&nbsp;dec\u00edamos-,&nbsp;\u201cno podemos abandonar nuestras pr\u00e1cticas enfermizas\u201d.<\/h2>\n\n\n<div class=\"wp-block-image\">\n<figure class=\"aligncenter size-full\"><img loading=\"lazy\" decoding=\"async\" width=\"226\" height=\"334\" src=\"https:\/\/www.sacolombia.com\/portal\/wp-content\/uploads\/2018\/03\/montaje30.png\" alt=\"\" class=\"wp-image-679\" srcset=\"https:\/\/www.sacolombia.com\/portal\/wp-content\/uploads\/2018\/03\/montaje30.png 226w, https:\/\/www.sacolombia.com\/portal\/wp-content\/uploads\/2018\/03\/montaje30-203x300.png 203w\" sizes=\"auto, (max-width: 226px) 100vw, 226px\" \/><\/figure>\n<\/div>\n\n\n<h3 class=\"wp-block-heading\">La lujuria nos&nbsp;estaba matando. Pero es en esta admisi\u00f3n de nuestra debilidad donde recibimos&nbsp;un regalo inesperado. En la aceptaci\u00f3n de la realidad, reconociendo nuestra&nbsp;enfermedad y asumiendo nuestro fracaso, fue como hallamos la esperanza. Era el&nbsp;comienzo de la capitulaci\u00f3n; empezamos a caminar por la senda que nos conduce&nbsp;a la recuperaci\u00f3n.<\/h3>\n\n\n\n<h3 class=\"wp-block-heading\"><strong>Empecemos por examinar las palabras que contiene el paso:<\/strong> <\/h3>\n\n\n\n<h3 class=\"wp-block-heading\">\u00bfQu\u00e9 significa admitimos? Muy sencillo. Yo solo no puedo. El \u201cnosotros\u201d&nbsp;reemplaza al \u201cyo\u201d. No bastaba con que yo admitiera que&nbsp;soy sex\u00f3lico. Ten\u00eda que&nbsp;admitirlo contigo. Yo lo admito, t\u00fa lo admites, nosotros lo admitimos.&nbsp;Cuando admitimos nuestra impotencia ante otros, y \u00e9stos a su vez admiten la suya, ocurre&nbsp;algo especial. Reconociendo la verdad sobre nosotros mismos, disminuye el poder&nbsp;que nuestros secretos ten\u00edan sobre nosotros. Parte de la culpa y de la verg\u00fcenza&nbsp;se desvanecen, y comenzamos a ver con honestidad qu\u00e9 es lo que de verdad&nbsp;ocurre en nuestras vidas. Es ah\u00ed donde recibimos ese regalo.<\/h3>\n\n\n\n<h3 class=\"wp-block-heading\">\u00bfQu\u00e9 es aquello que admitimos? Admitimos que somos impotentes. \u00bfQu\u00e9&nbsp;significa \u201cimpotente\u201d? As\u00ed lo describe un miembro:<\/h3>\n\n\n\n<h3 class=\"wp-block-heading\">\u201cMi autom\u00f3vil se queda parado en mitad de la v\u00eda de un tren y no arranca. Me&nbsp;quedo encerrado en el veh\u00edculo. No puedo abrir la puerta; no puedo abrir la&nbsp;ventana. No puedo salir. Viene el tren. No tengo poder para evitar que el tren se&nbsp;lleve mi autom\u00f3vil por delante&nbsp;ni tampoco para salir de \u00e9ste y ponerme a salvo.<\/h3>\n\n\n\n<h3 class=\"wp-block-heading\">\u00bfQu\u00e9 es aquello sobre lo que no tengo poder? Ese tren que se abalanza sobre m\u00ed&nbsp;es la lujuria. No se trata de que yo sea impotente ante mis actos sexuales&nbsp;compulsivos. Soy impotente ante la lujuria.\u201d<\/h3>\n\n\n\n<p class=\"has-text-align-right has-small-font-size\"><strong>(Del libro Pasos en Acci\u00f3n. Primer Paso)<\/strong><\/p>\n","protected":false},"excerpt":{"rendered":"<p>El primer paso consiste en una absoluta admisi\u00f3n de derrota. \u201cEstamos vencidos\u201d&nbsp;dec\u00edamos-,&nbsp;\u201cno podemos abandonar nuestras pr\u00e1cticas enfermizas\u201d. La lujuria nos&nbsp;estaba matando. Pero es en esta admisi\u00f3n de nuestra debilidad donde recibimos&nbsp;un regalo inesperado. En la aceptaci\u00f3n de la realidad, reconociendo nuestra&nbsp;enfermedad y asumiendo nuestro fracaso, fue como hallamos la esperanza. Era el&nbsp;comienzo de la capitulaci\u00f3n; [&hellip;]<\/p>\n","protected":false},"author":4,"featured_media":0,"parent":0,"menu_order":1004,"comment_status":"closed","ping_status":"closed","template":"","meta":{"footnotes":""},"class_list":["post-420","page","type-page","status-publish","hentry"],"_links":{"self":[{"href":"https:\/\/www.sacolombia.com\/portal\/wp-json\/wp\/v2\/pages\/420","targetHints":{"allow":["GET"]}}],"collection":[{"href":"https:\/\/www.sacolombia.com\/portal\/wp-json\/wp\/v2\/pages"}],"about":[{"href":"https:\/\/www.sacolombia.com\/portal\/wp-json\/wp\/v2\/types\/page"}],"author":[{"embeddable":true,"href":"https:\/\/www.sacolombia.com\/portal\/wp-json\/wp\/v2\/users\/4"}],"replies":[{"embeddable":true,"href":"https:\/\/www.sacolombia.com\/portal\/wp-json\/wp\/v2\/comments?post=420"}],"version-history":[{"count":7,"href":"https:\/\/www.sacolombia.com\/portal\/wp-json\/wp\/v2\/pages\/420\/revisions"}],"predecessor-version":[{"id":1522,"href":"https:\/\/www.sacolombia.com\/portal\/wp-json\/wp\/v2\/pages\/420\/revisions\/1522"}],"wp:attachment":[{"href":"https:\/\/www.sacolombia.com\/portal\/wp-json\/wp\/v2\/media?parent=420"}],"curies":[{"name":"wp","href":"https:\/\/api.w.org\/{rel}","templated":true}]}}