{"id":422,"date":"2018-03-19T21:12:49","date_gmt":"2018-03-19T21:12:49","guid":{"rendered":"http:\/\/www.sacolombia.com\/portal\/?page_id=422"},"modified":"2023-04-09T03:29:38","modified_gmt":"2023-04-08T22:29:38","slug":"interrupciones-o-dialogos-durante-las-reuniones","status":"publish","type":"page","link":"https:\/\/www.sacolombia.com\/portal\/interrupciones-o-dialogos-durante-las-reuniones\/","title":{"rendered":"Interrupciones o di\u00e1logos durante las reuniones"},"content":{"rendered":"\n<h3 class=\"wp-block-heading has-text-align-center has-large-font-size\">En el formato de reuniones de SA se pide a los participantes \u201cno interrumpimos al que\u00a0habla, ni dialogamos con \u00e9l\u201d. \u00bfQu\u00e9 quiere decir esto? En ingl\u00e9s, la definici\u00f3n original se\u00a0refiere a la interferencia que se da en un circuito el\u00e9ctrico al recibir energ\u00eda no deseada\u00a0desde otro circuito.<\/h3>\n\n\n\n<h2 class=\"wp-block-heading has-text-align-center has-text-color has-background has-large-font-size\" style=\"color:#ff0000;background-color:#fffc00\">HACER CORTO-CIRCUITO<\/h2>\n\n\n<div class=\"wp-block-image\">\n<figure class=\"aligncenter size-full is-resized\"><img loading=\"lazy\" decoding=\"async\" src=\"https:\/\/www.sacolombia.com\/portal\/wp-content\/uploads\/2018\/09\/maraton-sa-fin.png\" alt=\"\" class=\"wp-image-841\" width=\"452\" height=\"226\"\/><\/figure>\n<\/div>\n\n\n<h3 class=\"wp-block-heading\">Algo as\u00ed como \u201ccortocircuito\u201d. Aplicado a las reuniones de SA esto se\u00a0refiere a dar una respuesta inadecuada al compartir de otra persona. Tal respuesta puede\u00a0incluir el interrumpir, dar consejo, criticar, hacer comentarios directos sobre lo compartido\u00a0por la otra persona o tocar a la persona. Referirse a alguien por el nombre, repetir\u00a0espec\u00edficamente lo que otro dijo, hablarle directamente a otra persona o mantener\u00a0cuchicheos son tambi\u00e9n formas de este \u201ccortocircuito\u201d.<br>Un compartir apropiado significa que mantenemos el enfoque sobre nosotros mismos.\u00a0Hablamos en la forma \u201cyo\u201d, no en el \u201cnosotros\u201d o el \u201ct\u00fa\u201d, compartiendo desde nuestra\u00a0experiencia y sobre nuestros propios asuntos. Mantener el enfoque sobre nosotros nos\u00a0ayuda a recuperarnos y crea una reuni\u00f3n donde todos pueden hablar libremente y sin el\u00a0temor de ser juzgados.<br>Si queremos referirnos a las ideas que otros han expresado, podemos decir, por ejemplo\u00a0\u201cMe identifico con lo que se dijo previamente sobre c\u00f3mo mantener la sobriedad. Cuando\u00a0la semana pasada me encontr\u00e9 bajo un ataque de lujuria, encontr\u00e9 que una llamada\u00a0telef\u00f3nica me ayud\u00f3 verdaderamente a romper el poder de la lujuria y fui capaz de\u00a0continuar con mi d\u00eda\u201d.<\/h3>\n","protected":false},"excerpt":{"rendered":"<p>En el formato de reuniones de SA se pide a los participantes \u201cno interrumpimos al que\u00a0habla, ni dialogamos con \u00e9l\u201d. \u00bfQu\u00e9 quiere decir esto? En ingl\u00e9s, la definici\u00f3n original se\u00a0refiere a la interferencia que se da en un circuito el\u00e9ctrico al recibir energ\u00eda no deseada\u00a0desde otro circuito. HACER CORTO-CIRCUITO Algo as\u00ed como \u201ccortocircuito\u201d. Aplicado a [&hellip;]<\/p>\n","protected":false},"author":4,"featured_media":0,"parent":0,"menu_order":18200,"comment_status":"closed","ping_status":"closed","template":"","meta":{"footnotes":""},"class_list":["post-422","page","type-page","status-publish","hentry"],"_links":{"self":[{"href":"https:\/\/www.sacolombia.com\/portal\/wp-json\/wp\/v2\/pages\/422","targetHints":{"allow":["GET"]}}],"collection":[{"href":"https:\/\/www.sacolombia.com\/portal\/wp-json\/wp\/v2\/pages"}],"about":[{"href":"https:\/\/www.sacolombia.com\/portal\/wp-json\/wp\/v2\/types\/page"}],"author":[{"embeddable":true,"href":"https:\/\/www.sacolombia.com\/portal\/wp-json\/wp\/v2\/users\/4"}],"replies":[{"embeddable":true,"href":"https:\/\/www.sacolombia.com\/portal\/wp-json\/wp\/v2\/comments?post=422"}],"version-history":[{"count":8,"href":"https:\/\/www.sacolombia.com\/portal\/wp-json\/wp\/v2\/pages\/422\/revisions"}],"predecessor-version":[{"id":1459,"href":"https:\/\/www.sacolombia.com\/portal\/wp-json\/wp\/v2\/pages\/422\/revisions\/1459"}],"wp:attachment":[{"href":"https:\/\/www.sacolombia.com\/portal\/wp-json\/wp\/v2\/media?parent=422"}],"curies":[{"name":"wp","href":"https:\/\/api.w.org\/{rel}","templated":true}]}}