{"id":423,"date":"2018-03-19T21:12:44","date_gmt":"2018-03-19T21:12:44","guid":{"rendered":"http:\/\/www.sacolombia.com\/portal\/?page_id=423"},"modified":"2023-04-09T01:14:08","modified_gmt":"2023-04-08T20:14:08","slug":"llamadas-telefonicas-para-compartir-con-los-demas","status":"publish","type":"page","link":"https:\/\/www.sacolombia.com\/portal\/llamadas-telefonicas-para-compartir-con-los-demas\/","title":{"rendered":"Llamadas telef\u00f3nicas para compartir con los dem\u00e1s"},"content":{"rendered":"\n<div class=\"wp-block-columns is-layout-flex wp-container-core-columns-is-layout-28f84493 wp-block-columns-is-layout-flex\">\n<div class=\"wp-block-column is-layout-flow wp-block-column-is-layout-flow\" style=\"flex-basis:70%\">\n<figure class=\"wp-block-image is-resized\"><img loading=\"lazy\" decoding=\"async\" src=\"https:\/\/www.sacolombia.com\/portal\/wp-content\/uploads\/2018\/03\/masks-807346__340.jpg\" alt=\"\" class=\"wp-image-694\" width=\"535\" height=\"412\" srcset=\"https:\/\/www.sacolombia.com\/portal\/wp-content\/uploads\/2018\/03\/masks-807346__340.jpg 440w, https:\/\/www.sacolombia.com\/portal\/wp-content\/uploads\/2018\/03\/masks-807346__340-300x232.jpg 300w\" sizes=\"auto, (max-width: 535px) 100vw, 535px\" \/><\/figure>\n<\/div>\n\n\n\n<div class=\"wp-block-column is-layout-flow wp-block-column-is-layout-flow\">\n<p><strong>Cuando venimos a SA con frecuencia le escucharemos decir a alguien \u201cnunca&nbsp;m\u00e1s tienes porque volver a estar solo\u201d. Con el aislamiento y los secretos que&nbsp;caracterizan a esta adicci\u00f3n, esta es toda una promesa. Una manera&nbsp;importante de romper el aislamiento es usando el tel\u00e9fono.<\/strong><\/p>\n<\/div>\n<\/div>\n\n\n\n<p>Inicialmente&nbsp;llamamos a nuestro padrino o madrina y a otras personas en el programa&nbsp;cuando estamos obsesionados o forcejeando con un asunto que tiene que ver&nbsp;con la sobriedad. En vez de intentar manejar por nosotros mismos el enfado,&nbsp;estr\u00e9s, detonantes o cualquier otro de los retos diarios a los que se enfrenta&nbsp;un sex\u00f3lico, llamamos a otro miembro del programa.<\/p>\n\n\n\n<p>Llamamos para as\u00ed&nbsp;acordarnos de las herramientas de la sobriedad y de la recuperaci\u00f3n.&nbsp;Llamamos porque esto ayuda a mantener vivo el sentimiento de que&nbsp;pertenecemos a una comunidad con un problema com\u00fan y una soluci\u00f3n que&nbsp;funciona. Llamamos tanto si lo \u201cnecesitamos\u201d como si no para as\u00ed crear un&nbsp;h\u00e1bito saludable y para mantener abierto este canal de comunicaci\u00f3n.<\/p>\n\n\n\n<p>Cuando nuestra sobriedad se ve amenazada, tomamos el tel\u00e9fono y&nbsp;llamamos.<\/p>\n\n\n\n<p>Mantenemos la discreci\u00f3n al dejar mensajes de voz a otros miembros. Es&nbsp;posible llegar a comprometer, sin advertirlo, el anonimato de otro miembro&nbsp;al dejar un mensaje de voz que otra persona pudiera llegar a escuchar. A&nbsp;menos que tengamos permiso, no mencionamos el nombre del programa o<br>damos otra informaci\u00f3n que pudiera dar lugar a preguntas inc\u00f3modas o a&nbsp;curiosidad por parte de familiares o compa\u00f1eros de trabajo. Dejar solo&nbsp;nuestro nombre y un n\u00famero de tel\u00e9fono es pr\u00e1ctica com\u00fan.<\/p>\n","protected":false},"excerpt":{"rendered":"<p>Cuando venimos a SA con frecuencia le escucharemos decir a alguien \u201cnunca&nbsp;m\u00e1s tienes porque volver a estar solo\u201d. Con el aislamiento y los secretos que&nbsp;caracterizan a esta adicci\u00f3n, esta es toda una promesa. Una manera&nbsp;importante de romper el aislamiento es usando el tel\u00e9fono. Inicialmente&nbsp;llamamos a nuestro padrino o madrina y a otras personas en el [&hellip;]<\/p>\n","protected":false},"author":4,"featured_media":0,"parent":0,"menu_order":18400,"comment_status":"closed","ping_status":"closed","template":"","meta":{"footnotes":""},"class_list":["post-423","page","type-page","status-publish","hentry"],"_links":{"self":[{"href":"https:\/\/www.sacolombia.com\/portal\/wp-json\/wp\/v2\/pages\/423","targetHints":{"allow":["GET"]}}],"collection":[{"href":"https:\/\/www.sacolombia.com\/portal\/wp-json\/wp\/v2\/pages"}],"about":[{"href":"https:\/\/www.sacolombia.com\/portal\/wp-json\/wp\/v2\/types\/page"}],"author":[{"embeddable":true,"href":"https:\/\/www.sacolombia.com\/portal\/wp-json\/wp\/v2\/users\/4"}],"replies":[{"embeddable":true,"href":"https:\/\/www.sacolombia.com\/portal\/wp-json\/wp\/v2\/comments?post=423"}],"version-history":[{"count":9,"href":"https:\/\/www.sacolombia.com\/portal\/wp-json\/wp\/v2\/pages\/423\/revisions"}],"predecessor-version":[{"id":1414,"href":"https:\/\/www.sacolombia.com\/portal\/wp-json\/wp\/v2\/pages\/423\/revisions\/1414"}],"wp:attachment":[{"href":"https:\/\/www.sacolombia.com\/portal\/wp-json\/wp\/v2\/media?parent=423"}],"curies":[{"name":"wp","href":"https:\/\/api.w.org\/{rel}","templated":true}]}}