{"id":443,"date":"2018-03-19T21:35:43","date_gmt":"2018-03-19T21:35:43","guid":{"rendered":"http:\/\/www.sacolombia.com\/portal\/?page_id=443"},"modified":"2023-04-09T03:35:43","modified_gmt":"2023-04-08T22:35:43","slug":"apadrinamiento","status":"publish","type":"page","link":"https:\/\/www.sacolombia.com\/portal\/apadrinamiento\/","title":{"rendered":"Apadrinamiento"},"content":{"rendered":"\n<h3 class=\"wp-block-heading has-text-align-center has-large-font-size\">Conseguir un padrino es un acto de humildad. Confiar en la visi\u00f3n y experiencia de otro\u00a0sex\u00f3lico cuando asistimos a reuniones de SA y trabajamos los Pasos puede llegar a pedir de\u00a0nosotros un cambio grande en nuestra actitud de \u201clo puedo hacer yo solo\u201d. Despu\u00e9s de\u00a0todo, la forma en que est\u00e1bamos viviendo nuestras vidas y lo que pens\u00e1bamos que\u00a0sab\u00edamos acerca de la recuperaci\u00f3n es lo que nos trajo a SA al principio.<\/h3>\n\n\n<div class=\"wp-block-image\">\n<figure class=\"aligncenter size-full is-resized\"><img loading=\"lazy\" decoding=\"async\" src=\"https:\/\/www.sacolombia.com\/portal\/wp-content\/uploads\/2018\/03\/sexolicos-anonimos-subbanner-01.jpg\" alt=\"\" class=\"wp-image-205\" width=\"417\" height=\"234\"\/><\/figure>\n<\/div>\n\n\n<h3 class=\"wp-block-heading\">Trabajar el\u00a0programa sin un padrino es como pilotar un barco sin tim\u00f3n: el marinero est\u00e1 a merced de\u00a0cualquier corriente. Vamos a necesitar m\u00e1s ayuda. Incluso quienes tienen ya recuperaci\u00f3n y\u00a0un padrino en otro programa de Doce Pasos se consiguen un padrino en SA.<br>Al solicitar apadrinamiento, la regla b\u00e1sica es ped\u00edrselo a alguien que est\u00e1 por delante de\u00a0nosotros en el trabajo de los Pasos, que tiene una sobriedad satisfactoria y continua, y que\u00a0parece tener la recuperaci\u00f3n que quisi\u00e9ramos para nosotros. Quien apadrina ha de ser\u00a0apadrinado a su vez y debe asistir a reuniones con regularidad. Los padrinos pueden\u00a0mostrarnos un modo de vida y guiarnos en el trabajo de los Doce Pasos a trav\u00e9s de su\u00a0propio ejemplo y tom\u00e1ndose su tiempo para escuchar y responder.<br>Generalmente, quien apadrina en SA ha de ser del mismo g\u00e9nero que aquellos a quienes\u00a0apadrinan. Es bueno que el ahijado pida ayuda, lo cual demuestra su disponibilidad a\u00a0trabajar el Programa de SA. Nos mantenemos en contacto con nuestros padrinos vi\u00e9ndolos\u00a0en las reuniones y llam\u00e1ndolos regularmente, incluso a diario, sobre todo al principio.<br>Algunos de nosotros hemos trabajado los Pasos satisfactoriamente con un padrino que vive en un lugar distante. Podemos entonces comunicarnos por tel\u00e9fono, internet o por correo a\u00fan cuando raramente, o nunca, nos encontremos cara a cara. Quienes est\u00e1n en la c\u00e1rcel han encontrado recuperaci\u00f3n de esta manera. La distancia no tiene por qu\u00e9 ser un obst\u00e1culo en asuntos espirituales si se tiene disponibilidad. Un padrino no hace el trabajo de recuperaci\u00f3n por nosotros ni les proporciona respuestas m\u00e1gicas a nuestros problemas. \u00c9l o ella no son nuestro padre, o nuestra madre, nuestro terapeuta o sacerdote.<br>M\u00e1s bien el padrino o madrina comparte su experiencia, fortaleza y esperanza y\u00a0apunta hacia el sencillo juego de herramientas espirituales que ofrece el programa\u00a0de SA.\u00a0En consonancia con la Quinta Tradici\u00f3n, el apadrinar nos permite llevar el mensaje\u00a0y es una experiencia para no perd\u00e9rsela. Los miembros del programa apadrinan\u00a0porque esto les ayuda a mantenerse sobrios y les da la oportunidad de mantener el\u00a0mensaje vivo para s\u00ed mismos. Tener ahijados les permite ofrecer un servicio y\u00a0practicar el desapego. Ser padrino lleva a los miembros del programa a crecer a\u00a0trav\u00e9s de la humildad, el amor y el servicio. Cuando apadrinamos a otros\u00a0practicamos el principio del Paso Doce de dar lo que hemos recibido.<\/h3>\n","protected":false},"excerpt":{"rendered":"<p>Conseguir un padrino es un acto de humildad. Confiar en la visi\u00f3n y experiencia de otro\u00a0sex\u00f3lico cuando asistimos a reuniones de SA y trabajamos los Pasos puede llegar a pedir de\u00a0nosotros un cambio grande en nuestra actitud de \u201clo puedo hacer yo solo\u201d. Despu\u00e9s de\u00a0todo, la forma en que est\u00e1bamos viviendo nuestras vidas y lo [&hellip;]<\/p>\n","protected":false},"author":4,"featured_media":0,"parent":0,"menu_order":18300,"comment_status":"closed","ping_status":"closed","template":"","meta":{"footnotes":""},"class_list":["post-443","page","type-page","status-publish","hentry"],"_links":{"self":[{"href":"https:\/\/www.sacolombia.com\/portal\/wp-json\/wp\/v2\/pages\/443","targetHints":{"allow":["GET"]}}],"collection":[{"href":"https:\/\/www.sacolombia.com\/portal\/wp-json\/wp\/v2\/pages"}],"about":[{"href":"https:\/\/www.sacolombia.com\/portal\/wp-json\/wp\/v2\/types\/page"}],"author":[{"embeddable":true,"href":"https:\/\/www.sacolombia.com\/portal\/wp-json\/wp\/v2\/users\/4"}],"replies":[{"embeddable":true,"href":"https:\/\/www.sacolombia.com\/portal\/wp-json\/wp\/v2\/comments?post=443"}],"version-history":[{"count":6,"href":"https:\/\/www.sacolombia.com\/portal\/wp-json\/wp\/v2\/pages\/443\/revisions"}],"predecessor-version":[{"id":1461,"href":"https:\/\/www.sacolombia.com\/portal\/wp-json\/wp\/v2\/pages\/443\/revisions\/1461"}],"wp:attachment":[{"href":"https:\/\/www.sacolombia.com\/portal\/wp-json\/wp\/v2\/media?parent=443"}],"curies":[{"name":"wp","href":"https:\/\/api.w.org\/{rel}","templated":true}]}}