{"id":52,"date":"2018-02-26T19:03:49","date_gmt":"2018-02-26T19:03:49","guid":{"rendered":"http:\/\/www.solucionesinformaticasintegrales.com\/isisoluciones\/sexolicosanonimos\/horizontal\/?page_id=52"},"modified":"2023-04-10T01:53:26","modified_gmt":"2023-04-09T20:53:26","slug":"dios-trabaja-demas","status":"publish","type":"page","link":"https:\/\/www.sacolombia.com\/portal\/dios-trabaja-demas\/","title":{"rendered":"Dios trabaja a trav\u00e9s de los dem\u00e1s"},"content":{"rendered":"\n<h2 class=\"wp-block-heading has-large-font-size\">Es dif\u00edcil decir exactamente cu\u00e1ndo comenz\u00f3 mi sexolismo. <\/h2>\n\n\n\n<h3 class=\"wp-block-heading\">Empec\u00e9 a masturbarme en mis a\u00f1os de escuela secundaria, y la pornograf\u00eda fue casi inmediatamente una parte de esa experiencia. Desde el principio, el ritual de la pornograf\u00eda y la masturbaci\u00f3n era una espada de dos filos. Me disparo tremendamente no s\u00f3lo con la pornograf\u00eda, sino tambi\u00e9n con el secreto, la anticipaci\u00f3n y la acumulaci\u00f3n. Yo era adicto a ella. Tambi\u00e9n hubo una tremenda culpa, verg\u00fcenza y soledad que siguieron todas las experiencias.<\/h3>\n\n\n<div class=\"wp-block-image\">\n<figure class=\"aligncenter size-full is-resized\"><img loading=\"lazy\" decoding=\"async\" src=\"https:\/\/www.sacolombia.com\/portal\/wp-content\/uploads\/2018\/03\/group-2537395__340.png\" alt=\"\" class=\"wp-image-659\" width=\"579\" height=\"258\" srcset=\"https:\/\/www.sacolombia.com\/portal\/wp-content\/uploads\/2018\/03\/group-2537395__340.png 763w, https:\/\/www.sacolombia.com\/portal\/wp-content\/uploads\/2018\/03\/group-2537395__340-300x134.png 300w\" sizes=\"auto, (max-width: 579px) 100vw, 579px\" \/><\/figure>\n<\/div>\n\n\n<p class=\"has-medium-font-size\">Soy un sex\u00f3lico recuperado. He estado sobrio desde 1984.<br>En la universidad descubr\u00ed bibliotecas para adultos. Hab\u00eda visto pel\u00edculas clasificadas como &#8220;X&#8221; pero esto era diferente. Me sent\u00eda como un ni\u00f1o en una tienda de dulces. Las opciones parec\u00edan ilimitadas; \u00a1un stand privado para comenzar! <\/p>\n\n\n\n<p class=\"has-medium-font-size\">La ilusi\u00f3n de la tienda de dulces se desenmascar\u00f3 cuando me di cuenta de que alguien me miraba desde arriba de mi cabina &#8220;privada&#8221;. Siendo de principio religioso conservador, tal experiencia normalmente me habr\u00eda mantenido alejado para siempre. Pero mi deseo por la experiencia me hizo volver, a pesar de momentos de miedo y peligro. <\/p>\n\n\n\n<p class=\"has-medium-font-size\">La mayor\u00eda de mis actuaciones estaban en esos lugares.<br>Ten\u00eda un a\u00f1o de graduado de la universidad y la ense\u00f1anza cuando me involucr\u00e9 en un romance con una mujer casada; aunque ciertamente hab\u00eda sentimientos de afecto sincero del uno por el otro, tambi\u00e9n hab\u00eda lujuria. Beb\u00eda alcohol y parec\u00eda incapaz de detener el consumo. Permanec\u00eda deprimido y borracho, inundado por un mar de verg\u00fcenza y desesperaci\u00f3n. Me detuve por dos meses y me di cuenta que ya no amaba a esta mujer, decid\u00ed terminar con el romance. El \u00faltimo d\u00eda de clases, cuando me pregunt\u00f3 si todav\u00eda la amaba, le ment\u00ed y consum\u00ed con ella. Fue un momento devastador en mi vida.<br>M\u00e1s tarde estuve abstemio de alcohol durante dos meses, aunque no pare de masturbarme, no volv\u00ed a las librer\u00edas y teatros porno. Sent\u00eda que la adicci\u00f3n al sexo hab\u00eda sido parte de mi alcoholismo y que ahora estaba libre de ella. <\/p>\n\n\n\n<p class=\"has-medium-font-size\">Luego, en un viaje a una gran ciudad, descubr\u00ed bibliotecas con mujeres &#8220;vivas&#8221; en ellas. La lujuria  se aviv\u00f3 en m\u00ed durante dos a\u00f1os y medio. Cada vez era m\u00e1s impotente de alejarme de lugares de pornograf\u00eda a pesar de la oraci\u00f3n y otros esfuerzos para lograrlo. Me enganch\u00e9 de nuevo. Existieron dos ocasiones que evidenciaron esta impotencia en mi: La primera fue cuando entr\u00e9 a una biblioteca nueva para mi. La adrenalina y el ritual de consumo comenzaron de inmediato. Rec\u00e9 con todas mis fuerzas para no detener el coche&#8230; pero lo detuve. Tambi\u00e9n rec\u00e9 para no salir del coche&#8230; pero sal\u00ed y por \u00faltimo or\u00e9 para no entrar en ese sitio y&#8230; tristemente entr\u00e9. Una vez adentro rec\u00e9, ahora con menos fortaleza, para que mi Poder Superior evitara que me masturbara&#8230; tengo que decir con todo mi dolor que lo hice. El segundo momento fue cuando entr\u00e9 a un sitio con bailarines &#8220;vivos&#8221; en donde experiment\u00e9 un deseo intenso, muy intenso. Con esos bailarines mi experiencia tuvo un significado nunca imaginado. La falta de realidad y la falsedad de la conexi\u00f3n me abrumaron. Conduje a mi casa, tratando de calmarme pero &#8220;S\u00f3lo soy humano&#8221; y pocos segundos despu\u00e9s, me encontr\u00e9 tirado al lado de la carretera, golpeando el volante, gritando de rabia y completamente derrotado y avergonzado por haber fallado de nuevo.<br>La primera persona que me dijo que este problema podr\u00eda ser una adicci\u00f3n fue la mujer que es hoy mi esposa. Le cont\u00e9 acerca de mis experiencias, y me dijo que le recordaba a mi consumo de alcohol. Le expliqu\u00e9, con calma, que los dos consumos no ten\u00edan nada que ver el uno con el otro. <\/p>\n\n\n\n<p class=\"has-medium-font-size\">Intent\u00e9 continuar con mi cotidianidad, pero la semilla hab\u00eda sido plantada. M\u00e1s tarde mi hermano comenz\u00f3 a llamarme y me habl\u00f3 de sus problemas con el sexo; buscaba como detenerse. En ese momento no le dije nada de mis experiencias, lo escuch\u00e9.. y me vi  desempe\u00f1ando el papel de observador asesor. <\/p>\n\n\n\n<p class=\"has-medium-font-size\">Una noche termin\u00e9 en un lugar donde la pornograf\u00eda llevaba a la prostituci\u00f3n. Recuerdo la rabia y la verg\u00fcenza que sent\u00ed cuando una extra\u00f1a me bes\u00f3 en la mejilla y me cont\u00f3 los precios. Tambi\u00e9n recuerdo la intensa lujuria que sent\u00ed dentro de m\u00ed. Ese fue un momento de verdadera lujuria para m\u00ed. El ciclo entre la lujuria y verg\u00fcenza era tan intenso que quiz\u00e1s nunca podr\u00eda parar.<br>Habl\u00e9 con mi hermano y le dije la verdad entre l\u00e1grimas: &#8220;He estado haciendo lo mismo que t\u00fa.&#8221; le ped\u00ed ayuda, estaba derrotado. \u00c9l hab\u00eda encontrado un camino, a trav\u00e9s de los Doce Pasos, para la adicci\u00f3n al sexo, y as\u00ed como \u00e9l, empec\u00e9 a asistir tambi\u00e9n. (No era Sex\u00f3licos An\u00f3nimos sino otro de los programas). Por fin encontr\u00e9 un lugar en el que pod\u00eda decir la verdad sobre mi solitario secreto. Lo que o\u00ed en este lugar me sorprendi\u00f3. <\/p>\n\n\n\n<p class=\"has-medium-font-size\">\u00a1Muchos miembros estaban peor que yo! Me molestaba tener que estar con esos pervertidos, pero sab\u00eda que yo tambi\u00e9n hab\u00eda pervertido mi sexualidad. As\u00ed que, aunque enojado, me qued\u00e9. En la segunda reuni\u00f3n, \u00a1estaba sobrio! Para m\u00ed esto significaba no masturbaci\u00f3n y ning\u00fan tipo de sexo, solo con mi novia. (Los miembros de este programa establecen sus propias definiciones de sobriedad).<br>Durante los siguientes tres a\u00f1os asist\u00ed a esta fraternidad regularmente. Conoc\u00ed gente maravillosa y me ayudaron a mantenerme sobrio. Consegu\u00ed un padrino y trabaj\u00e9 los pasos, especialmente los pasos de limpieza, Cuatro a Nueve. Me cas\u00e9 con la mujer que hab\u00eda estado conmigo a trav\u00e9s de lo peor de mi alcoholismo y sexolismo. Mi vida estaba mejorando, pero empec\u00e9 a sentirme inc\u00f3modo en las reuniones. Las muchas diferencias en lo que constitu\u00eda la sobriedad parec\u00edan conducir a situaciones en las que un miembro luchaba por dejar de hacer algo que alguien m\u00e1s estaba haciendo y reportar como comportamiento sobrio. Me preocupaba la unidad de prop\u00f3sito. Comenc\u00e9 a sentir que me manten\u00eda sobrio a pesar de los conflictos en el grupo.<br>Una vez m\u00e1s, mi hermano me llev\u00f3 a profundizar en la soluci\u00f3n. Hab\u00eda asistido a una reuni\u00f3n de SA, a la que comenc\u00e9 a asistir yo tambi\u00e9n. SA se convirti\u00f3 en mi grupo principal cuando desgraciadamente me desped\u00ed de mi primera fraternidad. Sex\u00f3licos An\u00f3nimos fue diferente y m\u00e1s riguroso. Hubo muchos debates sobre la declaraci\u00f3n de sobriedad, pero yo sab\u00eda que hab\u00eda encontrado un hogar para m\u00ed, as\u00ed que segu\u00ed volviendo.<br>Al comienzo de mi recuperaci\u00f3n estaba llena de un mont\u00f3n de comportamientos dise\u00f1ados para reducir la tentaci\u00f3n: No hice la segunda mirada; no conduc\u00eda por esa calle; manten\u00eda mis ojos en la acera; dije oraciones de rendici\u00f3n; us\u00e9 el tel\u00e9fono con frecuencia. Evit\u00e9 pensamientos e im\u00e1genes que me induc\u00edan a la lujuria; dej\u00e9 de ir a las pel\u00edculas; reduje la televisi\u00f3n; mantuve relaciones m\u00ednimas con mujeres que no eran mi esposa, mi familia y mis amigos establecidos; comenc\u00e9 a trabajar con otras personas, sex\u00f3licos y no sex\u00f3licos; al poco tiempo asist\u00ed a mi primera convenci\u00f3n internacional, he perdido muy pocas desde entonces. Con estas personas he visto mayor sobriedad y mayor calidad de sobriedad que en mi ciudad natal. Las personas conocidas en Sex\u00f3licos An\u00f3nimos se han convertido en amigos de por vida.<br>La participaci\u00f3n en estas convenciones se ha convertido en un ingrediente clave en mi sobriedad continua.<br>Ahora mi matrimonio mejora d\u00eda a d\u00eda. Tras un per\u00edodo de abstinencia, mi esposa y yo hemos eliminado gran parte de la lujuria en nuestra historia sexual. He aprendido que el sexo es verdaderamente opcional. <\/p>\n\n\n\n<p class=\"has-medium-font-size\">Y a trav\u00e9s de nuestra intimidad cada vez m\u00e1s profunda, tanto emocional como sexual, hemos aprendido lo que funciona para nosotros en t\u00e9rminos tanto de la importancia como de los l\u00edmites del sexo dentro del matrimonio. Hemos hecho un inventario sexual hist\u00f3rico completo de nuestro matrimonio y nos hemos beneficiado mucho del proceso. Recientemente hice nuevos compromisos en el \u00e1rea del uso del lenguaje y tareas dom\u00e9sticas que est\u00e1n fortaleciendo a\u00fan m\u00e1s nuestro creciente v\u00ednculo. Fue durante la muerte del padre de mi esposa y en la p\u00e9rdida de un ni\u00f1o a trav\u00e9s de un aborto involuntario que finalmente supe con certeza que realmente la amo. Ahora tenemos dos hermosos hijos que, si Dios quiere, nunca tendr\u00e1n un sex\u00f3lico activo como padre. Mi familia cosechar\u00e1 los beneficios de la verdadera sexualidad que la recuperaci\u00f3n nos est\u00e1 dando con el tiempo.<br>SA por s\u00ed sola no ha resuelto todos mis problemas. Puedo ayudar donde sea que pueda conseguirlo. Estoy involucrado en otra fraternidad de Doce Pasos. Me re\u00fano regularmente con un psic\u00f3logo. Soy activo en mi iglesia. Pero SA es el fundamento de mi sobriedad sexual. Es el trabajo del Paso Doce el que m\u00e1s ha beneficiado mi recuperaci\u00f3n. El servicio a nivel nacional y ayudar a planear una convenci\u00f3n internacional me ha ayudado a crecer, y he hecho grandes amigos. Recientemente mi servicio se ha centrado en el apadrinamiento. No puedo describir la alegr\u00eda que recibo al abrirme al reci\u00e9n llegado y a quienes luchan por mantener la sobriedad. He eliminado parte de mi arrogancia, intolerancia y rigidez y que me han hecho sentir m\u00e1s conectado con Dios y la comunidad. Todo esto me ha ayudado a mantener mi propia sobriedad durante los tiempos preocupantes. Ahora realmente necesito a mis amigos m\u00e1s de lo que me necesitan.<br>He dicho poco sobre Dios. Algo de eso es por defecto. No me siento tan c\u00f3modo usando el nombre de Dios por temor a ser se\u00f1alado. S\u00f3lo puedo decir que creo que Dios trabaja a trav\u00e9s de los dem\u00e1s y que Dios me ha dado una hermosa fraternidad de los amigos m\u00e1s inveros\u00edmiles, que me han amado y por medio de quien Dios sigue trabajando de manera maravillosa. A mi Dios y a mis amigos en recuperaci\u00f3n les digo: &#8220;\u00a1Gracias!&#8221;<\/p>\n","protected":false},"excerpt":{"rendered":"<p>Es dif\u00edcil decir exactamente cu\u00e1ndo comenz\u00f3 mi sexolismo. Empec\u00e9 a masturbarme en mis a\u00f1os de escuela secundaria, y la pornograf\u00eda fue casi inmediatamente una parte de esa experiencia. Desde el principio, el ritual de la pornograf\u00eda y la masturbaci\u00f3n era una espada de dos filos. Me disparo tremendamente no s\u00f3lo con la pornograf\u00eda, sino tambi\u00e9n [&hellip;]<\/p>\n","protected":false},"author":4,"featured_media":0,"parent":0,"menu_order":2300,"comment_status":"closed","ping_status":"closed","template":"","meta":{"footnotes":""},"class_list":["post-52","page","type-page","status-publish","hentry"],"_links":{"self":[{"href":"https:\/\/www.sacolombia.com\/portal\/wp-json\/wp\/v2\/pages\/52","targetHints":{"allow":["GET"]}}],"collection":[{"href":"https:\/\/www.sacolombia.com\/portal\/wp-json\/wp\/v2\/pages"}],"about":[{"href":"https:\/\/www.sacolombia.com\/portal\/wp-json\/wp\/v2\/types\/page"}],"author":[{"embeddable":true,"href":"https:\/\/www.sacolombia.com\/portal\/wp-json\/wp\/v2\/users\/4"}],"replies":[{"embeddable":true,"href":"https:\/\/www.sacolombia.com\/portal\/wp-json\/wp\/v2\/comments?post=52"}],"version-history":[{"count":10,"href":"https:\/\/www.sacolombia.com\/portal\/wp-json\/wp\/v2\/pages\/52\/revisions"}],"predecessor-version":[{"id":1530,"href":"https:\/\/www.sacolombia.com\/portal\/wp-json\/wp\/v2\/pages\/52\/revisions\/1530"}],"wp:attachment":[{"href":"https:\/\/www.sacolombia.com\/portal\/wp-json\/wp\/v2\/media?parent=52"}],"curies":[{"name":"wp","href":"https:\/\/api.w.org\/{rel}","templated":true}]}}