{"id":930,"date":"2020-03-03T22:08:21","date_gmt":"2020-03-03T22:08:21","guid":{"rendered":"http:\/\/www.sacolombia.com\/portal\/?page_id=930"},"modified":"2023-04-08T06:15:10","modified_gmt":"2023-04-08T01:15:10","slug":"revistas-sa","status":"publish","type":"page","link":"https:\/\/www.sacolombia.com\/portal\/revistas-sa\/","title":{"rendered":"Revistas SA"},"content":{"rendered":"\n<div class=\"wp-block-columns is-layout-flex wp-container-core-columns-is-layout-28f84493 wp-block-columns-is-layout-flex\">\n<div class=\"wp-block-column is-layout-flow wp-block-column-is-layout-flow\">\n<figure class=\"wp-block-image size-full is-resized is-style-rounded\"><a href=\"https:\/\/www.sacolombia.com\/portal\/wp-content\/uploads\/2020\/03\/Essay-en-Espanol-Febrero-2018.pdf\" target=\"_blank\" rel=\"noreferrer noopener\"><img loading=\"lazy\" decoding=\"async\" src=\"https:\/\/www.sacolombia.com\/portal\/wp-content\/uploads\/2020\/03\/feb2019.png\" alt=\"\" class=\"wp-image-945\" width=\"256\" height=\"384\" srcset=\"https:\/\/www.sacolombia.com\/portal\/wp-content\/uploads\/2020\/03\/feb2019.png 300w, https:\/\/www.sacolombia.com\/portal\/wp-content\/uploads\/2020\/03\/feb2019-200x300.png 200w\" sizes=\"auto, (max-width: 256px) 100vw, 256px\" \/><\/a><\/figure>\n\n\n\n<p class=\"has-text-align-center\"><a rel=\"noreferrer noopener\" href=\"https:\/\/www.sacolombia.com\/portal\/wp-content\/uploads\/2020\/03\/Essay-en-Espanol-Febrero-2018.pdf\" target=\"_blank\"><strong>La mano de SA se extiende<\/strong><\/a><\/p>\n<\/div>\n\n\n\n<div class=\"wp-block-column is-layout-flow wp-block-column-is-layout-flow\">\n<figure class=\"wp-block-image size-full is-style-rounded\"><a href=\"https:\/\/www.sacolombia.com\/portal\/wp-content\/uploads\/2020\/03\/Traduccion-Ensayo-mayo-de-2018.pdf\" target=\"_blank\" rel=\"noreferrer noopener\"><img loading=\"lazy\" decoding=\"async\" width=\"300\" height=\"450\" src=\"https:\/\/www.sacolombia.com\/portal\/wp-content\/uploads\/2020\/03\/mayo2018.png\" alt=\"\" class=\"wp-image-941\" srcset=\"https:\/\/www.sacolombia.com\/portal\/wp-content\/uploads\/2020\/03\/mayo2018.png 300w, https:\/\/www.sacolombia.com\/portal\/wp-content\/uploads\/2020\/03\/mayo2018-200x300.png 200w\" sizes=\"auto, (max-width: 300px) 100vw, 300px\" \/><\/a><\/figure>\n\n\n\n<p class=\"has-text-align-center\"><a rel=\"noreferrer noopener\" href=\"https:\/\/www.sacolombia.com\/portal\/wp-content\/uploads\/2020\/03\/Traduccion-Ensayo-mayo-de-2018.pdf\" target=\"_blank\"><strong>Anonimato<\/strong><\/a><\/p>\n<\/div>\n\n\n\n<div class=\"wp-block-column is-layout-flow wp-block-column-is-layout-flow\">\n<figure class=\"wp-block-image size-full is-style-rounded\"><a href=\"https:\/\/www.sacolombia.com\/portal\/wp-content\/uploads\/2020\/03\/Ensayo-agosto-2018-Espan\u0303ol.pdf\" target=\"_blank\" rel=\"noreferrer noopener\"><img loading=\"lazy\" decoding=\"async\" width=\"300\" height=\"450\" src=\"https:\/\/www.sacolombia.com\/portal\/wp-content\/uploads\/2020\/03\/agosto2018.png\" alt=\"\" class=\"wp-image-944\" srcset=\"https:\/\/www.sacolombia.com\/portal\/wp-content\/uploads\/2020\/03\/agosto2018.png 300w, https:\/\/www.sacolombia.com\/portal\/wp-content\/uploads\/2020\/03\/agosto2018-200x300.png 200w\" sizes=\"auto, (max-width: 300px) 100vw, 300px\" \/><\/a><\/figure>\n\n\n\n<p class=\"has-text-align-center\"><strong><a href=\"https:\/\/www.sacolombia.com\/portal\/wp-content\/uploads\/2020\/03\/Ensayo-agosto-2018-Espan\u0303ol.pdf\" target=\"_blank\" rel=\"noreferrer noopener\">Relacion\u00e1ndome con otros &#8211; Las doce tradiciones<\/a><\/strong><\/p>\n<\/div>\n<\/div>\n\n\n\n<div class=\"wp-block-columns is-layout-flex wp-container-core-columns-is-layout-28f84493 wp-block-columns-is-layout-flex\">\n<div class=\"wp-block-column is-layout-flow wp-block-column-is-layout-flow\">\n<figure class=\"wp-block-image size-full is-style-rounded\"><a href=\"https:\/\/www.sacolombia.com\/portal\/wp-content\/uploads\/2020\/03\/Traduccio\u0301n-Essay-Octubre-2018-humildad.pdf\" target=\"_blank\" rel=\"noreferrer noopener\"><img loading=\"lazy\" decoding=\"async\" width=\"300\" height=\"450\" src=\"https:\/\/www.sacolombia.com\/portal\/wp-content\/uploads\/2020\/03\/octubre2018.png\" alt=\"\" class=\"wp-image-942\" srcset=\"https:\/\/www.sacolombia.com\/portal\/wp-content\/uploads\/2020\/03\/octubre2018.png 300w, https:\/\/www.sacolombia.com\/portal\/wp-content\/uploads\/2020\/03\/octubre2018-200x300.png 200w\" sizes=\"auto, (max-width: 300px) 100vw, 300px\" \/><\/a><\/figure>\n\n\n\n<p class=\"has-text-align-center\"><a rel=\"noreferrer noopener\" href=\"https:\/\/www.sacolombia.com\/portal\/wp-content\/uploads\/2020\/03\/Traduccio\u0301n-Essay-Octubre-2018-humildad.pdf\" target=\"_blank\"><strong>Humildad: Ser del tama\u00f1o adecuado<\/strong><\/a><\/p>\n<\/div>\n\n\n\n<div class=\"wp-block-column is-layout-flow wp-block-column-is-layout-flow\">\n<figure class=\"wp-block-image size-full is-style-rounded\"><a href=\"https:\/\/www.sacolombia.com\/portal\/wp-content\/uploads\/2020\/03\/Traduccio\u0301n-Essay-Diciembre-2018-elserviciocomoregalo.pdf\" target=\"_blank\" rel=\"noreferrer noopener\"><img loading=\"lazy\" decoding=\"async\" width=\"300\" height=\"450\" src=\"https:\/\/www.sacolombia.com\/portal\/wp-content\/uploads\/2020\/03\/diciembre2018.png\" alt=\"\" class=\"wp-image-948\" srcset=\"https:\/\/www.sacolombia.com\/portal\/wp-content\/uploads\/2020\/03\/diciembre2018.png 300w, https:\/\/www.sacolombia.com\/portal\/wp-content\/uploads\/2020\/03\/diciembre2018-200x300.png 200w\" sizes=\"auto, (max-width: 300px) 100vw, 300px\" \/><\/a><\/figure>\n\n\n\n<p class=\"has-text-align-center\"><strong><a href=\"https:\/\/www.sacolombia.com\/portal\/wp-content\/uploads\/2020\/03\/Traduccio\u0301n-Essay-Diciembre-2018-elserviciocomoregalo.pdf\" target=\"_blank\" rel=\"noreferrer noopener\">El servicio como un regalo<\/a><\/strong><\/p>\n<\/div>\n\n\n\n<div class=\"wp-block-column is-layout-flow wp-block-column-is-layout-flow\">\n<figure class=\"wp-block-image size-full is-style-rounded\"><a href=\"https:\/\/www.sacolombia.com\/portal\/wp-content\/uploads\/2020\/03\/Ensayo-febrero-2019-SobriedadyRelaciones.pdf\" target=\"_blank\" rel=\"noreferrer noopener\"><img loading=\"lazy\" decoding=\"async\" width=\"300\" height=\"450\" src=\"https:\/\/www.sacolombia.com\/portal\/wp-content\/uploads\/2020\/03\/febrero2019.png\" alt=\"\" class=\"wp-image-949\" srcset=\"https:\/\/www.sacolombia.com\/portal\/wp-content\/uploads\/2020\/03\/febrero2019.png 300w, https:\/\/www.sacolombia.com\/portal\/wp-content\/uploads\/2020\/03\/febrero2019-200x300.png 200w\" sizes=\"auto, (max-width: 300px) 100vw, 300px\" \/><\/a><\/figure>\n\n\n\n<p class=\"has-text-align-center\"><strong><a href=\"https:\/\/www.sacolombia.com\/portal\/wp-content\/uploads\/2020\/03\/Ensayo-febrero-2019-SobriedadyRelaciones.pdf\" target=\"_blank\" rel=\"noreferrer noopener\">Sobriedad y las relaciones<\/a><\/strong><\/p>\n<\/div>\n<\/div>\n\n\n\n<div class=\"wp-block-columns is-layout-flex wp-container-core-columns-is-layout-28f84493 wp-block-columns-is-layout-flex\">\n<div class=\"wp-block-column is-layout-flow wp-block-column-is-layout-flow\">\n<figure class=\"wp-block-image size-full is-style-rounded\"><a href=\"https:\/\/www.sacolombia.com\/portal\/wp-content\/uploads\/2020\/03\/Ensayo-mayo-de-2019-MenteAbierta.pdf\" target=\"_blank\" rel=\"noreferrer noopener\"><img loading=\"lazy\" decoding=\"async\" width=\"300\" height=\"450\" src=\"https:\/\/www.sacolombia.com\/portal\/wp-content\/uploads\/2020\/03\/mayo2019.png\" alt=\"\" class=\"wp-image-950\" srcset=\"https:\/\/www.sacolombia.com\/portal\/wp-content\/uploads\/2020\/03\/mayo2019.png 300w, https:\/\/www.sacolombia.com\/portal\/wp-content\/uploads\/2020\/03\/mayo2019-200x300.png 200w\" sizes=\"auto, (max-width: 300px) 100vw, 300px\" \/><\/a><\/figure>\n\n\n\n<p class=\"has-text-align-center\"><a href=\"https:\/\/www.sacolombia.com\/portal\/wp-content\/uploads\/2020\/03\/Ensayo-mayo-de-2019-MenteAbierta.pdf\" target=\"_blank\" rel=\"noreferrer noopener\"><strong>Mente abierta<\/strong><\/a><\/p>\n<\/div>\n\n\n\n<div class=\"wp-block-column is-layout-flow wp-block-column-is-layout-flow\">\n<figure class=\"wp-block-image size-full is-style-rounded\"><a href=\"https:\/\/www.sacolombia.com\/portal\/wp-content\/uploads\/2020\/03\/Essay-agosto-de-2019SAlos40anios.pdf\" target=\"_blank\" rel=\"noreferrer noopener\"><img loading=\"lazy\" decoding=\"async\" width=\"300\" height=\"450\" src=\"https:\/\/www.sacolombia.com\/portal\/wp-content\/uploads\/2020\/03\/agosto2019.png\" alt=\"\" class=\"wp-image-951\" srcset=\"https:\/\/www.sacolombia.com\/portal\/wp-content\/uploads\/2020\/03\/agosto2019.png 300w, https:\/\/www.sacolombia.com\/portal\/wp-content\/uploads\/2020\/03\/agosto2019-200x300.png 200w\" sizes=\"auto, (max-width: 300px) 100vw, 300px\" \/><\/a><\/figure>\n\n\n\n<p class=\"has-text-align-center\"><strong><a href=\"https:\/\/www.sacolombia.com\/portal\/wp-content\/uploads\/2020\/03\/Essay-agosto-de-2019SAlos40anios.pdf\" target=\"_blank\" rel=\"noreferrer noopener\">SA a los 40 a\u00f1os<\/a><\/strong><\/p>\n<\/div>\n\n\n\n<div class=\"wp-block-column is-layout-flow wp-block-column-is-layout-flow\">\n<figure class=\"wp-block-image size-full is-style-rounded\"><a href=\"https:\/\/www.sacolombia.com\/portal\/wp-content\/uploads\/2020\/03\/Essay-Octubre-de-2019-Libertadtraslasrejas.pdf\" target=\"_blank\" rel=\"noreferrer noopener\"><img loading=\"lazy\" decoding=\"async\" width=\"300\" height=\"450\" src=\"https:\/\/www.sacolombia.com\/portal\/wp-content\/uploads\/2020\/03\/octubre2019.png\" alt=\"\" class=\"wp-image-943\" srcset=\"https:\/\/www.sacolombia.com\/portal\/wp-content\/uploads\/2020\/03\/octubre2019.png 300w, https:\/\/www.sacolombia.com\/portal\/wp-content\/uploads\/2020\/03\/octubre2019-200x300.png 200w\" sizes=\"auto, (max-width: 300px) 100vw, 300px\" \/><\/a><\/figure>\n\n\n\n<p class=\"has-text-align-center\"><strong><a href=\"https:\/\/www.sacolombia.com\/portal\/wp-content\/uploads\/2020\/03\/Essay-Octubre-de-2019-Libertadtraslasrejas.pdf\" target=\"_blank\" rel=\"noreferrer noopener\">Libertad tras las rejas<\/a><\/strong><\/p>\n<\/div>\n<\/div>\n","protected":false},"excerpt":{"rendered":"<p>La mano de SA se extiende Anonimato Relacion\u00e1ndome con otros &#8211; Las doce tradiciones Humildad: Ser del tama\u00f1o adecuado El servicio como un regalo Sobriedad y las relaciones Mente abierta SA a los 40 a\u00f1os Libertad tras las rejas<\/p>\n","protected":false},"author":4,"featured_media":0,"parent":0,"menu_order":0,"comment_status":"closed","ping_status":"closed","template":"","meta":{"footnotes":""},"class_list":["post-930","page","type-page","status-publish","hentry"],"_links":{"self":[{"href":"https:\/\/www.sacolombia.com\/portal\/wp-json\/wp\/v2\/pages\/930","targetHints":{"allow":["GET"]}}],"collection":[{"href":"https:\/\/www.sacolombia.com\/portal\/wp-json\/wp\/v2\/pages"}],"about":[{"href":"https:\/\/www.sacolombia.com\/portal\/wp-json\/wp\/v2\/types\/page"}],"author":[{"embeddable":true,"href":"https:\/\/www.sacolombia.com\/portal\/wp-json\/wp\/v2\/users\/4"}],"replies":[{"embeddable":true,"href":"https:\/\/www.sacolombia.com\/portal\/wp-json\/wp\/v2\/comments?post=930"}],"version-history":[{"count":10,"href":"https:\/\/www.sacolombia.com\/portal\/wp-json\/wp\/v2\/pages\/930\/revisions"}],"predecessor-version":[{"id":1359,"href":"https:\/\/www.sacolombia.com\/portal\/wp-json\/wp\/v2\/pages\/930\/revisions\/1359"}],"wp:attachment":[{"href":"https:\/\/www.sacolombia.com\/portal\/wp-json\/wp\/v2\/media?parent=930"}],"curies":[{"name":"wp","href":"https:\/\/api.w.org\/{rel}","templated":true}]}}